{"id":102,"date":"2014-10-17T12:12:44","date_gmt":"2014-10-17T11:12:44","guid":{"rendered":"http:\/\/www.lesfeuillesvertes.com\/site\/?page_id=102"},"modified":"2016-05-19T12:10:25","modified_gmt":"2016-05-19T11:10:25","slug":"route-du-the","status":"publish","type":"page","link":"https:\/\/www.lesfeuillesvertes.com\/site\/route-du-the\/","title":{"rendered":"Route du th\u00e9"},"content":{"rendered":"<p><img decoding=\"async\" class=\"img-article\" src=\"http:\/\/www.lesfeuillesvertes.com\/site\/wp-content\/uploads\/2014\/10\/E-34-\u62c9\u8001\u706b4-300x201.jpg\" alt=\"Route du th\u00e9\" width=\"300\" height=\"auto\" \/>Sur la route du th\u00e9 chinois, nous sommes partis \u00e0 la recherche de notre passion, de rencontres humaines et de nouveaux producteurs m\u00e9connus dans le seul objectif de vous faire d\u00e9couvrir des th\u00e9s rares et prestigieux, issus de r\u00e9coltes in\u00e9dites. Parall\u00e8lement, nous esp\u00e9rons ainsi modestement contribuer \u00e0 la survie des petits producteurs terriens de th\u00e9 chinois.<\/p>\n<ul>\n<li><a href=\"\/site\/?page_id=1157\">Voyage du th\u00e9 2016<\/a><\/li>\n<li><a href=\"\/site\/?page_id=202\">Fu Ding Bai Cha<\/a> <\/li>\n<li><a href=\"\/site\/?page_id=200\">Bi Luo Chun<\/a> <\/li>\n<li><a href=\"\/site\/?page_id=198\">Feng Huang Dan Cong<\/a> <\/li>\n<li><a href=\"\/site\/?page_id=196\">Xi Hu Long Jing<\/a> <\/li>\n<li><a href=\"\/site\/?page_id=194\">Mo Gan Huang Ya1<\/a> <\/li>\n<li><a href=\"\/site\/?page_id=192\">Zi Sun Cha<\/a><\/li>\n<li><a href=\"\/site\/?page_id=181\">Bruxelles \u2013 Shanghai<\/a><\/li>\n<\/ul>\n","protected":false},"excerpt":{"rendered":"<p>Sur la route du th\u00e9 chinois, nous sommes partis \u00e0 la recherche de notre passion, de rencontres humaines et de nouveaux producteurs m\u00e9connus dans le seul objectif de vous faire d\u00e9couvrir des th\u00e9s rares et prestigieux, issus de r\u00e9coltes in\u00e9dites. Parall\u00e8lement, nous esp\u00e9rons ainsi modestement contribuer \u00e0 la survie des petits producteurs terriens de th\u00e9&#8230;<\/p>\n","protected":false},"author":1,"featured_media":0,"parent":0,"menu_order":0,"comment_status":"open","ping_status":"open","template":"templates\/fullwidth.php","meta":{"_acf_changed":false,"_mc_calendar":[],"footnotes":""},"class_list":["post-102","page","type-page","status-publish","hentry","page-entry","loop-entry clr"],"acf":[],"_links":{"self":[{"href":"https:\/\/www.lesfeuillesvertes.com\/site\/wp-json\/wp\/v2\/pages\/102","targetHints":{"allow":["GET"]}}],"collection":[{"href":"https:\/\/www.lesfeuillesvertes.com\/site\/wp-json\/wp\/v2\/pages"}],"about":[{"href":"https:\/\/www.lesfeuillesvertes.com\/site\/wp-json\/wp\/v2\/types\/page"}],"author":[{"embeddable":true,"href":"https:\/\/www.lesfeuillesvertes.com\/site\/wp-json\/wp\/v2\/users\/1"}],"replies":[{"embeddable":true,"href":"https:\/\/www.lesfeuillesvertes.com\/site\/wp-json\/wp\/v2\/comments?post=102"}],"version-history":[{"count":16,"href":"https:\/\/www.lesfeuillesvertes.com\/site\/wp-json\/wp\/v2\/pages\/102\/revisions"}],"predecessor-version":[{"id":1161,"href":"https:\/\/www.lesfeuillesvertes.com\/site\/wp-json\/wp\/v2\/pages\/102\/revisions\/1161"}],"wp:attachment":[{"href":"https:\/\/www.lesfeuillesvertes.com\/site\/wp-json\/wp\/v2\/media?parent=102"}],"curies":[{"name":"wp","href":"https:\/\/api.w.org\/{rel}","templated":true}]}}