{"id":1360,"date":"2017-07-07T15:31:23","date_gmt":"2017-07-07T14:31:23","guid":{"rendered":"http:\/\/www.lesfeuillesvertes.com\/site\/?page_id=1360"},"modified":"2017-07-11T08:14:02","modified_gmt":"2017-07-11T07:14:02","slug":"colloque-de-the-2017","status":"publish","type":"page","link":"https:\/\/www.lesfeuillesvertes.com\/site\/colloque-de-the-2017\/","title":{"rendered":"Colloque de th\u00e9 2017"},"content":{"rendered":"<p>Travaux estivaux aux quatre coins de Bruxelles, f\u00eate de la musique aux quatre coins de Bruxelles, 1\u00e8re \u00e9dition du BXL TOUR \u00e0 v\u00e9lo aux quatre coins de Bruxelles,&#8230; ce n&rsquo;\u00e9tait pas simple de nous rejoindre au Rouge-Clo\u00eetre ce dimanche 25 juin 2017 pour notre traditionnel colloque de \u00ab\u00a0rentr\u00e9e\u00a0\u00bb autour du th\u00e9 chinois. La bonne nouvelle c&rsquo;est que celles et ceux qui ont r\u00e9ussi \u00e0 arriver jusque-l\u00e0 ont profit\u00e9 d&rsquo;un dimanche ensoleill\u00e9, doux et calme. De quoi faire profiter pleinement les papilles de notre r\u00e9colte 2017. Merci \u00e0 toutes et tous de partager ces \u00ab\u00a0pures\u00a0\u00bb moments avec nous.<\/p>\n<div class=\"cycloneslider cycloneslider-template-thumbnails cycloneslider-width-responsive\" id=\"cycloneslider-colloque-2017-1\" style=\"max-width:960px\" ><div class=\"cycloneslider-slides cycle-slideshow\"\tdata-cycle-allow-wrap=\"true\" data-cycle-dynamic-height=\"off\" data-cycle-auto-height=\"960:600\" data-cycle-auto-height-easing=\"null\" data-cycle-auto-height-speed=\"250\" data-cycle-delay=\"0\" data-cycle-easing=\"\" data-cycle-fx=\"fade\" data-cycle-hide-non-active=\"true\" data-cycle-log=\"false\" data-cycle-next=\"#cycloneslider-colloque-2017-1 .cycloneslider-next\" data-cycle-pager=\"#cycloneslider-colloque-2017-1 .cycloneslider-pager\" data-cycle-pause-on-hover=\"true\" data-cycle-prev=\"#cycloneslider-colloque-2017-1 .cycloneslider-prev\" data-cycle-slides=\"&gt; div\" data-cycle-speed=\"1000\" data-cycle-swipe=\"1\" data-cycle-tile-count=\"7\" data-cycle-tile-delay=\"100\" data-cycle-tile-vertical=\"true\" data-cycle-timeout=\"4000\"\t> <div class=\"cycloneslider-slide cycloneslider-slide-image\" > <img decoding=\"async\" src=\"https:\/\/www.lesfeuillesvertes.com\/site\/wp-content\/uploads\/2017\/07\/001-960x600.jpg\" alt=\"\" title=\"\" \/> <\/div> <div class=\"cycloneslider-slide cycloneslider-slide-image\" > <img decoding=\"async\" src=\"https:\/\/www.lesfeuillesvertes.com\/site\/wp-content\/uploads\/2017\/07\/002-960x600.jpg\" alt=\"\" title=\"\" \/> <\/div> <div class=\"cycloneslider-slide cycloneslider-slide-image\" > <img decoding=\"async\" src=\"https:\/\/www.lesfeuillesvertes.com\/site\/wp-content\/uploads\/2017\/07\/003-960x600.jpg\" alt=\"\" title=\"\" \/> <\/div> <div class=\"cycloneslider-slide cycloneslider-slide-image\" > <img decoding=\"async\" src=\"https:\/\/www.lesfeuillesvertes.com\/site\/wp-content\/uploads\/2017\/07\/004-960x600.jpg\" alt=\"\" title=\"\" \/> <\/div> <div class=\"cycloneslider-slide cycloneslider-slide-image\" > <img decoding=\"async\" src=\"https:\/\/www.lesfeuillesvertes.com\/site\/wp-content\/uploads\/2017\/07\/006-960x600.jpg\" alt=\"\" title=\"\" \/> <\/div> <div class=\"cycloneslider-slide cycloneslider-slide-image\" > <img decoding=\"async\" src=\"https:\/\/www.lesfeuillesvertes.com\/site\/wp-content\/uploads\/2017\/07\/007-960x600.jpg\" alt=\"\" title=\"\" \/> <\/div> <div class=\"cycloneslider-slide cycloneslider-slide-image\" > <img decoding=\"async\" src=\"https:\/\/www.lesfeuillesvertes.com\/site\/wp-content\/uploads\/2017\/07\/008-960x600.jpg\" alt=\"\" title=\"\" \/> <\/div> <div class=\"cycloneslider-slide cycloneslider-slide-image\" > <img decoding=\"async\" src=\"https:\/\/www.lesfeuillesvertes.com\/site\/wp-content\/uploads\/2017\/07\/009-960x600.jpg\" alt=\"\" title=\"\" \/> <\/div> <div class=\"cycloneslider-slide cycloneslider-slide-image\" > <img decoding=\"async\" src=\"https:\/\/www.lesfeuillesvertes.com\/site\/wp-content\/uploads\/2017\/07\/010-960x600.jpg\" alt=\"\" title=\"\" \/> <\/div> <div class=\"cycloneslider-slide cycloneslider-slide-image\" > <img decoding=\"async\" src=\"https:\/\/www.lesfeuillesvertes.com\/site\/wp-content\/uploads\/2017\/07\/011-960x600.jpg\" alt=\"\" title=\"\" \/> <\/div> <div class=\"cycloneslider-slide cycloneslider-slide-image\" > <img decoding=\"async\" src=\"https:\/\/www.lesfeuillesvertes.com\/site\/wp-content\/uploads\/2017\/07\/012-960x600.jpg\" alt=\"\" title=\"\" \/> <\/div> <div class=\"cycloneslider-slide cycloneslider-slide-image\" > <img decoding=\"async\" src=\"https:\/\/www.lesfeuillesvertes.com\/site\/wp-content\/uploads\/2017\/07\/013-960x600.jpg\" alt=\"\" title=\"\" \/> <\/div> <div class=\"cycloneslider-slide cycloneslider-slide-image\" > <img decoding=\"async\" src=\"https:\/\/www.lesfeuillesvertes.com\/site\/wp-content\/uploads\/2017\/07\/014-960x600.jpg\" alt=\"\" title=\"\" \/> <\/div> <div class=\"cycloneslider-slide cycloneslider-slide-image\" > <img decoding=\"async\" src=\"https:\/\/www.lesfeuillesvertes.com\/site\/wp-content\/uploads\/2017\/07\/015-960x600.jpg\" alt=\"\" title=\"\" \/> <\/div> <div class=\"cycloneslider-slide cycloneslider-slide-image\" > <img decoding=\"async\" src=\"https:\/\/www.lesfeuillesvertes.com\/site\/wp-content\/uploads\/2017\/07\/016-960x600.jpg\" alt=\"\" title=\"\" \/> <\/div> <div class=\"cycloneslider-slide cycloneslider-slide-image\" > <img decoding=\"async\" src=\"https:\/\/www.lesfeuillesvertes.com\/site\/wp-content\/uploads\/2017\/07\/018-960x600.jpg\" alt=\"\" title=\"\" \/> <\/div> <div class=\"cycloneslider-slide cycloneslider-slide-image\" > <img decoding=\"async\" src=\"https:\/\/www.lesfeuillesvertes.com\/site\/wp-content\/uploads\/2017\/07\/019-960x600.jpg\" alt=\"\" title=\"\" \/> <\/div> <div class=\"cycloneslider-slide cycloneslider-slide-image\" > <img decoding=\"async\" src=\"https:\/\/www.lesfeuillesvertes.com\/site\/wp-content\/uploads\/2017\/07\/020-960x600.jpg\" alt=\"\" title=\"\" \/> <\/div> <div class=\"cycloneslider-slide cycloneslider-slide-image\" > <img decoding=\"async\" src=\"https:\/\/www.lesfeuillesvertes.com\/site\/wp-content\/uploads\/2017\/07\/021-960x600.jpg\" alt=\"\" title=\"\" \/> <\/div> <div class=\"cycloneslider-slide cycloneslider-slide-image\" > <img decoding=\"async\" src=\"https:\/\/www.lesfeuillesvertes.com\/site\/wp-content\/uploads\/2017\/07\/022-960x600.jpg\" alt=\"\" title=\"\" \/> <\/div> <div class=\"cycloneslider-slide cycloneslider-slide-image\" > <img decoding=\"async\" src=\"https:\/\/www.lesfeuillesvertes.com\/site\/wp-content\/uploads\/2017\/07\/023-960x600.jpg\" alt=\"\" title=\"\" \/> <\/div> <div class=\"cycloneslider-slide cycloneslider-slide-image\" > <img decoding=\"async\" src=\"https:\/\/www.lesfeuillesvertes.com\/site\/wp-content\/uploads\/2017\/07\/024-960x600.jpg\" alt=\"\" title=\"\" \/> <\/div> <div class=\"cycloneslider-slide cycloneslider-slide-image\" > <img decoding=\"async\" src=\"https:\/\/www.lesfeuillesvertes.com\/site\/wp-content\/uploads\/2017\/07\/025-960x600.jpg\" alt=\"\" title=\"\" \/> <\/div> <div class=\"cycloneslider-slide cycloneslider-slide-image\" > <img decoding=\"async\" src=\"https:\/\/www.lesfeuillesvertes.com\/site\/wp-content\/uploads\/2017\/07\/026-960x600.jpg\" alt=\"\" title=\"\" \/> <\/div> <div class=\"cycloneslider-slide cycloneslider-slide-image\" > <img decoding=\"async\" src=\"https:\/\/www.lesfeuillesvertes.com\/site\/wp-content\/uploads\/2017\/07\/027-960x600.jpg\" alt=\"\" title=\"\" \/> <\/div> <\/div><div class=\"cycloneslider-prev\"><\/div><div class=\"cycloneslider-next\"><\/div><\/div><div id=\"cycloneslider-colloque-2017-1-pager\" class=\"cycloneslider-template-thumbnails cycloneslider-thumbnails\"\tstyle=\"max-width:960px\" ><ul class=\"clearfix\"> <li><img loading=\"lazy\" decoding=\"async\" src=\"https:\/\/www.lesfeuillesvertes.com\/site\/wp-content\/uploads\/2017\/07\/001-40x40.jpg\" width=\"40\" height=\"40\" alt=\"\" title=\"\" \/><\/li> <li><img loading=\"lazy\" decoding=\"async\" src=\"https:\/\/www.lesfeuillesvertes.com\/site\/wp-content\/uploads\/2017\/07\/002-40x40.jpg\" width=\"40\" height=\"40\" alt=\"\" title=\"\" \/><\/li> <li><img loading=\"lazy\" decoding=\"async\" src=\"https:\/\/www.lesfeuillesvertes.com\/site\/wp-content\/uploads\/2017\/07\/003-40x40.jpg\" width=\"40\" height=\"40\" alt=\"\" title=\"\" \/><\/li> <li><img loading=\"lazy\" decoding=\"async\" src=\"https:\/\/www.lesfeuillesvertes.com\/site\/wp-content\/uploads\/2017\/07\/004-40x40.jpg\" width=\"40\" height=\"40\" alt=\"\" title=\"\" \/><\/li> <li><img loading=\"lazy\" decoding=\"async\" src=\"https:\/\/www.lesfeuillesvertes.com\/site\/wp-content\/uploads\/2017\/07\/006-40x40.jpg\" width=\"40\" height=\"40\" alt=\"\" title=\"\" \/><\/li> <li><img loading=\"lazy\" decoding=\"async\" src=\"https:\/\/www.lesfeuillesvertes.com\/site\/wp-content\/uploads\/2017\/07\/007-40x40.jpg\" width=\"40\" height=\"40\" alt=\"\" title=\"\" \/><\/li> <li><img loading=\"lazy\" decoding=\"async\" src=\"https:\/\/www.lesfeuillesvertes.com\/site\/wp-content\/uploads\/2017\/07\/008-40x40.jpg\" width=\"40\" height=\"40\" alt=\"\" title=\"\" \/><\/li> <li><img loading=\"lazy\" decoding=\"async\" src=\"https:\/\/www.lesfeuillesvertes.com\/site\/wp-content\/uploads\/2017\/07\/009-40x40.jpg\" width=\"40\" height=\"40\" alt=\"\" title=\"\" \/><\/li> <li><img loading=\"lazy\" decoding=\"async\" src=\"https:\/\/www.lesfeuillesvertes.com\/site\/wp-content\/uploads\/2017\/07\/010-40x40.jpg\" width=\"40\" height=\"40\" alt=\"\" title=\"\" \/><\/li> <li><img loading=\"lazy\" decoding=\"async\" src=\"https:\/\/www.lesfeuillesvertes.com\/site\/wp-content\/uploads\/2017\/07\/011-40x40.jpg\" width=\"40\" height=\"40\" alt=\"\" title=\"\" \/><\/li> <li><img loading=\"lazy\" decoding=\"async\" src=\"https:\/\/www.lesfeuillesvertes.com\/site\/wp-content\/uploads\/2017\/07\/012-40x40.jpg\" width=\"40\" height=\"40\" alt=\"\" title=\"\" \/><\/li> <li><img loading=\"lazy\" decoding=\"async\" src=\"https:\/\/www.lesfeuillesvertes.com\/site\/wp-content\/uploads\/2017\/07\/013-40x40.jpg\" width=\"40\" height=\"40\" alt=\"\" title=\"\" \/><\/li> <li><img loading=\"lazy\" decoding=\"async\" src=\"https:\/\/www.lesfeuillesvertes.com\/site\/wp-content\/uploads\/2017\/07\/014-40x40.jpg\" width=\"40\" height=\"40\" alt=\"\" title=\"\" \/><\/li> <li><img loading=\"lazy\" decoding=\"async\" src=\"https:\/\/www.lesfeuillesvertes.com\/site\/wp-content\/uploads\/2017\/07\/015-40x40.jpg\" width=\"40\" height=\"40\" alt=\"\" title=\"\" \/><\/li> <li><img loading=\"lazy\" decoding=\"async\" src=\"https:\/\/www.lesfeuillesvertes.com\/site\/wp-content\/uploads\/2017\/07\/016-40x40.jpg\" width=\"40\" height=\"40\" alt=\"\" title=\"\" \/><\/li> <li><img loading=\"lazy\" decoding=\"async\" src=\"https:\/\/www.lesfeuillesvertes.com\/site\/wp-content\/uploads\/2017\/07\/018-40x40.jpg\" width=\"40\" height=\"40\" alt=\"\" title=\"\" \/><\/li> <li><img loading=\"lazy\" decoding=\"async\" src=\"https:\/\/www.lesfeuillesvertes.com\/site\/wp-content\/uploads\/2017\/07\/019-40x40.jpg\" width=\"40\" height=\"40\" alt=\"\" title=\"\" \/><\/li> <li><img loading=\"lazy\" decoding=\"async\" src=\"https:\/\/www.lesfeuillesvertes.com\/site\/wp-content\/uploads\/2017\/07\/020-40x40.jpg\" width=\"40\" height=\"40\" alt=\"\" title=\"\" \/><\/li> <li><img loading=\"lazy\" decoding=\"async\" src=\"https:\/\/www.lesfeuillesvertes.com\/site\/wp-content\/uploads\/2017\/07\/021-40x40.jpg\" width=\"40\" height=\"40\" alt=\"\" title=\"\" \/><\/li> <li><img loading=\"lazy\" decoding=\"async\" src=\"https:\/\/www.lesfeuillesvertes.com\/site\/wp-content\/uploads\/2017\/07\/022-40x40.jpg\" width=\"40\" height=\"40\" alt=\"\" title=\"\" \/><\/li> <li><img loading=\"lazy\" decoding=\"async\" src=\"https:\/\/www.lesfeuillesvertes.com\/site\/wp-content\/uploads\/2017\/07\/023-40x40.jpg\" width=\"40\" height=\"40\" alt=\"\" title=\"\" \/><\/li> <li><img loading=\"lazy\" decoding=\"async\" src=\"https:\/\/www.lesfeuillesvertes.com\/site\/wp-content\/uploads\/2017\/07\/024-40x40.jpg\" width=\"40\" height=\"40\" alt=\"\" title=\"\" \/><\/li> <li><img loading=\"lazy\" decoding=\"async\" src=\"https:\/\/www.lesfeuillesvertes.com\/site\/wp-content\/uploads\/2017\/07\/025-40x40.jpg\" width=\"40\" height=\"40\" alt=\"\" title=\"\" \/><\/li> <li><img loading=\"lazy\" decoding=\"async\" src=\"https:\/\/www.lesfeuillesvertes.com\/site\/wp-content\/uploads\/2017\/07\/026-40x40.jpg\" width=\"40\" height=\"40\" alt=\"\" title=\"\" \/><\/li> <li><img loading=\"lazy\" decoding=\"async\" src=\"https:\/\/www.lesfeuillesvertes.com\/site\/wp-content\/uploads\/2017\/07\/027-40x40.jpg\" width=\"40\" height=\"40\" alt=\"\" title=\"\" \/><\/li> <\/ul><\/div>\n","protected":false},"excerpt":{"rendered":"<p>Travaux estivaux aux quatre coins de Bruxelles, f\u00eate de la musique aux quatre coins de Bruxelles, 1\u00e8re \u00e9dition du BXL TOUR \u00e0 v\u00e9lo aux quatre coins de Bruxelles,&#8230; ce n&rsquo;\u00e9tait pas simple de nous rejoindre au Rouge-Clo\u00eetre ce dimanche 25 juin 2017 pour notre traditionnel colloque de \u00ab\u00a0rentr\u00e9e\u00a0\u00bb autour du th\u00e9 chinois. La bonne nouvelle&#8230;<\/p>\n","protected":false},"author":1,"featured_media":0,"parent":0,"menu_order":0,"comment_status":"closed","ping_status":"closed","template":"templates\/fullwidth.php","meta":{"_acf_changed":false,"_mc_calendar":[],"footnotes":""},"class_list":["post-1360","page","type-page","status-publish","hentry","page-entry","loop-entry clr"],"acf":[],"_links":{"self":[{"href":"https:\/\/www.lesfeuillesvertes.com\/site\/wp-json\/wp\/v2\/pages\/1360","targetHints":{"allow":["GET"]}}],"collection":[{"href":"https:\/\/www.lesfeuillesvertes.com\/site\/wp-json\/wp\/v2\/pages"}],"about":[{"href":"https:\/\/www.lesfeuillesvertes.com\/site\/wp-json\/wp\/v2\/types\/page"}],"author":[{"embeddable":true,"href":"https:\/\/www.lesfeuillesvertes.com\/site\/wp-json\/wp\/v2\/users\/1"}],"replies":[{"embeddable":true,"href":"https:\/\/www.lesfeuillesvertes.com\/site\/wp-json\/wp\/v2\/comments?post=1360"}],"version-history":[{"count":4,"href":"https:\/\/www.lesfeuillesvertes.com\/site\/wp-json\/wp\/v2\/pages\/1360\/revisions"}],"predecessor-version":[{"id":1365,"href":"https:\/\/www.lesfeuillesvertes.com\/site\/wp-json\/wp\/v2\/pages\/1360\/revisions\/1365"}],"wp:attachment":[{"href":"https:\/\/www.lesfeuillesvertes.com\/site\/wp-json\/wp\/v2\/media?parent=1360"}],"curies":[{"name":"wp","href":"https:\/\/api.w.org\/{rel}","templated":true}]}}