{"id":1367,"date":"2017-09-04T15:26:20","date_gmt":"2017-09-04T14:26:20","guid":{"rendered":"http:\/\/www.lesfeuillesvertes.com\/site\/?page_id=1367"},"modified":"2018-01-12T16:22:18","modified_gmt":"2018-01-12T15:22:18","slug":"calendrier-2017-2018","status":"publish","type":"page","link":"https:\/\/www.lesfeuillesvertes.com\/site\/calendrier-2017-2018\/","title":{"rendered":"Calendrier 2017 \u2013 2018"},"content":{"rendered":"<p>Tous nos ateliers et nos \u00e9v\u00e9nements de septembre 2017 \u00e0 juin 2018 :<\/p>\n<div class=\"calendrier\">\n<table border=\"0\" width=\"100%\" align=\"center\">\n<tbody>\n<tr>\n<td class=\"week\" width=\"50%\"><strong><a style=\"color: #ff6633;\" href=\"http:\/\/www.lesfeuillesvertes.com\/site\/?portfolio_category=ateliers\">NOS ATELIERS<\/a><\/strong><\/td>\n<td class=\"week\" width=\"22%\">Date<\/td>\n<td class=\"week\" width=\"14%\">Horaire<\/td>\n<td class=\"week\" width=\"14%\">Tarif\/per<\/td>\n<\/tr>\n<tr>\n<td><a href=\"?portfolio=degustation-a-louvain-la-neuve\" target=\"_blank\" rel=\"noopener\">Nos coups de c\u0153ur<\/a><\/td>\n<td>24\/09\/2017<\/td>\n<td>15h-18h<\/td>\n<td>30\u20ac<\/td>\n<\/tr>\n<tr>\n<td><a href=\"?portfolio=pu-er-les-feuilles-vertes\" target=\"_blank\" rel=\"noopener\">Pu Er \u00ab\u00a0Les Feuilles Vertes\u00a0\u00bb<\/a><\/td>\n<td>26\/11\/2017<\/td>\n<td>15h-18h<\/td>\n<td>30\u20ac<\/td>\n<\/tr>\n<tr>\n<td><a href=\"?portfolio=6-familles-de-the-chinois-et-leur-preparation\" target=\"_blank\" rel=\"noopener\">6 familles de th\u00e9 chinois et leur pr\u00e9paration<\/a><\/td>\n<td>09\/12\/2017 &amp;\u00a010\/12\/2017<br \/>\n11\/03\/2018 &amp; 18\/03\/2018<br \/>\n27\/05\/2018 &amp; 03\/06\/2018<\/td>\n<td>15h-18h<\/td>\n<td>30\u20ac ou<br \/>\n50\u20ac pour 2 jours<\/td>\n<\/tr>\n<tr>\n<td><a href=\"?portfolio=wulongoolong-feng-huang-dan-cong\" target=\"_blank\" rel=\"noopener\">Th\u00e9 Wulong(Oolong) de Chine<\/a><\/td>\n<td>21\/01\/2018<\/td>\n<td>15h-18h<\/td>\n<td>30\u20ac<\/td>\n<\/tr>\n<tr>\n<td><a href=\"?portfolio=thes-oublies\" target=\"_blank\" rel=\"noopener\">Th\u00e9s rouges ou Black tea<\/a><\/td>\n<td>18\/02\/2018<\/td>\n<td>15h-18h<\/td>\n<td>30\u20ac<\/td>\n<\/tr>\n<tr>\n<td height=\"40\"><\/td>\n<td><\/td>\n<td><\/td>\n<td><\/td>\n<\/tr>\n<tr>\n<td class=\"week\"><strong><a style=\"color: #ff6633;\" href=\"?portfolio_category=evenements\">NOS EVENEMENTS<\/a><\/strong><\/td>\n<td class=\"week\">Date<\/td>\n<td class=\"week\">Horaire<\/td>\n<td class=\"week\">Tarif\/per<\/td>\n<\/tr>\n<tr>\n<td><a href=\"?portfolio=journees-portes-ouvertes-les-feuilles-vertes\" target=\"_blank\" rel=\"noopener\">Joun\u00e9e porte ouverte \u00ab\u00a0Les Feuilles Vertes\u00a0\u00bb<\/a><\/td>\n<td>17\/09\/2017, 19\/11\/2017, 17\/12\/2017, 14\/01\/2018, 14\/01\/2018, 25\/02\/2018<\/td>\n<td>13h -18h<\/td>\n<td>gratuit<\/td>\n<\/tr>\n<tr>\n<td><a href=\"?portfolio=colloque-sur-le-the-en-plein-air\" target=\"_blank\" rel=\"noopener\">Colloque sur le th\u00e9 en plein air<\/a><\/td>\n<td>06\/2018 (date \u00e0 d\u00e9finir)<\/td>\n<td>14h<\/td>\n<td>gratuit<\/td>\n<\/tr>\n<tr>\n<td><a href=\"?portfolio=degustation-a-domicile\" target=\"_blank\" rel=\"noopener\">D\u00e9gustation \u00e0 domicile<\/a><\/td>\n<td>sur r\u00e9servation<\/td>\n<td><\/td>\n<td><\/td>\n<\/tr>\n<tr>\n<td><a href=\"?portfolio=degustation-en-entreprises\" target=\"_blank\" rel=\"noopener\">D\u00e9gustation en entreprises<\/a><\/td>\n<td>sur r\u00e9servation<\/td>\n<td><\/td>\n<td><\/td>\n<\/tr>\n<\/tbody>\n<\/table>\n<\/div>\n<div class=\"calendrier\">\n<table width=\"100%\">\n<tbody>\n<tr>\n<td class=\"mois\" colspan=\"7\"><strong>SEPTEMBRE 2017<\/strong><\/td>\n<\/tr>\n<tr>\n<td class=\"week\" width=\"14%\">Lu<\/td>\n<td class=\"week\" width=\"14%\">Ma<\/td>\n<td class=\"week\" width=\"14%\">Me<\/td>\n<td class=\"week\" width=\"14%\">Je<\/td>\n<td class=\"week\" width=\"14%\">Ve<\/td>\n<td class=\"week\" width=\"15%\">Sa<\/td>\n<td class=\"week\" width=\"15%\">Di<\/td>\n<\/tr>\n<tr>\n<td><\/td>\n<td><\/td>\n<td><\/td>\n<td><\/td>\n<td>1<\/td>\n<td>2<\/td>\n<td>3<\/td>\n<\/tr>\n<tr>\n<td>4<\/td>\n<td>5<\/td>\n<td>6<\/td>\n<td>7<\/td>\n<td>8<\/td>\n<td>9<\/td>\n<td>10<\/td>\n<\/tr>\n<tr>\n<td>11<\/td>\n<td>12<\/td>\n<td>13<\/td>\n<td>14<\/td>\n<td>15<\/td>\n<td>16<\/td>\n<td><a class=\"booked\" href=\"?portfolio=journees-portes-ouvertes-les-feuilles-vertes\" target=\"_blank\" rel=\"noopener\">17<\/a><\/td>\n<\/tr>\n<tr>\n<td>18<\/td>\n<td>19<\/td>\n<td>20<\/td>\n<td>21<\/td>\n<td>22<\/td>\n<td>23<\/td>\n<td><a class=\"booked\" href=\"?portfolio=nos-coups-de-coeur\" target=\"_blank\" rel=\"noopener\">24<\/a><\/td>\n<\/tr>\n<tr>\n<td>25<\/td>\n<td>26<\/td>\n<td>27<\/td>\n<td>28<\/td>\n<td>29<\/td>\n<td>30<\/td>\n<td><\/td>\n<\/tr>\n<\/tbody>\n<\/table>\n<p>&nbsp;<\/p>\n<table width=\"100%\">\n<tbody>\n<tr>\n<td class=\"mois\" colspan=\"7\"><strong>OCTOBRE 2017<\/strong><\/td>\n<\/tr>\n<tr>\n<td class=\"week\" width=\"14%\">Lu<\/td>\n<td class=\"week\" width=\"14%\">Ma<\/td>\n<td class=\"week\" width=\"14%\">Me<\/td>\n<td class=\"week\" width=\"14%\">Je<\/td>\n<td class=\"week\" width=\"14%\">Ve<\/td>\n<td class=\"week\" width=\"15%\">Sa<\/td>\n<td class=\"week\" width=\"15%\">Di<\/td>\n<\/tr>\n<tr>\n<td><\/td>\n<td><\/td>\n<td><\/td>\n<td><\/td>\n<td><\/td>\n<td><\/td>\n<td>1<\/td>\n<\/tr>\n<tr>\n<td>2<\/td>\n<td>3<\/td>\n<td>4<\/td>\n<td>5<\/td>\n<td>6<\/td>\n<td>7<\/td>\n<td>8<\/td>\n<\/tr>\n<tr>\n<td>9<\/td>\n<td>10<\/td>\n<td>11<\/td>\n<td>12<\/td>\n<td>13<\/td>\n<td>14<\/td>\n<td>15<\/td>\n<\/tr>\n<tr>\n<td>16<\/td>\n<td>17<\/td>\n<td>18<\/td>\n<td>19<\/td>\n<td>20<\/td>\n<td>21<\/td>\n<td>22<\/td>\n<\/tr>\n<tr>\n<td>23<\/td>\n<td>24<\/td>\n<td>25<\/td>\n<td>26<\/td>\n<td>27<\/td>\n<td>28<\/td>\n<td>29<\/td>\n<\/tr>\n<tr>\n<td>30<\/td>\n<td>31<\/td>\n<td><\/td>\n<td><\/td>\n<td><\/td>\n<td><\/td>\n<td><\/td>\n<\/tr>\n<\/tbody>\n<\/table>\n<p>&nbsp;<\/p>\n<table width=\"100%\">\n<tbody>\n<tr>\n<td class=\"mois\" colspan=\"7\"><strong>NOVEMBRE 2017<\/strong><\/td>\n<\/tr>\n<tr>\n<td class=\"week\" width=\"14%\">Lu<\/td>\n<td class=\"week\" width=\"14%\">Ma<\/td>\n<td class=\"week\" width=\"14%\">Me<\/td>\n<td class=\"week\" width=\"14%\">Je<\/td>\n<td class=\"week\" width=\"14%\">Ve<\/td>\n<td class=\"week\" width=\"15%\">Sa<\/td>\n<td class=\"week\" width=\"15%\">Di<\/td>\n<\/tr>\n<tr>\n<td><\/td>\n<td><\/td>\n<td>1<\/td>\n<td>2<\/td>\n<td>3<\/td>\n<td>4<\/td>\n<td>5<\/td>\n<\/tr>\n<tr>\n<td>6<\/td>\n<td>7<\/td>\n<td>8<\/td>\n<td>9<\/td>\n<td>10<\/td>\n<td>11<\/td>\n<td>12<\/td>\n<\/tr>\n<tr>\n<td>13<\/td>\n<td>14<\/td>\n<td>15<\/td>\n<td>16<\/td>\n<td>17<\/td>\n<td>18<\/td>\n<td><a class=\"booked\" href=\"?portfolio=journees-portes-ouvertes-les-feuilles-vertes\" target=\"_blank\" rel=\"noopener\">19<\/a><\/td>\n<\/tr>\n<tr>\n<td>20<\/td>\n<td>21<\/td>\n<td>22<\/td>\n<td>23<\/td>\n<td>24<\/td>\n<td>25<\/td>\n<td><a class=\"booked\" href=\"?portfolio=pu-er-les-feuilles-vertes\" target=\"_blank\" rel=\"noopener\">26<\/a><\/td>\n<\/tr>\n<tr>\n<td>27<\/td>\n<td>28<\/td>\n<td>29<\/td>\n<td>30<\/td>\n<td><\/td>\n<td><\/td>\n<td><\/td>\n<\/tr>\n<\/tbody>\n<\/table>\n<p>&nbsp;<\/p>\n<table width=\"100%\">\n<tbody>\n<tr>\n<td class=\"mois\" colspan=\"7\"><strong>DECEMBRE 2017<\/strong><\/td>\n<\/tr>\n<tr>\n<td class=\"week\" width=\"14%\">Lu<\/td>\n<td class=\"week\" width=\"14%\">Ma<\/td>\n<td class=\"week\" width=\"14%\">Me<\/td>\n<td class=\"week\" width=\"14%\">Je<\/td>\n<td class=\"week\" width=\"14%\">Ve<\/td>\n<td class=\"week\" width=\"15%\">Sa<\/td>\n<td class=\"week\" width=\"15%\">Di<\/td>\n<\/tr>\n<tr>\n<td><\/td>\n<td><\/td>\n<td><\/td>\n<td><\/td>\n<td>1<\/td>\n<td>2<\/td>\n<td>3<\/td>\n<\/tr>\n<tr>\n<td>4<\/td>\n<td>5<\/td>\n<td>6<\/td>\n<td>7<\/td>\n<td>8<\/td>\n<td><a class=\"booked\" href=\"?portfolio=6-familles-de-the-chinois-et-leur-preparation\" target=\"_blank\" rel=\"noopener\">9<\/a><\/td>\n<td><a class=\"booked\" href=\"?portfolio=6-familles-de-the-chinois-et-leur-preparation\" target=\"_blank\" rel=\"noopener\">10<\/a><\/td>\n<\/tr>\n<tr>\n<td>11<\/td>\n<td>12<\/td>\n<td>13<\/td>\n<td>14<\/td>\n<td>15<\/td>\n<td>16<\/td>\n<td><a class=\"booked\" href=\"?portfolio=journees-portes-ouvertes-les-feuilles-vertes\" target=\"_blank\" rel=\"noopener\">17<\/a><\/td>\n<\/tr>\n<tr>\n<td>18<\/td>\n<td>19<\/td>\n<td>20<\/td>\n<td>21<\/td>\n<td>22<\/td>\n<td>23<\/td>\n<td>24<\/td>\n<\/tr>\n<tr>\n<td>25<\/td>\n<td>26<\/td>\n<td>27<\/td>\n<td>28<\/td>\n<td>29<\/td>\n<td>30<\/td>\n<td>31<\/td>\n<\/tr>\n<\/tbody>\n<\/table>\n<p>&nbsp;<\/p>\n<table width=\"100%\">\n<tbody>\n<tr>\n<td class=\"mois\" colspan=\"7\"><strong>JANVIER 2018<\/strong><\/td>\n<\/tr>\n<tr>\n<td class=\"week\" width=\"14%\">Lu<\/td>\n<td class=\"week\" width=\"14%\">Ma<\/td>\n<td class=\"week\" width=\"14%\">Me<\/td>\n<td class=\"week\" width=\"14%\">Je<\/td>\n<td class=\"week\" width=\"14%\">Ve<\/td>\n<td class=\"week\" width=\"15%\">Sa<\/td>\n<td class=\"week\" width=\"15%\">Di<\/td>\n<\/tr>\n<tr>\n<td>1<\/td>\n<td>2<\/td>\n<td>3<\/td>\n<td>4<\/td>\n<td>5<\/td>\n<td>6<\/td>\n<td>7<\/td>\n<\/tr>\n<tr>\n<td>8<\/td>\n<td>9<\/td>\n<td>10<\/td>\n<td>11<\/td>\n<td>12<\/td>\n<td>13<\/td>\n<td><a class=\"booked\" href=\"?portfolio=journees-portes-ouvertes-les-feuilles-vertes\" target=\"_blank\" rel=\"noopener\">14<\/a><\/td>\n<\/tr>\n<tr>\n<td>15<\/td>\n<td>16<\/td>\n<td>17<\/td>\n<td>18<\/td>\n<td>19<\/td>\n<td>20<\/td>\n<td><a class=\"booked\" href=\"?portfolio=thes-wulongs-de-chine\" target=\"_blank\" rel=\"noopener\">21<\/a><\/td>\n<\/tr>\n<tr>\n<td>22<\/td>\n<td>23<\/td>\n<td>24<\/td>\n<td>25<\/td>\n<td>26<\/td>\n<td>27<\/td>\n<td>28<\/td>\n<\/tr>\n<tr>\n<td>29<\/td>\n<td>30<\/td>\n<td>31<\/td>\n<td><\/td>\n<td><\/td>\n<td><\/td>\n<td><\/td>\n<\/tr>\n<\/tbody>\n<\/table>\n<p>&nbsp;<\/p>\n<table width=\"100%\">\n<tbody>\n<tr>\n<td class=\"mois\" colspan=\"7\"><strong>FEVRIER 2018<\/strong><\/td>\n<\/tr>\n<tr>\n<td class=\"week\" width=\"14%\">Lu<\/td>\n<td class=\"week\" width=\"14%\">Ma<\/td>\n<td class=\"week\" width=\"14%\">Me<\/td>\n<td class=\"week\" width=\"14%\">Je<\/td>\n<td class=\"week\" width=\"14%\">Ve<\/td>\n<td class=\"week\" width=\"15%\">Sa<\/td>\n<td class=\"week\" width=\"15%\">Di<\/td>\n<\/tr>\n<tr>\n<td><\/td>\n<td><\/td>\n<td><\/td>\n<td>1<\/td>\n<td>2<\/td>\n<td>3<\/td>\n<td>4<\/td>\n<\/tr>\n<tr>\n<td>5<\/td>\n<td>6<\/td>\n<td>7<\/td>\n<td>8<\/td>\n<td>9<\/td>\n<td>10<\/td>\n<td>11<\/td>\n<\/tr>\n<tr>\n<td>12<\/td>\n<td>13<\/td>\n<td>14<\/td>\n<td>15<\/td>\n<td>16<\/td>\n<td>17<\/td>\n<td><a class=\"booked\" href=\"?portfolio=thes-rouges-ou-black-tea\" target=\"_blank\" rel=\"noopener\">18<\/a><\/td>\n<\/tr>\n<tr>\n<td>19<\/td>\n<td>20<\/td>\n<td>21<\/td>\n<td>22<\/td>\n<td>23<\/td>\n<td>24<\/td>\n<td><a class=\"booked\" href=\"?portfolio=journees-portes-ouvertes-les-feuilles-vertes\" target=\"_blank\" rel=\"noopener\">25<\/a><\/td>\n<\/tr>\n<tr>\n<td>26<\/td>\n<td>27<\/td>\n<td>28<\/td>\n<td><\/td>\n<td><\/td>\n<td><\/td>\n<td><\/td>\n<\/tr>\n<\/tbody>\n<\/table>\n<p><a href=\"http:\/\/www.lesfeuillesvertes.com\/site\/wp-content\/uploads\/2017\/09\/Calendrier-2017\u20132018.pdf\" target=\"_blank\" rel=\"noopener\">T\u00e9l\u00e9charger le calendrier en pdf<\/a><\/p>\n<p>&nbsp;<\/p>\n<\/div>\n","protected":false},"excerpt":{"rendered":"<p>Tous nos ateliers et nos \u00e9v\u00e9nements de septembre 2017 \u00e0 juin 2018 : NOS ATELIERS Date Horaire Tarif\/per Nos coups de c\u0153ur 24\/09\/2017 15h-18h 30\u20ac Pu Er \u00ab\u00a0Les Feuilles Vertes\u00a0\u00bb 26\/11\/2017 15h-18h 30\u20ac 6 familles de th\u00e9 chinois et leur pr\u00e9paration 09\/12\/2017 &amp;\u00a010\/12\/2017 11\/03\/2018 &amp; 18\/03\/2018 27\/05\/2018 &amp; 03\/06\/2018 15h-18h 30\u20ac ou 50\u20ac pour 2&#8230;<\/p>\n","protected":false},"author":1,"featured_media":0,"parent":0,"menu_order":0,"comment_status":"closed","ping_status":"closed","template":"","meta":{"_acf_changed":false,"_mc_calendar":[],"footnotes":""},"class_list":["post-1367","page","type-page","status-publish","hentry","page-entry","loop-entry clr"],"acf":[],"_links":{"self":[{"href":"https:\/\/www.lesfeuillesvertes.com\/site\/wp-json\/wp\/v2\/pages\/1367","targetHints":{"allow":["GET"]}}],"collection":[{"href":"https:\/\/www.lesfeuillesvertes.com\/site\/wp-json\/wp\/v2\/pages"}],"about":[{"href":"https:\/\/www.lesfeuillesvertes.com\/site\/wp-json\/wp\/v2\/types\/page"}],"author":[{"embeddable":true,"href":"https:\/\/www.lesfeuillesvertes.com\/site\/wp-json\/wp\/v2\/users\/1"}],"replies":[{"embeddable":true,"href":"https:\/\/www.lesfeuillesvertes.com\/site\/wp-json\/wp\/v2\/comments?post=1367"}],"version-history":[{"count":20,"href":"https:\/\/www.lesfeuillesvertes.com\/site\/wp-json\/wp\/v2\/pages\/1367\/revisions"}],"predecessor-version":[{"id":1451,"href":"https:\/\/www.lesfeuillesvertes.com\/site\/wp-json\/wp\/v2\/pages\/1367\/revisions\/1451"}],"wp:attachment":[{"href":"https:\/\/www.lesfeuillesvertes.com\/site\/wp-json\/wp\/v2\/media?parent=1367"}],"curies":[{"name":"wp","href":"https:\/\/api.w.org\/{rel}","templated":true}]}}