{"id":1522,"date":"2018-07-01T13:49:55","date_gmt":"2018-07-01T12:49:55","guid":{"rendered":"http:\/\/www.lesfeuillesvertes.com\/site\/?page_id=1522"},"modified":"2019-05-06T14:44:25","modified_gmt":"2019-05-06T13:44:25","slug":"colloque-de-the-2018","status":"publish","type":"page","link":"https:\/\/www.lesfeuillesvertes.com\/site\/colloque-de-the-2018\/","title":{"rendered":"F\u00eate du th\u00e9 au Rouge-Clo\u00eetre 2018"},"content":{"rendered":"<p>Cette ann\u00e9e encore, le cadre bucolique du Rouge-Clo\u00eetre et sa charmante \u00e9quipe nous ont permis de nous en donner \u00e0 coeur joie&#8230;<\/p>\n<p>Quel plaisir de partager avec vous nos d\u00e9couvertes printani\u00e8res, d&rsquo;entendre vos impressions et d&rsquo;introduire une nouvelle formule \u00ab\u00a0take away\u00a0\u00bb de #th\u00e9s garantis sans pesticides (preuves a l&rsquo;appui!).<\/p>\n<p>Un grand merci \u00e0 l&rsquo;\u00e9quipe du Rouge-Clo\u00eetre et \u00e0 tous les visiteurs et participants qui ont contribu\u00e9 \u00e0 la simplicit\u00e9 et \u00e0 la bonne humeur de notre f\u00eate du th\u00e9! Et merci aussi \u00e0 Sabine Cmelniski et \u00e0 Thomas Cordyhomas pour leur aide pr\u00e9cieuse.<\/p>\n<p>Vivement l&rsquo;ann\u00e9e prochaine !<\/p>\n\n<div class=\"cycloneslider cycloneslider-template-thumbnails cycloneslider-width-responsive\" id=\"cycloneslider-colloque-2018-1\" style=\"max-width:960px\" ><div class=\"cycloneslider-slides cycle-slideshow\"\tdata-cycle-allow-wrap=\"true\" data-cycle-dynamic-height=\"off\" data-cycle-auto-height=\"960:600\" data-cycle-auto-height-easing=\"null\" data-cycle-auto-height-speed=\"250\" data-cycle-delay=\"0\" data-cycle-easing=\"\" data-cycle-fx=\"fade\" data-cycle-hide-non-active=\"true\" data-cycle-log=\"false\" data-cycle-next=\"#cycloneslider-colloque-2018-1 .cycloneslider-next\" data-cycle-pager=\"#cycloneslider-colloque-2018-1 .cycloneslider-pager\" data-cycle-pause-on-hover=\"true\" data-cycle-prev=\"#cycloneslider-colloque-2018-1 .cycloneslider-prev\" data-cycle-slides=\"&gt; div\" data-cycle-speed=\"1000\" data-cycle-swipe=\"1\" data-cycle-tile-count=\"7\" data-cycle-tile-delay=\"100\" data-cycle-tile-vertical=\"true\" data-cycle-timeout=\"4000\"\t> <div class=\"cycloneslider-slide cycloneslider-slide-image\" > <img decoding=\"async\" src=\"https:\/\/www.lesfeuillesvertes.com\/site\/wp-content\/uploads\/2018\/09\/01-colloque-2018-960x600.jpg\" alt=\"\" title=\"\" \/> <\/div> <div class=\"cycloneslider-slide cycloneslider-slide-image\" > <img decoding=\"async\" src=\"https:\/\/www.lesfeuillesvertes.com\/site\/wp-content\/uploads\/2018\/09\/02-colloque-2018-960x600.jpg\" alt=\"\" title=\"\" \/> <\/div> <div class=\"cycloneslider-slide cycloneslider-slide-image\" > <img decoding=\"async\" src=\"https:\/\/www.lesfeuillesvertes.com\/site\/wp-content\/uploads\/2018\/09\/03-colloque-2018-960x600.jpg\" alt=\"\" title=\"\" \/> <\/div> <div class=\"cycloneslider-slide cycloneslider-slide-image\" > <img decoding=\"async\" src=\"https:\/\/www.lesfeuillesvertes.com\/site\/wp-content\/uploads\/2018\/09\/04-colloque-2018-960x600.jpg\" alt=\"\" title=\"\" \/> <\/div> <div class=\"cycloneslider-slide cycloneslider-slide-image\" > <img decoding=\"async\" src=\"https:\/\/www.lesfeuillesvertes.com\/site\/wp-content\/uploads\/2018\/09\/05-colloque-2018-960x600.jpg\" alt=\"\" title=\"\" \/> <\/div> <div class=\"cycloneslider-slide cycloneslider-slide-image\" > <img decoding=\"async\" src=\"https:\/\/www.lesfeuillesvertes.com\/site\/wp-content\/uploads\/2018\/09\/06-colloque-2018-960x600.jpg\" alt=\"\" title=\"\" \/> <\/div> <div class=\"cycloneslider-slide cycloneslider-slide-image\" > <img decoding=\"async\" src=\"https:\/\/www.lesfeuillesvertes.com\/site\/wp-content\/uploads\/2018\/09\/07-colloque-2018-960x600.jpg\" alt=\"\" title=\"\" \/> <\/div> <div class=\"cycloneslider-slide cycloneslider-slide-image\" > <img decoding=\"async\" src=\"https:\/\/www.lesfeuillesvertes.com\/site\/wp-content\/uploads\/2018\/09\/08-colloque-2018-960x600.jpg\" alt=\"\" title=\"\" \/> <\/div> <div class=\"cycloneslider-slide cycloneslider-slide-image\" > <img decoding=\"async\" src=\"https:\/\/www.lesfeuillesvertes.com\/site\/wp-content\/uploads\/2018\/09\/09-colloque-2018-960x600.jpg\" alt=\"\" title=\"\" \/> <\/div> <div class=\"cycloneslider-slide cycloneslider-slide-image\" > <img decoding=\"async\" src=\"https:\/\/www.lesfeuillesvertes.com\/site\/wp-content\/uploads\/2018\/09\/10-colloque-2018-960x600.jpg\" alt=\"\" title=\"\" \/> <\/div> <div class=\"cycloneslider-slide cycloneslider-slide-image\" > <img decoding=\"async\" src=\"\" alt=\"\" title=\"\" \/> <\/div> <div class=\"cycloneslider-slide cycloneslider-slide-image\" > <img decoding=\"async\" src=\"https:\/\/www.lesfeuillesvertes.com\/site\/wp-content\/uploads\/2018\/09\/12-colloque-2018-960x600.jpg\" alt=\"\" title=\"\" \/> <\/div> <\/div><div class=\"cycloneslider-prev\"><\/div><div class=\"cycloneslider-next\"><\/div><\/div><div id=\"cycloneslider-colloque-2018-1-pager\" class=\"cycloneslider-template-thumbnails cycloneslider-thumbnails\"\tstyle=\"max-width:960px\" ><ul class=\"clearfix\"> <li><img loading=\"lazy\" decoding=\"async\" src=\"https:\/\/www.lesfeuillesvertes.com\/site\/wp-content\/uploads\/2018\/09\/01-colloque-2018-40x40.jpg\" width=\"40\" height=\"40\" alt=\"\" title=\"\" \/><\/li> <li><img loading=\"lazy\" decoding=\"async\" src=\"https:\/\/www.lesfeuillesvertes.com\/site\/wp-content\/uploads\/2018\/09\/02-colloque-2018-40x40.jpg\" width=\"40\" height=\"40\" alt=\"\" title=\"\" \/><\/li> <li><img loading=\"lazy\" decoding=\"async\" src=\"https:\/\/www.lesfeuillesvertes.com\/site\/wp-content\/uploads\/2018\/09\/03-colloque-2018-40x40.jpg\" width=\"40\" height=\"40\" alt=\"\" title=\"\" \/><\/li> <li><img loading=\"lazy\" decoding=\"async\" src=\"https:\/\/www.lesfeuillesvertes.com\/site\/wp-content\/uploads\/2018\/09\/04-colloque-2018-40x40.jpg\" width=\"40\" height=\"40\" alt=\"\" title=\"\" \/><\/li> <li><img loading=\"lazy\" decoding=\"async\" src=\"https:\/\/www.lesfeuillesvertes.com\/site\/wp-content\/uploads\/2018\/09\/05-colloque-2018-40x40.jpg\" width=\"40\" height=\"40\" alt=\"\" title=\"\" \/><\/li> <li><img loading=\"lazy\" decoding=\"async\" src=\"https:\/\/www.lesfeuillesvertes.com\/site\/wp-content\/uploads\/2018\/09\/06-colloque-2018-40x40.jpg\" width=\"40\" height=\"40\" alt=\"\" title=\"\" \/><\/li> <li><img loading=\"lazy\" decoding=\"async\" src=\"https:\/\/www.lesfeuillesvertes.com\/site\/wp-content\/uploads\/2018\/09\/07-colloque-2018-40x40.jpg\" width=\"40\" height=\"40\" alt=\"\" title=\"\" \/><\/li> <li><img loading=\"lazy\" decoding=\"async\" src=\"https:\/\/www.lesfeuillesvertes.com\/site\/wp-content\/uploads\/2018\/09\/08-colloque-2018-40x40.jpg\" width=\"40\" height=\"40\" alt=\"\" title=\"\" \/><\/li> <li><img loading=\"lazy\" decoding=\"async\" src=\"https:\/\/www.lesfeuillesvertes.com\/site\/wp-content\/uploads\/2018\/09\/09-colloque-2018-40x40.jpg\" width=\"40\" height=\"40\" alt=\"\" title=\"\" \/><\/li> <li><img loading=\"lazy\" decoding=\"async\" src=\"https:\/\/www.lesfeuillesvertes.com\/site\/wp-content\/uploads\/2018\/09\/10-colloque-2018-40x40.jpg\" width=\"40\" height=\"40\" alt=\"\" title=\"\" \/><\/li> <li><img loading=\"lazy\" decoding=\"async\" src=\"\" width=\"40\" height=\"40\" alt=\"\" title=\"\" \/><\/li> <li><img loading=\"lazy\" decoding=\"async\" src=\"https:\/\/www.lesfeuillesvertes.com\/site\/wp-content\/uploads\/2018\/09\/12-colloque-2018-40x40.jpg\" width=\"40\" height=\"40\" alt=\"\" title=\"\" \/><\/li> <\/ul><\/div>\n","protected":false},"excerpt":{"rendered":"<p>Cette ann\u00e9e encore, le cadre bucolique du Rouge-Clo\u00eetre et sa charmante \u00e9quipe nous ont permis de nous en donner \u00e0 coeur joie&#8230; Quel plaisir de partager avec vous nos d\u00e9couvertes printani\u00e8res, d&rsquo;entendre vos impressions et d&rsquo;introduire une nouvelle formule \u00ab\u00a0take away\u00a0\u00bb de #th\u00e9s garantis sans pesticides (preuves a l&rsquo;appui!). Un grand merci \u00e0 l&rsquo;\u00e9quipe du&#8230;<\/p>\n","protected":false},"author":1,"featured_media":0,"parent":0,"menu_order":0,"comment_status":"closed","ping_status":"closed","template":"","meta":{"_acf_changed":false,"_mc_calendar":[],"footnotes":""},"class_list":["post-1522","page","type-page","status-publish","hentry","page-entry","loop-entry clr"],"acf":[],"_links":{"self":[{"href":"https:\/\/www.lesfeuillesvertes.com\/site\/wp-json\/wp\/v2\/pages\/1522","targetHints":{"allow":["GET"]}}],"collection":[{"href":"https:\/\/www.lesfeuillesvertes.com\/site\/wp-json\/wp\/v2\/pages"}],"about":[{"href":"https:\/\/www.lesfeuillesvertes.com\/site\/wp-json\/wp\/v2\/types\/page"}],"author":[{"embeddable":true,"href":"https:\/\/www.lesfeuillesvertes.com\/site\/wp-json\/wp\/v2\/users\/1"}],"replies":[{"embeddable":true,"href":"https:\/\/www.lesfeuillesvertes.com\/site\/wp-json\/wp\/v2\/comments?post=1522"}],"version-history":[{"count":8,"href":"https:\/\/www.lesfeuillesvertes.com\/site\/wp-json\/wp\/v2\/pages\/1522\/revisions"}],"predecessor-version":[{"id":1751,"href":"https:\/\/www.lesfeuillesvertes.com\/site\/wp-json\/wp\/v2\/pages\/1522\/revisions\/1751"}],"wp:attachment":[{"href":"https:\/\/www.lesfeuillesvertes.com\/site\/wp-json\/wp\/v2\/media?parent=1522"}],"curies":[{"name":"wp","href":"https:\/\/api.w.org\/{rel}","templated":true}]}}