{"id":1559,"date":"2018-09-03T16:25:58","date_gmt":"2018-09-03T15:25:58","guid":{"rendered":"http:\/\/www.lesfeuillesvertes.com\/site\/?page_id=1559"},"modified":"2018-09-07T19:08:29","modified_gmt":"2018-09-07T18:08:29","slug":"calendrier-2018-2019","status":"publish","type":"page","link":"https:\/\/www.lesfeuillesvertes.com\/site\/calendrier-2018-2019\/","title":{"rendered":"Calendrier des ateliers et \u00e9v\u00e9nements &#8211; Saison 2018-2019"},"content":{"rendered":"<div class=\"calendrier\">\n<table border=\"0\" width=\"100%\" align=\"center\">\n<tbody>\n<tr>\n<td class=\"week\" width=\"38%\"><strong><a style=\"color: #ff6633;\" href=\"http:\/\/www.lesfeuillesvertes.com\/site\/?portfolio_category=ateliers\">NOS ATELIERS<\/a><\/strong><\/td>\n<td class=\"week\" width=\"20%\"><strong>Niveau<\/strong><\/td>\n<td class=\"week\" width=\"30%\"><strong>Date &amp; Horaire<\/strong><\/td>\n<td class=\"week\" width=\"12%\"><strong>Tarif\/per<\/strong><\/td>\n<\/tr>\n<tr>\n<td><a href=\"?portfolio=6-familles-de-the-chinois-et-leur-preparation\" target=\"_blank\" rel=\"noopener\">6 familles de th\u00e9s chinois et leur pr\u00e9paration<\/a> (Wodecq)<\/td>\n<td>D\u00e9couverte<\/td>\n<td>30\/09\/2018 (15h-18h)<br \/>\n07\/10\/2018 (15h-18h)<br \/>\n17\/03\/2019 (15h-18h)<br \/>\n24\/03\/2019 (15h-18h)<br \/>\n19\/05\/2019 (10h-13h30, 14h-17h30)<\/td>\n<td>30\u20ac \/ atelier<br \/>\n50\u20ac \/ 2 ateliers<\/td>\n<\/tr>\n<tr>\n<td><a href=\"?portfolio=thes-chinois-sans-pesticide\" target=\"_blank\" rel=\"noopener\">Th\u00e9s chinois sans pesticide<\/a> (Bruxelles)<\/td>\n<td>D\u00e9couverte<\/td>\n<td>14\/10\/2018 (15h-18h)<\/td>\n<td>25\u20ac<\/td>\n<\/tr>\n<tr>\n<td><a href=\"?portfolio=the-jaune-de-chine-huang-cha\" target=\"_blank\" rel=\"noopener\">Th\u00e9 jaune de Chine \u2013 Huang Cha<\/a> (Bruxelles)<\/td>\n<td>Amateur<\/td>\n<td>25\/11\/2018 (15h-18h)<\/td>\n<td>30\u20ac<\/td>\n<\/tr>\n<tr>\n<td><a href=\"?portfolio=the-bleu-vert-de-chine-wulong-cha\" target=\"_blank\" rel=\"noopener\">Th\u00e9 bleu-vert de Chine \u2013 Wulong Cha<\/a> (Bruxelles)<\/td>\n<td>Amateur<\/td>\n<td>09\/12\/2018 (15h-18h)<\/td>\n<td>30\u20ac<\/td>\n<\/tr>\n<tr>\n<td><a href=\"?portfolio=puer-et-son-evolution-dans-le-temps\" target=\"_blank\" rel=\"noopener\">Le Pu\u2019er et son \u00e9volution dans le temps<\/a> (Bruxelles)<\/td>\n<td>Amateur \/ Connaisseur<\/td>\n<td>27\/01\/2019 Amateur (10h-13h)<br \/>\n27\/01\/2019 Connaisseur (15h-18h)<\/td>\n<td>30\u20ac \/ atelier<\/td>\n<\/tr>\n<tr>\n<td><a href=\"?portfolio=thes-et-fromages\" target=\"_blank\" rel=\"noopener\">Th\u00e9s et Fromages<\/a> (Bruxelles)<\/td>\n<td>Tous niveaux<\/td>\n<td>10\/02\/2019 (14h-17h)<\/td>\n<td>45\u20ac<\/td>\n<\/tr>\n<\/tbody>\n<\/table>\n<p>&nbsp;<\/p>\n<div class=\"small_txt\"><strong>Les diff\u00e9rents niveaux des ateliers :<\/strong><\/p>\n<p style=\"padding-left: 30px;\"><span style=\"font-size: 10pt;\"><strong>Niveau D\u00e9couverte<\/strong><\/span><br \/>\n<span style=\"font-size: 10pt;\"> Atelier ouvert \u00e0 toute personne d\u00e9sireuse de mieux conna\u00eetre le th\u00e9 de Chine. Aucune connaissance pr\u00e9alable du th\u00e9 n\u2019est requise.<br \/>\n<\/span><span style=\"font-size: 10pt;\"><strong>Niveau Amateur<\/strong><\/span><br \/>\n<span style=\"font-size: 10pt;\"> Atelier ouvert \u00e0 toute personne ayant d\u00e9j\u00e0 particip\u00e9 au minimum \u00e0 l\u2019atelier d\u00e9couverte des 6 familles de th\u00e9 et leur pr\u00e9paration, ou exp\u00e9rience \u00e9quivalente.<br \/>\n<\/span><span style=\"font-size: 10pt;\"><strong>Niveau Connaisseur<\/strong><\/span><br \/>\n<span style=\"font-size: 10pt;\"> Atelier d\u2019approfondissement ouvert \u00e0 toute personne ayant suivi au minimum 5 ateliers de niveau Amateur durant les ann\u00e9es qui pr\u00e9c\u00e8dent, ou exp\u00e9rience \u00e9quivalente.<\/span><\/p>\n<\/div>\n<p>&nbsp;<\/p>\n<table border=\"0\" width=\"100%\" align=\"center\">\n<tbody>\n<tr>\n<td class=\"week\" width=\"38%\"><strong><a style=\"color: #ff6633;\" href=\"?portfolio_category=evenements\">NOS EVENEMENTS<\/a><\/strong><\/td>\n<td class=\"week\" width=\"20%\"><strong>Date<\/strong><\/td>\n<td class=\"week\" width=\"20%\"><strong>Horaire<\/strong><\/td>\n<td class=\"week\" width=\"22%\"><strong>Tarif\/per<\/strong><\/td>\n<\/tr>\n<tr>\n<td><a href=\"?portfolio=journees-portes-ouvertes-les-feuilles-vertes\" target=\"_blank\" rel=\"noopener\">Journ\u00e9es portes ouvertes <em>Les Feuilles Vertes<\/em><\/a><\/td>\n<td>18\/11\/2018 (Bruxelles)<br \/>\n16\/12\/2018 (Bruxelles et Wodecq)<br \/>\n20\/01\/2019 (Bruxelles)<br \/>\n24\/02\/2019 (Bruxelles)<\/td>\n<td>14h-18h<\/td>\n<td>gratuit<\/td>\n<\/tr>\n<tr>\n<td><a href=\"?portfolio=fete-du-the-au-rouge-cloitre\" target=\"_blank\" rel=\"noopener\">F\u00eate du th\u00e9 au Rouge-Clo\u00eetre<\/a><\/td>\n<td>06\/2019 (date \u00e0 confirmer)<\/td>\n<td><\/td>\n<td>gratuit<\/td>\n<\/tr>\n<tr>\n<td><a href=\"?portfolio=degustation-a-domicile\" target=\"_blank\" rel=\"noopener\">D\u00e9gustation \u00e0 domicile<\/a><\/td>\n<td>sur r\u00e9servation<\/td>\n<td><\/td>\n<td>\u00e0 convenir<\/td>\n<\/tr>\n<tr>\n<td><a href=\"?portfolio=degustation-en-entreprises\" target=\"_blank\" rel=\"noopener\">D\u00e9gustation en entreprises<\/a><\/td>\n<td>sur r\u00e9servation<\/td>\n<td><\/td>\n<td>\u00e0 convenir<\/td>\n<\/tr>\n<\/tbody>\n<\/table>\n<\/div>\n<p>&nbsp;<\/p>\n<div class=\"calendrier\">\n<table width=\"80%\">\n<tbody>\n<tr>\n<td class=\"mois\" colspan=\"7\"><strong>SEPTEMBRE 2018<\/strong><\/td>\n<\/tr>\n<tr>\n<td class=\"week\" width=\"14%\">Lu<\/td>\n<td class=\"week\" width=\"14%\">Ma<\/td>\n<td class=\"week\" width=\"14%\">Me<\/td>\n<td class=\"week\" width=\"14%\">Je<\/td>\n<td class=\"week\" width=\"14%\">Ve<\/td>\n<td class=\"week\" width=\"15%\">Sa<\/td>\n<td class=\"week\" width=\"15%\">Di<\/td>\n<\/tr>\n<tr>\n<td><\/td>\n<td><\/td>\n<td><\/td>\n<td><\/td>\n<td><\/td>\n<td>1<\/td>\n<td>2<\/td>\n<\/tr>\n<tr>\n<td>3<\/td>\n<td>4<\/td>\n<td>5<\/td>\n<td>6<\/td>\n<td>7<\/td>\n<td>8<\/td>\n<td>9<\/td>\n<\/tr>\n<tr>\n<td>10<\/td>\n<td>11<\/td>\n<td>12<\/td>\n<td>13<\/td>\n<td>14<\/td>\n<td>15<\/td>\n<td>16<\/td>\n<\/tr>\n<tr>\n<td>17<\/td>\n<td>18<\/td>\n<td>19<\/td>\n<td>20<\/td>\n<td>21<\/td>\n<td>22<\/td>\n<td>23<\/td>\n<\/tr>\n<tr>\n<td>24<\/td>\n<td>25<\/td>\n<td>26<\/td>\n<td>27<\/td>\n<td>28<\/td>\n<td>29<\/td>\n<td><a class=\"booked\" href=\"?portfolio=6-familles-de-the-chinois-et-leur-preparation\" target=\"_blank\" rel=\"noopener\">30<\/a><\/td>\n<\/tr>\n<\/tbody>\n<\/table>\n<p>&nbsp;<\/p>\n<table width=\"80%\">\n<tbody>\n<tr>\n<td class=\"mois\" colspan=\"7\"><strong>OCTOBRE 2018<\/strong><\/td>\n<\/tr>\n<tr>\n<td class=\"week\" width=\"14%\">Lu<\/td>\n<td class=\"week\" width=\"14%\">Ma<\/td>\n<td class=\"week\" width=\"14%\">Me<\/td>\n<td class=\"week\" width=\"14%\">Je<\/td>\n<td class=\"week\" width=\"14%\">Ve<\/td>\n<td class=\"week\" width=\"15%\">Sa<\/td>\n<td class=\"week\" width=\"15%\">Di<\/td>\n<\/tr>\n<tr>\n<td>1<\/td>\n<td>2<\/td>\n<td>3<\/td>\n<td>4<\/td>\n<td>5<\/td>\n<td>6<\/td>\n<td><a class=\"booked\" href=\"?portfolio=6-familles-de-the-chinois-et-leur-preparation\" target=\"_blank\" rel=\"noopener\">7<\/a><\/td>\n<\/tr>\n<tr>\n<td>8<\/td>\n<td>9<\/td>\n<td>10<\/td>\n<td>11<\/td>\n<td>12<\/td>\n<td>13<\/td>\n<td><a class=\"booked\" href=\"?portfolio=thes-chinois-sans-pesticide\" target=\"_blank\" rel=\"noopener\">14<\/a><\/td>\n<\/tr>\n<tr>\n<td>15<\/td>\n<td>16<\/td>\n<td>17<\/td>\n<td>18<\/td>\n<td>19<\/td>\n<td>20<\/td>\n<td>21<\/td>\n<\/tr>\n<tr>\n<td>22<\/td>\n<td>23<\/td>\n<td>24<\/td>\n<td>25<\/td>\n<td>26<\/td>\n<td>27<\/td>\n<td>28<\/td>\n<\/tr>\n<tr>\n<td>29<\/td>\n<td>30<\/td>\n<td>31<\/td>\n<td><\/td>\n<td><\/td>\n<td><\/td>\n<td><\/td>\n<\/tr>\n<\/tbody>\n<\/table>\n<p>&nbsp;<\/p>\n<table width=\"80%\">\n<tbody>\n<tr>\n<td class=\"mois\" colspan=\"7\"><strong>NOVEMBRE 2018<\/strong><\/td>\n<\/tr>\n<tr>\n<td class=\"week\" width=\"14%\">Lu<\/td>\n<td class=\"week\" width=\"14%\">Ma<\/td>\n<td class=\"week\" width=\"14%\">Me<\/td>\n<td class=\"week\" width=\"14%\">Je<\/td>\n<td class=\"week\" width=\"14%\">Ve<\/td>\n<td class=\"week\" width=\"15%\">Sa<\/td>\n<td class=\"week\" width=\"15%\">Di<\/td>\n<\/tr>\n<tr>\n<td><\/td>\n<td><\/td>\n<td><\/td>\n<td>1<\/td>\n<td>2<\/td>\n<td>3<\/td>\n<td>4<\/td>\n<\/tr>\n<tr>\n<td>5<\/td>\n<td>6<\/td>\n<td>7<\/td>\n<td>8<\/td>\n<td>9<\/td>\n<td>10<\/td>\n<td>11<\/td>\n<\/tr>\n<tr>\n<td>12<\/td>\n<td>13<\/td>\n<td>14<\/td>\n<td>15<\/td>\n<td>16<\/td>\n<td>17<\/td>\n<td><a class=\"booked\" href=\"?portfolio=journees-portes-ouvertes-les-feuilles-vertes\" target=\"_blank\" rel=\"noopener\">18<\/a><\/td>\n<\/tr>\n<tr>\n<td>19<\/td>\n<td>20<\/td>\n<td>21<\/td>\n<td>22<\/td>\n<td>23<\/td>\n<td>24<\/td>\n<td><a class=\"booked\" href=\"?portfolio=the-jaune-de-chine-huang-cha\" target=\"_blank\" rel=\"noopener\">25<\/a><\/td>\n<\/tr>\n<tr>\n<td>26<\/td>\n<td>27<\/td>\n<td>28<\/td>\n<td>29<\/td>\n<td>30<\/td>\n<td><\/td>\n<td><\/td>\n<\/tr>\n<\/tbody>\n<\/table>\n<p>&nbsp;<\/p>\n<table width=\"80%\">\n<tbody>\n<tr>\n<td class=\"mois\" colspan=\"7\"><strong>DECEMBRE 2018<\/strong><\/td>\n<\/tr>\n<tr>\n<td class=\"week\" width=\"14%\">Lu<\/td>\n<td class=\"week\" width=\"14%\">Ma<\/td>\n<td class=\"week\" width=\"14%\">Me<\/td>\n<td class=\"week\" width=\"14%\">Je<\/td>\n<td class=\"week\" width=\"14%\">Ve<\/td>\n<td class=\"week\" width=\"15%\">Sa<\/td>\n<td class=\"week\" width=\"15%\">Di<\/td>\n<\/tr>\n<tr>\n<td><\/td>\n<td><\/td>\n<td><\/td>\n<td><\/td>\n<td><\/td>\n<td>1<\/td>\n<td>2<\/td>\n<\/tr>\n<tr>\n<td>3<\/td>\n<td>4<\/td>\n<td>5<\/td>\n<td>6<\/td>\n<td>7<\/td>\n<td>8<\/td>\n<td><a class=\"booked\" href=\"?portfolio=the-bleu-vert-de-chine-wulong-cha\" target=\"_blank\" rel=\"noopener\">9<\/a><\/td>\n<\/tr>\n<tr>\n<td>10<\/td>\n<td>11<\/td>\n<td>12<\/td>\n<td>13<\/td>\n<td>14<\/td>\n<td>15<\/td>\n<td><a class=\"booked\" href=\"?portfolio=journees-portes-ouvertes-les-feuilles-vertes\" target=\"_blank\" rel=\"noopener\">16<\/a><\/td>\n<\/tr>\n<tr>\n<td>17<\/td>\n<td>18<\/td>\n<td>19<\/td>\n<td>20<\/td>\n<td>21<\/td>\n<td>22<\/td>\n<td>23<\/td>\n<\/tr>\n<tr>\n<td>24<\/td>\n<td>25<\/td>\n<td>26<\/td>\n<td>27<\/td>\n<td>28<\/td>\n<td>29<\/td>\n<td>30<\/td>\n<\/tr>\n<tr>\n<td>31<\/td>\n<td><\/td>\n<td><\/td>\n<td><\/td>\n<td><\/td>\n<td><\/td>\n<td><\/td>\n<\/tr>\n<\/tbody>\n<\/table>\n<p>&nbsp;<\/p>\n<table width=\"80%\">\n<tbody>\n<tr>\n<td class=\"mois\" colspan=\"7\"><strong>JANVIER 2019<\/strong><\/td>\n<\/tr>\n<tr>\n<td class=\"week\" width=\"14%\">Lu<\/td>\n<td class=\"week\" width=\"14%\">Ma<\/td>\n<td class=\"week\" width=\"14%\">Me<\/td>\n<td class=\"week\" width=\"14%\">Je<\/td>\n<td class=\"week\" width=\"14%\">Ve<\/td>\n<td class=\"week\" width=\"15%\">Sa<\/td>\n<td class=\"week\" width=\"15%\">Di<\/td>\n<\/tr>\n<tr>\n<td><\/td>\n<td>1<\/td>\n<td>2<\/td>\n<td>3<\/td>\n<td>4<\/td>\n<td>5<\/td>\n<td>6<\/td>\n<\/tr>\n<tr>\n<td>7<\/td>\n<td>8<\/td>\n<td>9<\/td>\n<td>10<\/td>\n<td>11<\/td>\n<td>12<\/td>\n<td>13<\/td>\n<\/tr>\n<tr>\n<td>14<\/td>\n<td>15<\/td>\n<td>16<\/td>\n<td>17<\/td>\n<td>18<\/td>\n<td>19<\/td>\n<td><a class=\"booked\" href=\"?portfolio=journees-portes-ouvertes-les-feuilles-vertes\" target=\"_blank\" rel=\"noopener\">20<\/a><\/td>\n<\/tr>\n<tr>\n<td>21<\/td>\n<td>22<\/td>\n<td>23<\/td>\n<td>24<\/td>\n<td>25<\/td>\n<td>26<\/td>\n<td><a class=\"booked\" href=\"?portfolio=puer-et-son-evolution-dans-le-temps\" target=\"_blank\" rel=\"noopener\">27<\/a><\/td>\n<\/tr>\n<tr>\n<td>28<\/td>\n<td>29<\/td>\n<td>30<\/td>\n<td>31<\/td>\n<td><\/td>\n<td><\/td>\n<td><\/td>\n<\/tr>\n<\/tbody>\n<\/table>\n<p>&nbsp;<\/p>\n<table width=\"80%\">\n<tbody>\n<tr>\n<td class=\"mois\" colspan=\"7\"><strong>FEVRIER 2019<\/strong><\/td>\n<\/tr>\n<tr>\n<td class=\"week\" width=\"14%\">Lu<\/td>\n<td class=\"week\" width=\"14%\">Ma<\/td>\n<td class=\"week\" width=\"14%\">Me<\/td>\n<td class=\"week\" width=\"14%\">Je<\/td>\n<td class=\"week\" width=\"14%\">Ve<\/td>\n<td class=\"week\" width=\"15%\">Sa<\/td>\n<td class=\"week\" width=\"15%\">Di<\/td>\n<\/tr>\n<tr>\n<td><\/td>\n<td><\/td>\n<td><\/td>\n<td><\/td>\n<td>1<\/td>\n<td>2<\/td>\n<td>3<\/td>\n<\/tr>\n<tr>\n<td>4<\/td>\n<td>5<\/td>\n<td>6<\/td>\n<td>7<\/td>\n<td>8<\/td>\n<td>9<\/td>\n<td><a class=\"booked\" href=\"?portfolio=thes-et-fromages\" target=\"_blank\" rel=\"noopener\">10<\/a><\/td>\n<\/tr>\n<tr>\n<td>11<\/td>\n<td>12<\/td>\n<td>13<\/td>\n<td>14<\/td>\n<td>15<\/td>\n<td>16<\/td>\n<td>17<\/td>\n<\/tr>\n<tr>\n<td>18<\/td>\n<td>19<\/td>\n<td>20<\/td>\n<td>21<\/td>\n<td>22<\/td>\n<td>23<\/td>\n<td><a class=\"booked\" href=\"?portfolio=journees-portes-ouvertes-les-feuilles-vertes\" target=\"_blank\" rel=\"noopener\">24<\/a><\/td>\n<\/tr>\n<tr>\n<td>25<\/td>\n<td>26<\/td>\n<td>27<\/td>\n<td>28<\/td>\n<td><\/td>\n<td><\/td>\n<td><\/td>\n<\/tr>\n<\/tbody>\n<\/table>\n<p>&nbsp;<\/p>\n<table width=\"80%\">\n<tbody>\n<tr>\n<td class=\"mois\" colspan=\"7\"><strong>MARS 2019<\/strong><\/td>\n<\/tr>\n<tr>\n<td class=\"week\" width=\"14%\">Lu<\/td>\n<td class=\"week\" width=\"14%\">Ma<\/td>\n<td class=\"week\" width=\"14%\">Me<\/td>\n<td class=\"week\" width=\"14%\">Je<\/td>\n<td class=\"week\" width=\"14%\">Ve<\/td>\n<td class=\"week\" width=\"15%\">Sa<\/td>\n<td class=\"week\" width=\"15%\">Di<\/td>\n<\/tr>\n<tr>\n<td><\/td>\n<td><\/td>\n<td><\/td>\n<td><\/td>\n<td>1<\/td>\n<td>2<\/td>\n<td>3<\/td>\n<\/tr>\n<tr>\n<td>4<\/td>\n<td>5<\/td>\n<td>6<\/td>\n<td>7<\/td>\n<td>8<\/td>\n<td>9<\/td>\n<td>10<\/td>\n<\/tr>\n<tr>\n<td>11<\/td>\n<td>12<\/td>\n<td>13<\/td>\n<td>14<\/td>\n<td>15<\/td>\n<td>16<\/td>\n<td><a class=\"booked\" href=\"?portfolio=6-familles-de-the-chinois-et-leur-preparation\" target=\"_blank\" rel=\"noopener\">17<\/a><\/td>\n<\/tr>\n<tr>\n<td>18<\/td>\n<td>19<\/td>\n<td>20<\/td>\n<td>21<\/td>\n<td>22<\/td>\n<td>23<\/td>\n<td><a class=\"booked\" href=\"?portfolio=6-familles-de-the-chinois-et-leur-preparation\" target=\"_blank\" rel=\"noopener\">24<\/a><\/td>\n<\/tr>\n<tr>\n<td>25<\/td>\n<td>26<\/td>\n<td>27<\/td>\n<td>28<\/td>\n<td>29<\/td>\n<td>30<\/td>\n<td>31<\/td>\n<\/tr>\n<\/tbody>\n<\/table>\n<p>&nbsp;<\/p>\n<table width=\"80%\">\n<tbody>\n<tr>\n<td class=\"mois\" colspan=\"7\"><strong>AVRIL 2019<\/strong><\/td>\n<\/tr>\n<tr>\n<td class=\"week\" width=\"14%\">Lu<\/td>\n<td class=\"week\" width=\"14%\">Ma<\/td>\n<td class=\"week\" width=\"14%\">Me<\/td>\n<td class=\"week\" width=\"14%\">Je<\/td>\n<td class=\"week\" width=\"14%\">Ve<\/td>\n<td class=\"week\" width=\"15%\">Sa<\/td>\n<td class=\"week\" width=\"15%\">Di<\/td>\n<\/tr>\n<tr>\n<td>\u00a01<\/td>\n<td>\u00a02<\/td>\n<td>\u00a03<\/td>\n<td>\u00a04<\/td>\n<td>5<\/td>\n<td>6<\/td>\n<td>7<\/td>\n<\/tr>\n<tr>\n<td>8<\/td>\n<td>9<\/td>\n<td>10<\/td>\n<td>11<\/td>\n<td>12<\/td>\n<td>13<\/td>\n<td>14<\/td>\n<\/tr>\n<tr>\n<td>15<\/td>\n<td>16<\/td>\n<td>17<\/td>\n<td>18<\/td>\n<td>19<\/td>\n<td>20<\/td>\n<td>21<\/td>\n<\/tr>\n<tr>\n<td>22<\/td>\n<td>23<\/td>\n<td>24<\/td>\n<td>25<\/td>\n<td>26<\/td>\n<td>27<\/td>\n<td>28<\/td>\n<\/tr>\n<tr>\n<td>29<\/td>\n<td>30<\/td>\n<td><\/td>\n<td><\/td>\n<td><\/td>\n<td><\/td>\n<td><\/td>\n<\/tr>\n<\/tbody>\n<\/table>\n<p>&nbsp;<\/p>\n<table width=\"80%\">\n<tbody>\n<tr>\n<td class=\"mois\" colspan=\"7\"><strong>MAI 2019<\/strong><\/td>\n<\/tr>\n<tr>\n<td class=\"week\" width=\"14%\">Lu<\/td>\n<td class=\"week\" width=\"14%\">Ma<\/td>\n<td class=\"week\" width=\"14%\">Me<\/td>\n<td class=\"week\" width=\"14%\">Je<\/td>\n<td class=\"week\" width=\"14%\">Ve<\/td>\n<td class=\"week\" width=\"15%\">Sa<\/td>\n<td class=\"week\" width=\"15%\">Di<\/td>\n<\/tr>\n<tr>\n<td><\/td>\n<td><\/td>\n<td>\u00a01<\/td>\n<td>\u00a02<\/td>\n<td>3<\/td>\n<td>4<\/td>\n<td>5<\/td>\n<\/tr>\n<tr>\n<td>6<\/td>\n<td>7<\/td>\n<td>8<\/td>\n<td>9<\/td>\n<td>10<\/td>\n<td>11<\/td>\n<td>12<\/td>\n<\/tr>\n<tr>\n<td>13<\/td>\n<td>14<\/td>\n<td>15<\/td>\n<td>16<\/td>\n<td>17<\/td>\n<td>18<\/td>\n<td><a class=\"booked\" href=\"?portfolio=6-familles-de-the-chinois-et-leur-preparation\" target=\"_blank\" rel=\"noopener\">19<\/a><\/td>\n<\/tr>\n<tr>\n<td>20<\/td>\n<td>21<\/td>\n<td>22<\/td>\n<td>23<\/td>\n<td>24<\/td>\n<td>25<\/td>\n<td>26<\/td>\n<\/tr>\n<tr>\n<td>27<\/td>\n<td>28<\/td>\n<td>29<\/td>\n<td>30<\/td>\n<td>31<\/td>\n<td><\/td>\n<td><\/td>\n<\/tr>\n<\/tbody>\n<\/table>\n<p>&nbsp;<\/p>\n<p><a href=\"http:\/\/www.lesfeuillesvertes.com\/download\/Calendrier-Les-Feuilles-vertes-2018%E2%80%932019.pdf\" target=\"_blank\" rel=\"noopener\">T\u00e9l\u00e9charger le calendrier en pdf<\/a><\/p>\n<p>&nbsp;<\/p>\n<\/div>\n","protected":false},"excerpt":{"rendered":"<p>NOS ATELIERS Niveau Date &amp; Horaire Tarif\/per 6 familles de th\u00e9s chinois et leur pr\u00e9paration (Wodecq) D\u00e9couverte 30\/09\/2018 (15h-18h) 07\/10\/2018 (15h-18h) 17\/03\/2019 (15h-18h) 24\/03\/2019 (15h-18h) 19\/05\/2019 (10h-13h30, 14h-17h30) 30\u20ac \/ atelier 50\u20ac \/ 2 ateliers Th\u00e9s chinois sans pesticide (Bruxelles) D\u00e9couverte 14\/10\/2018 (15h-18h) 25\u20ac Th\u00e9 jaune de Chine \u2013 Huang Cha (Bruxelles) Amateur 25\/11\/2018 (15h-18h)&#8230;<\/p>\n","protected":false},"author":1,"featured_media":0,"parent":0,"menu_order":0,"comment_status":"closed","ping_status":"closed","template":"templates\/fullwidth.php","meta":{"_acf_changed":false,"_mc_calendar":[],"footnotes":""},"class_list":["post-1559","page","type-page","status-publish","hentry","page-entry","loop-entry clr"],"acf":[],"_links":{"self":[{"href":"https:\/\/www.lesfeuillesvertes.com\/site\/wp-json\/wp\/v2\/pages\/1559","targetHints":{"allow":["GET"]}}],"collection":[{"href":"https:\/\/www.lesfeuillesvertes.com\/site\/wp-json\/wp\/v2\/pages"}],"about":[{"href":"https:\/\/www.lesfeuillesvertes.com\/site\/wp-json\/wp\/v2\/types\/page"}],"author":[{"embeddable":true,"href":"https:\/\/www.lesfeuillesvertes.com\/site\/wp-json\/wp\/v2\/users\/1"}],"replies":[{"embeddable":true,"href":"https:\/\/www.lesfeuillesvertes.com\/site\/wp-json\/wp\/v2\/comments?post=1559"}],"version-history":[{"count":46,"href":"https:\/\/www.lesfeuillesvertes.com\/site\/wp-json\/wp\/v2\/pages\/1559\/revisions"}],"predecessor-version":[{"id":1786,"href":"https:\/\/www.lesfeuillesvertes.com\/site\/wp-json\/wp\/v2\/pages\/1559\/revisions\/1786"}],"wp:attachment":[{"href":"https:\/\/www.lesfeuillesvertes.com\/site\/wp-json\/wp\/v2\/media?parent=1559"}],"curies":[{"name":"wp","href":"https:\/\/api.w.org\/{rel}","templated":true}]}}