{"id":1787,"date":"2019-07-31T09:47:29","date_gmt":"2019-07-31T08:47:29","guid":{"rendered":"http:\/\/www.lesfeuillesvertes.com\/site\/?page_id=1787"},"modified":"2020-01-31T12:14:09","modified_gmt":"2020-01-31T11:14:09","slug":"calendrier-des-ateliers-et-evenement-2019-2020","status":"publish","type":"page","link":"https:\/\/www.lesfeuillesvertes.com\/site\/calendrier-des-ateliers-et-evenement-2019-2020\/","title":{"rendered":"Calendrier des ateliers et \u00e9v\u00e9nement 2019-2020"},"content":{"rendered":"\n<h2 class=\"wp-block-heading\">Nos ateliers<\/h2>\n\n\n\n<table class=\"wp-block-table BMTableInfo\">\n\t\t<thead>\n\t\t\t<tr>\n\t\t\t\t<td width=\"38%\">&nbsp;<\/td>\n\t\t\t\t<td width=\"14%\">Niveau<\/td>\n\t\t\t\t<td width=\"30%\">Date et Horaire<\/td>\n\t\t\t\t<td width=\"18%\">Tarif<\/td>\n\t\t\t<\/tr>\n\t\t<\/thead>\n\t\t<tbody>\n\t\t\t<tr valign=\"top\" style=\"text-decoration: line-through;\">\n\t\t\t\t<th><a href=\"\/site\/portfolio-item\/4-thes-verts-de-chine\/\" title=\"4 th\u00e9s verts de Chine\">4 th\u00e9s verts de Chine<\/a> (Bruxelles)<\/th>\n\t\t\t\t<td>D\u00e9couverte<br>Amateur<\/td>\n\t\t\t\t<td>29\/09\/2019 (15h-17h)<\/td>\n\t\t\t\t<td>30\u20ac\/p<\/td>\n\t\t\t<\/tr>\n\t\t\t<tr valign=\"top\" style=\"text-decoration: line-through;\">\n\t\t\t\t<th><a href=\"\/site\/portfolio-item\/le-the-blanc-de-chine\/\" title=\"Le th\u00e9 blanc de Chine\">Le th\u00e9 blanc de Chine<\/a> (Bruxelles) <\/th>\n\t\t\t\t<td>Amateur<\/td>\n\t\t\t\t<td>06\/10\/2019 (15h-17h)<\/td>\n\t\t\t\t<td>30\u20ac\/p<\/td>\n\t\t\t<\/tr>\n\t\t\t<tr valign=\"top\" style=\"text-decoration: line-through;\">\n\t\t\t\t<th><a href=\"\/site\/portfolio-item\/tie-guan-yin-danxi-apres-20-ans-de-folie\/\" title=\"Tie Guan Yin d\u2019Anxi \u2013 Apr\u00e8s 20 ans de folie\">Tie Guan Yin d\u2019Anxi \u2013 Apr\u00e8s 20 ans de folie<\/a> (Bruxelles)<\/th>\n\t\t\t\t<td>Connaisseur<\/td>\n\t\t\t\t<td>24\/11\/2019 (15h-17h30)<\/td>\n\t\t\t\t<td>30\u20ac\/p<\/td>\n\t\t\t<\/tr>\n\t\t\t<tr valign=\"top\" style=\"text-decoration: line-through;\">\n\t\t\t\t<th><a href=\"\/site\/portfolio-item\/un-jardin-qui-se-promene-en-bouche-%e2%81%83feng-huang-dan-cong\/\" title=\"Un jardin qui se prom\u00e8ne en bouche \u2013 Feng Huang Dan Cong\">Un jardin qui se prom\u00e8ne en bouche<\/a> (Bruxelles)<br> \u2013 Feng Huang Dan Cong<\/th>\n\t\t\t\t<td>Connaisseur<\/td>\n\t\t\t\t<td>08\/12\/2019 (15h-17h30)<\/td>\n\t\t\t\t<td>30\u20ac\/p<\/td>\n\t\t\t<\/tr>\n\t\t\t<tr valign=\"top\" style=\"text-decoration: line-through;\">\n\t\t\t\t<th><a href=\"\/site\/portfolio-item\/thes-et-fromages-2020\/\" title=\"Th\u00e9s et Formages\">Th\u00e9s et Formages<\/a> (Bruxelles)<\/th>\n\t\t\t\t<td>Amateur<\/td>\n\t\t\t\t<td>19\/01\/2020 (14h-17h)<\/td>\n\t\t\t\t<td>45\u20ac\/p<\/td>\n\t\t\t<\/tr>\n\t\t\t<tr valign=\"top\">\n\t\t\t\t<th><a href=\"\/site\/portfolio-item\/puerh-sheng-2019\/\" title=\"Puerh Sheng 2019\">Puerh Sheng 2019<\/a> (Bruxelles)<\/th>\n\t\t\t\t<td>Amateur<\/td>\n\t\t\t\t<td>09\/02\/2020 (15h-17h30)<\/td>\n\t\t\t\t<td>30\u20ac\/p<\/td>\n\t\t\t<\/tr>\n\t\t\t<tr valign=\"top\">\n\t\t\t\t<th><a href=\"\/site\/portfolio-item\/6-familles-de-thes-chinois-et-leur-preparation-2019\/\" title=\"6 familles de th\u00e9s chinois et leur pr\u00e9paration | Les Feuilles vertes ASBL\">6 familles de th\u00e9s chinois et leur pr\u00e9paration<\/a> (Wodecq)<\/th>\n\t\t\t\t<td>D\u00e9couverte<\/td>\n\t\t\t\t<td><strong>1e session<\/strong> <br><span style=\"text-decoration: line-through;\">13\/10\/2019 (14h30-17h30)<br>20\/10\/2019 (14h30-17h30)<\/span><br><br><strong>2e session<\/strong><br>15\/03\/2020 (14h30-17h30)<br>22\/03\/2020 (14h30-17h30)<\/td>\n\t\t\t\t<td>1 atelier : 35\u20ac\/p<br><br>2 ateliers : 60\u20ac\/p<\/td>\n\t\t\t<\/tr>\n\t\t<\/tbody>\n\t<\/table>\n\n\n\n<ul>\n<li><strong>Niveau D\u00e9couverte<\/strong><br>Atelier ouvert \u00e0 toute personne d\u00e9sireuse de mieux conna\u00eetre le th\u00e9 de Chine. Aucune connaissance pr\u00e9alable du th\u00e9 n\u2019est requise.<\/li><li><strong>Niveau Amateur<\/strong><br>Atelier ouvert \u00e0 toute personne ayant d\u00e9j\u00e0 particip\u00e9 au minimum \u00e0 l\u2019atelier d\u00e9couverte des 6 familles de th\u00e9 et leur pr\u00e9paration, ou exp\u00e9rience \u00e9quivalente.<\/li><li><strong>Niveau Connaisseur<\/strong><br>Atelier d\u2019approfondissement ouvert \u00e0 toute personne ayant suivi au minimum 5 ateliers de niveau Amateur durant les ann\u00e9es qui pr\u00e9c\u00e8dent, ou exp\u00e9rience \u00e9quivalente.<\/li><\/ul>\n\n\n\n<h2 class=\"wp-block-heading\">Nos \u00e9v\u00e9nements<\/h2>\n\n\n\n<table class=\"wp-block-table BMTableInfo\">\n\t<thead>\n\t\t<tr>\n\t\t\t<td width=\"18%\">&nbsp;<\/td>\n\t\t\t<td width=\"43%\">&nbsp;<\/td>\n\t\t\t<td width=\"14%\">Date<\/td>\n\t\t\t<td width=\"14%\">Horaire<\/td>\n\t\t\t<td width=\"11%\">Tarif<\/td>\n\t\t<\/tr>\n\t<\/thead>\n\t<tbody>\n\t\t<tr valign=\"top\">\n\t\t\t<th rowspan=\"5\" class=\"section\">Journ\u00e9es<br>portes ouvertes<\/th>\n\t\t\t<th style=\"text-decoration: line-through;\"><a href=\"\/site\/portfolio-item\/journees-portes-ouvertes-les-feuilles-vertes-2019\/\" title=\"Spring Tea 2019\">Spring Tea 2019<\/a> (Bruxelles)<\/th>\n\t\t\t<td style=\"text-decoration: line-through;\">Di. 22\/09\/2019<\/td>\n\t\t\t<td style=\"text-decoration: line-through;\">14h00 \u2013 18h00<\/td>\n\t\t\t<td style=\"text-decoration: line-through;\">Entr\u00e9e libre<\/td>\n\t\t<\/tr>\n\t\t<tr valign=\"top\">\n\t\t\t<th style=\"text-decoration: line-through;\"><a href=\"\/site\/portfolio-item\/journees-portes-ouvertes-les-feuilles-vertes-2019\/\" title=\"Sonori-th\u00e9\">Sonori-th\u00e9<\/a> (Bruxelles)<\/th>\n\t\t\t<td style=\"text-decoration: line-through;\">Di. 17\/11\/2019<\/td>\n\t\t\t<td style=\"text-decoration: line-through;\">14h00 \u2013 18h00<\/td>\n\t\t\t<td style=\"text-decoration: line-through;\">Entr\u00e9e libre<\/td>\n\t\t<\/tr>\n\t\t<tr valign=\"top\">\n\t\t\t<th style=\"text-decoration: line-through;\"><a href=\"\/site\/portfolio-item\/journees-portes-ouvertes-les-feuilles-vertes-2019\/\" title=\"Magasin de th\u00e9 \u00e9ph\u00e9m\u00e8re\">Magasin de th\u00e9 \u00e9ph\u00e9m\u00e8re<\/a> (Bruxelles)<\/th>\n\t\t\t<td style=\"text-decoration: line-through;\">Di. 15\/12\/2019<\/td>\n\t\t\t<td style=\"text-decoration: line-through;\">14h00 \u2013 18h00<\/td>\n\t\t\t<td style=\"text-decoration: line-through;\">Entr\u00e9e libre<\/td>\n\t\t<\/tr>\n\t\t<tr valign=\"top\">\n\t\t\t<th style=\"text-decoration: line-through;\"><a href=\"\/site\/portfolio-item\/journees-portes-ouvertes-les-feuilles-vertes-2019\/\" title=\"Salon de th\u00e9 du Nouvel an chinois\">Salon de th\u00e9 du Nouvel an chinois<\/a> (Bruxelles)<\/th>\n\t\t\t<td style=\"text-decoration: line-through;\">Di. 26\/01\/2020<\/td>\n\t\t\t<td style=\"text-decoration: line-through;\">14h00 \u2013 18h00<\/td>\n\t\t\t<td style=\"text-decoration: line-through;\">Entr\u00e9e libre<\/td>\n\t\t<\/tr>\n\t\t<tr valign=\"top\">\n\t\t\t<th><a href=\"\/site\/portfolio-item\/journees-portes-ouvertes-les-feuilles-vertes-2019\/\" title=\"Derni\u00e8re porte ouverte avant notre d\u00e9part\">Derni\u00e8re porte ouverte avant notre d\u00e9part<\/a> (Bruxelles)<\/th>\n\t\t\t<td>Di. 01\/03\/2020<\/td>\n\t\t\t<td>14h00 \u2013 18h00<\/td>\n\t\t\t<td>Entr\u00e9e libre<\/td>\n\t\t<\/tr>\n\t\t<tr valign=\"top\">\n\t\t\t<th class=\"section\">F\u00eate du th\u00e9<\/th>\n\t\t\t<th><a href=\"\/site\/portfolio-item\/fete-du-the-au-rouge-cloitre\/\" title=\"Rouge-Clo\u00eetre\">Rouge-Clo\u00eetre<\/a> (Bruxelles)<\/th>\n\t\t\t<td>Di. 14\/06\/2020<\/td>\n\t\t\t<td>13h00 \u2013 18h00<\/td>\n\t\t\t<td>Entr\u00e9e libre<\/td>\n\t\t<\/tr>\n\t\t<tr valign=\"top\">\n\t\t\t<th rowspan=\"2\" class=\"section\">D\u00e9gustation<\/th>\n\t\t\t<th><a href=\"\/site\/portfolio-item\/degustation-a-domicile\/\" title=\"D\u00e9gustation \u00e0 domicile\">\u00c0 domicile<\/a><\/th>\n\t\t\t<td>Sur r\u00e9servation<\/td>\n\t\t\t<td>&nbsp;<\/td>\n\t\t\t<td>\u00c0 convenir<\/td>\n\t\t<\/tr>\n\t\t<tr valign=\"top\">\n\t\t\t<th><a href=\"\/site\/portfolio-item\/degustation-a-domicile\/\" title=\"D\u00e9gustation en entreprise\">En entreprise<\/a><\/th>\n\t\t\t<td>Sur r\u00e9servation<\/td>\n\t\t\t<td>&nbsp;<\/td>\n\t\t\t<td>\u00c0 convenir<\/td>\n\t\t<\/tr>\n\t<\/tbody>\n<\/table>\n\n\n\n<h2 class=\"wp-block-heading\">Conf\u00e9rences<\/h2>\n\n\n\n<table class=\"wp-block-table BMTableInfo\">\n\t\t\t<thead>\n\t\t\t\t<tr>\n\t\t\t\t\t<td width=\"52%\">&nbsp;<\/td>\n\t\t\t\t\t<td width=\"30%\">Date et Horaire<\/td>\n\t\t\t\t\t<td width=\"18%\">Tarif<\/td>\n\t\t\t\t<\/tr>\n\t\t\t<\/thead>\n\t\t\t<tbody>\n\t\t\t\t<tr valign=\"top\">\n\t\t\t\t\t<th><a href=\"\/site\/portfolio-item\/conferences\/#conf1\" title=\"Conf\u00e9rences\">De Confucius \u00e0 Ai Weiwei en passant par Manet, ou l\u2019itin\u00e9raire d\u2019une pens\u00e9e en acte<\/a> (Laken)<\/th>\n\t\t\t\t\t<td>01\/02\/2020 (15h-17h)<\/td>\n\t\t\t\t\t<td>15\u20ac\/p<\/td>\n\t\t\t\t<\/tr>\n\t\t\t\t<tr valign=\"top\">\n\t\t\t\t\t<th><a href=\"\/site\/portfolio-item\/conferences\/#conf2\" title=\"Conf\u00e9rences\">Th\u00e9 et Sant\u00e9<\/a> (Laken)<\/th>\n\t\t\t\t\t<td>22\/02\/2020 (15h-17h)<\/td>\n\t\t\t\t\t<td>15\u20ac\/p<\/td>\n\t\t\t\t<\/tr>\n\t\t\t\t<tr valign=\"top\">\n\t\t\t\t\t<th><a href=\"\/site\/portfolio-item\/conferences\/#conf3\" title=\"Conf\u00e9rences\">Conf\u00e9rence sur le th\u00e9 \u2013 Il est sauvage ou non ?<\/a> (Laken)<\/th>\n\t\t\t\t\t<td>07\/03\/2020 (15h-17h)<\/td>\n\t\t\t\t\t<td>15\u20ac\/p<\/td>\n\t\t\t\t<\/tr>\n\t\t\t\t<tr valign=\"top\">\n\t\t\t\t\t<th><a href=\"\/site\/portfolio-item\/conferences\/#conf4\" title=\"Conf\u00e9rences\">Culture Z\u00e9ro-Phyto et th\u00e9s sans pesticide<\/a> (Ellezelles)<\/th>\n\t\t\t\t\t<td>07\/06\/2020 (15h-17h)<\/td>\n\t\t\t\t\t<td>15\u20ac\/p (max 15p)<\/td>\n\t\t\t\t<\/tr>\n\t\t\t\t\n\t\t\t<\/tbody>\n\t\t<\/table>\n\n\n\n<h2 class=\"wp-block-heading\">Calendrier<\/h2>\n\n\n\n<div class=\"BMoneMonth\" style=\"opacity:0.4;\">\n\t<div class=\"month\">\n\t\t<ul><li>Septembre 2019<\/li><\/ul>\n\t<\/div>\n\t<ul class=\"weekdays\"><li>Lu<\/li><li>Ma<\/li><li>Me<\/li><li>Je<\/li><li>Ve<\/li><li>Sa<\/li><li>Di<\/li><\/ul>\n\t<ul class=\"days\"><li>&nbsp;<\/li><li>&nbsp;<\/li><li>&nbsp;<\/li><li>&nbsp;<\/li><li>&nbsp;<\/li>\n\t\t<li>&nbsp;<\/li><li>1<\/li><li>2<\/li><li>3<\/li><li>4<\/li><li>5<\/li><li>6<\/li><li>7<\/li><li>8<\/li><li>9<\/li><li>10<\/li><li>11<\/li><li>12<\/li><li>13<\/li><li>14<\/li><li>15<\/li><li>16<\/li><li>17<\/li><li>18<\/li><li>19<\/li><li>20<\/li><li>21<\/li><li class=\"active\">22<br><a href=\"\/site\/portfolio-item\/journees-portes-ouvertes-les-feuilles-vertes-2019\/\" title=\"\">Spring Tea 2019<\/a><\/li><li>23<\/li><li>24<\/li><li>25<\/li><li>26<\/li><li>27<\/li><li>28<\/li><li class=\"active\">29<br><a href=\"\/site\/portfolio-item\/4-thes-verts-de-chine\/\" title=\"4 th\u00e9s verts de Chine\">4 th\u00e9s verts de Chine<\/a><\/li><li>30<\/li>\n\t<\/ul>\n<\/div>\n\n<div class=\"BMoneMonth\" style=\"opacity:0.4;\">\n\t<div class=\"month\">\n\t\t<ul><li>Octobre 2019<\/li><\/ul>\n\t<\/div>\n\t<ul class=\"weekdays\"><li>Lu<\/li><li>Ma<\/li><li>Me<\/li><li>Je<\/li><li>Ve<\/li><li>Sa<\/li><li>Di<\/li><\/ul>\n\t<ul class=\"days\">\n\t\t<li>&nbsp;<\/li>\n\t\t<li>1<\/li><li>2<\/li><li>3<\/li><li>4<\/li><li>5<\/li><li class=\"active\">6<br><a href=\"\/site\/portfolio-item\/le-the-blanc-de-chine\/\" title=\"Le th\u00e9 blanc de Chine\">Le th\u00e9 blanc de Chine<\/a><\/li><li>7<\/li><li>8<\/li><li>9<\/li><li>10<\/li><li>11<\/li><li>12<\/li><li class=\"active\">13<br><a href=\"\/site\/portfolio-item\/6-familles-de-thes-chinois-et-leur-preparation-2019\/\" title=\"6 familles de th\u00e9s chinois et leur pr\u00e9paration | Les Feuilles vertes ASBL\">6 familles de th\u00e9s chinois<br>(session 1)<\/a><\/li><li>14<\/li><li>15<\/li><li>16<\/li><li>17<\/li><li>18<\/li><li>19<\/li><li class=\"active\">20<br><a href=\"\/site\/portfolio-item\/6-familles-de-thes-chinois-et-leur-preparation-2019\/\" title=\"6 familles de th\u00e9s chinois et leur pr\u00e9paration | Les Feuilles vertes ASBL\">6 familles de th\u00e9s chinois<br>(session 1)<\/a><\/li><li>21<\/li><li>22<\/li><li>23<\/li><li>24<\/li><li>25<\/li><li>26<\/li><li>27<\/li><li>28<\/li><li>29<\/li><li>30<\/li><li>31<\/li>\n\t<\/ul>\n<\/div>\n\n<div class=\"BMoneMonth\" style=\"opacity:0.4;\">\n\t<div class=\"month\">\n\t\t<ul><li>Novembre 2019<\/li><\/ul>\n\t<\/div>\n\t<ul class=\"weekdays\"><li>Lu<\/li><li>Ma<\/li><li>Me<\/li><li>Je<\/li><li>Ve<\/li><li>Sa<\/li><li>Di<\/li><\/ul>\n\t<ul class=\"days\">\n\t\t<li>&nbsp;<\/li><li>&nbsp;<\/li><li>&nbsp;<\/li><li>&nbsp;<\/li>\n\t\t<li>1<\/li><li>2<\/li><li>3<\/li><li>4<\/li><li>5<\/li><li>6<\/li><li>7<\/li><li>8<\/li><li>9<\/li><li>10<\/li><li>11<\/li><li>12<\/li><li>13<\/li><li>14<\/li><li>15<\/li><li>16<\/li><li class=\"active\">17<br><a href=\"\/site\/portfolio-item\/journees-portes-ouvertes-les-feuilles-vertes-2019\/\" title=\"Sonori-th\u00e9\">Sonori-th\u00e9<\/a><\/li><li>18<\/li><li>19<\/li><li>20<\/li><li>21<\/li><li>22<\/li><li>23<\/li><li class=\"active\">24<br><a href=\"\/site\/portfolio-item\/tie-guan-yin-danxi-apres-20-ans-de-folie\/\" title=\"Tie Guan Yin d\u2019Anxi \u2013 Apr\u00e8s 20 ans de folie\">Tie Guan Yin d\u2019Anxi \u2013 Apr\u00e8s 20 ans de folie<\/a><\/li><li>25<\/li><li>26<\/li><li>27<\/li><li>28<\/li><li>29<\/li><li>30<\/li><li>31<\/li>\n\t<\/ul>\n<\/div>\n\n<div class=\"BMoneMonth\" style=\"opacity:0.4;\">\n\t<div class=\"month\">\n\t\t<ul><li>D\u00e9cembre 2019<\/li><\/ul>\n\t<\/div>\n\t<ul class=\"weekdays\"><li>Lu<\/li><li>Ma<\/li><li>Me<\/li><li>Je<\/li><li>Ve<\/li><li>Sa<\/li><li>Di<\/li><\/ul>\n\t<ul class=\"days\">\n\t\t<li>&nbsp;<\/li><li>&nbsp;<\/li><li>&nbsp;<\/li><li>&nbsp;<\/li><li>&nbsp;<\/li><li>&nbsp;<\/li>\n\t\t<li>1<\/li><li>2<\/li><li>3<\/li><li>4<\/li><li>5<\/li><li>6<\/li><li>7<\/li><li class=\"active\">8<br><a href=\"\/site\/portfolio-item\/un-jardin-qui-se-promene-en-bouche-%e2%81%83feng-huang-dan-cong\/\" title=\"Un jardin qui se prom\u00e8ne en bouche\">Un jardin qui se prom\u00e8ne en bouche<\/a><\/li><li>9<\/li><li>10<\/li><li>11<\/li><li>12<\/li><li>13<\/li><li>14<\/li><li class=\"active\">15<br><a href=\"\/site\/portfolio-item\/journees-portes-ouvertes-les-feuilles-vertes-2019\/\" title=\"Magasin de th\u00e9 \u00e9ph\u00e9m\u00e8re\">Magasin de th\u00e9 \u00e9ph\u00e9m\u00e8re<\/a><\/li><li>16<\/li><li>17<\/li><li>18<\/li><li>19<\/li><li>20<\/li><li>21<\/li><li>22<\/li><li>23<\/li><li>24<\/li><li>25<\/li><li>26<\/li><li>27<\/li><li>28<\/li><li>29<\/li><li>30<\/li><li>31<\/li>\n\t<\/ul>\n<\/div>\n\n<div class=\"BMoneMonth\" style=\"opacity:0.4;\">\n\t<div class=\"month\">\n\t\t<ul><li>Janvier 2020<\/li><\/ul>\n\t<\/div>\n\t<ul class=\"weekdays\"><li>Lu<\/li><li>Ma<\/li><li>Me<\/li><li>Je<\/li><li>Ve<\/li><li>Sa<\/li><li>Di<\/li><\/ul>\n\t<ul class=\"days\">\n\t\t<li>&nbsp;<\/li><li>&nbsp;<\/li>\n\t\t<li>1<\/li><li>2<\/li><li>3<\/li><li>4<\/li><li>5<\/li><li>6<\/li><li>7<\/li><li>8<\/li><li>9<\/li><li>10<\/li><li>11<\/li><li>12<\/li><li>13<\/li><li>14<\/li><li>15<\/li><li>16<\/li><li>17<\/li><li>18<\/li><li class=\"active\">19<br><a href=\"\/site\/portfolio-item\/thes-et-fromages-2020\/\" title=\"Th\u00e9s et Formages\">Th\u00e9s et Formages<\/a><\/li><li>20<\/li><li>21<\/li><li>22<\/li><li>23<\/li><li>24<\/li><li>25<\/li><li class=\"active\">26<br><a href=\"\/site\/portfolio-item\/journees-portes-ouvertes-les-feuilles-vertes-2019\/\" title=\"Salon de th\u00e9 du Nouvel an chinois\">Salon de th\u00e9 du Nouvel an chinois<\/a><\/li><li>27<\/li><li>28<\/li><li>29<\/li><li>30<\/li><li>31<\/li>\n\t<\/ul>\n<\/div>\n\n<div class=\"BMoneMonth\">\n\t<div class=\"month\">\n\t\t<ul><li>F\u00e9vrier 2020<\/li><\/ul>\n\t<\/div>\n\t<ul class=\"weekdays\"><li>Lu<\/li><li>Ma<\/li><li>Me<\/li><li>Je<\/li><li>Ve<\/li><li>Sa<\/li><li>Di<\/li><\/ul>\n\t<ul class=\"days\">\n\t\t<li>&nbsp;<\/li><li>&nbsp;<\/li><li>&nbsp;<\/li><li>&nbsp;<\/li><li>&nbsp;<\/li>\n\t\t<li class=\"active\">1<br><a href=\"\/site\/portfolio-item\/conferences\/#conf1\" title=\"Conf\u00e9rences\">Conf\u00e9rence : De Confucius \u00e0 Ai Weiwei en passant par Manet<\/a><\/li><li>2<\/li><li>3<\/li><li>4<\/li><li>5<\/li><li>6<\/li><li>7<\/li><li>8<\/li><li class=\"active\">9<br><a href=\"\/site\/portfolio-item\/puerh-sheng-2019\/\" title=\"Puerh Sheng 2019\">Puerh Sheng 2019<\/a><\/li><li>10<\/li><li>11<\/li><li>12<\/li><li>13<\/li><li>14<\/li><li>15<\/li><li>16<\/li><li>17<\/li><li>18<\/li><li>19<\/li><li>20<\/li><li>21<\/li><li class=\"active\">22<br><a href=\"\/site\/portfolio-item\/conferences\/#conf2\" title=\"Conf\u00e9rences\">Conf\u00e9rence : Th\u00e9 et Sant\u00e9<\/a><\/li><li>23<\/li><li>24<\/li><li>25<\/li><li>26<\/li><li>27<\/li><li>28<\/li><li>29<\/li>\n\t<\/ul>\n<\/div>\n\n<div class=\"BMoneMonth\">\n\t<div class=\"month\">\n\t\t<ul><li>Mars 2020<\/li><\/ul>\n\t<\/div>\n\t<ul class=\"weekdays\"><li>Lu<\/li><li>Ma<\/li><li>Me<\/li><li>Je<\/li><li>Ve<\/li><li>Sa<\/li><li>Di<\/li><\/ul>\n\t<ul class=\"days\">\n\t\t<li>&nbsp;<\/li><li>&nbsp;<\/li><li>&nbsp;<\/li><li>&nbsp;<\/li><li>&nbsp;<\/li><li>&nbsp;<\/li>\n\t\t<li class=\"active\">1<br><a href=\"\/site\/portfolio-item\/journees-portes-ouvertes-les-feuilles-vertes-2019\/\" title=\"Derni\u00e8re porte ouverte avant notre d\u00e9part\">Derni\u00e8re porte ouverte avant notre d\u00e9part<\/a><\/li><li>2<\/li><li>3<\/li><li>4<\/li><li>5<\/li><li>6<\/li><li class=\"active\">7<br><a href=\"\/site\/portfolio-item\/conferences\/#conf3\" title=\"Conf\u00e9rences\">Conf\u00e9rence : Th\u00e9&nbsp;\u2013&nbsp;Il est sauvage ou non&nbsp;?<\/a><\/li><li>8<\/li><li>9<\/li><li>10<\/li><li>11<\/li><li>12<\/li><li>13<\/li><li>14<\/li><li class=\"active\">15<br><a href=\"\/site\/portfolio-item\/6-familles-de-thes-chinois-et-leur-preparation-2019\/\" title=\"6 familles de th\u00e9s chinois et leur pr\u00e9paration | Les Feuilles vertes ASBL\">6 familles de th\u00e9s chinois<br>(session 2)<\/a><\/li><li>16<\/li><li>17<\/li><li>18<\/li><li>19<\/li><li>20<\/li><li>21<\/li><li class=\"active\">22<br><a href=\"\/site\/portfolio-item\/6-familles-de-thes-chinois-et-leur-preparation-2019\/\" title=\"6 familles de th\u00e9s chinois et leur pr\u00e9paration | Les Feuilles vertes ASBL\">6 familles de th\u00e9s chinois<br>(session 2)<\/a><\/li><li>23<\/li><li>24<\/li><li>25<\/li><li>26<\/li><li>27<\/li><li>28<\/li><li>29<\/li><li>30<\/li><li>31<\/li>\n\t<\/ul>\n<\/div>\n\n<div class=\"BMoneMonth\">\n\t<div class=\"month\">\n\t\t<ul><li>Avril 2020<\/li><\/ul>\n\t<\/div>\n\t<ul class=\"weekdays\"><li>Lu<\/li><li>Ma<\/li><li>Me<\/li><li>Je<\/li><li>Ve<\/li><li>Sa<\/li><li>Di<\/li><\/ul>\n\t<ul class=\"days\">\n\t\t<li>&nbsp;<\/li><li>&nbsp;<\/li>\n\t\t<li>1<\/li><li>2<\/li><li>3<\/li><li>4<\/li><li>5<\/li><li>6<\/li><li>7<\/li><li>8<\/li><li>9<\/li><li>10<\/li><li>11<\/li><li>12<\/li><li>13<\/li><li>14<\/li><li>15<\/li><li>16<\/li><li>17<\/li><li>18<\/li><li>19<\/li><li>20<\/li><li>21<\/li><li>22<\/li><li>23<\/li><li>24<\/li><li>25<\/li><li>26<\/li><li>27<\/li><li>28<\/li><li>29<\/li><li>30<\/li>\n\t<\/ul>\n<\/div>\n\n<div class=\"BMoneMonth\">\n\t<div class=\"month\">\n\t\t<ul><li>Mai 2020<\/li><\/ul>\n\t<\/div>\n\t<ul class=\"weekdays\"><li>Lu<\/li><li>Ma<\/li><li>Me<\/li><li>Je<\/li><li>Ve<\/li><li>Sa<\/li><li>Di<\/li><\/ul>\n\t<ul class=\"days\">\n\t\t<li>&nbsp;<\/li><li>&nbsp;<\/li><li>&nbsp;<\/li><li>&nbsp;<\/li>\n\t\t<li>1<\/li><li>2<\/li><li>3<\/li><li>4<\/li><li>5<\/li><li>6<\/li><li>7<\/li><li>8<\/li><li>9<\/li><li>10<\/li><li>11<\/li><li>12<\/li><li>13<\/li><li>14<\/li><li>15<\/li><li>16<\/li><li>17<\/li><li>18<\/li><li>19<\/li><li>20<\/li><li>21<\/li><li>22<\/li><li>23<\/li><li>24<\/li><li>25<\/li><li>26<\/li><li>27<\/li><li>28<\/li><li>29<\/li><li>30<\/li><li>31<\/li>\n\t<\/ul>\n<\/div>\n\n<div class=\"BMoneMonth\">\n\t<div class=\"month\">\n\t\t<ul><li>Juin 2020<\/li><\/ul>\n\t<\/div>\n\t<ul class=\"weekdays\"><li>Lu<\/li><li>Ma<\/li><li>Me<\/li><li>Je<\/li><li>Ve<\/li><li>Sa<\/li><li>Di<\/li><\/ul>\n\t<ul class=\"days\">\n\t\t\n\t\t<li>1<\/li><li>2<\/li><li>3<\/li><li>4<\/li><li>5<\/li><li>6<\/li><li class=\"active\">7<br><a href=\"\/site\/portfolio-item\/conferences\/#conf4\" title=\"Conf\u00e9rences\">Conf\u00e9rence : Culture Z\u00e9ro-Phyto et th\u00e9s sans pesticide<\/a><\/li><li>8<\/li><li>9<\/li><li>10<\/li><li>11<\/li><li>12<\/li><li>13<\/li><li>14<\/li><li>15<\/li><li>16<\/li><li>17<\/li><li>18<\/li><li>19<\/li><li>20<\/li><li>21<\/li><li>22<\/li><li>23<\/li><li>24<\/li><li>25<\/li><li>26<\/li><li>27<\/li><li>28<\/li><li>29<\/li><li>30<\/li>\n\t<\/ul>\n<\/div>\n\n<div class=\"BMoneMonth\">\n\t<div class=\"month\">\n\t\t<ul><li>Juillet 2020<\/li><\/ul>\n\t<\/div>\n\t<ul class=\"weekdays\"><li>Lu<\/li><li>Ma<\/li><li>Me<\/li><li>Je<\/li><li>Ve<\/li><li>Sa<\/li><li>Di<\/li><\/ul>\n\t<ul class=\"days\">\n\t\t<li>&nbsp;<\/li><li>&nbsp;<\/li>\n\t\t<li>1<\/li><li>2<\/li><li>3<\/li><li>4<\/li><li>5<\/li><li>6<\/li><li>7<\/li><li>8<\/li><li>9<\/li><li>10<\/li><li>11<\/li><li>12<\/li><li>13<\/li><li>14<\/li><li>15<\/li><li>16<\/li><li>17<\/li><li>18<\/li><li>19<\/li><li>20<\/li><li>21<\/li><li>22<\/li><li>23<\/li><li>24<\/li><li>25<\/li><li>26<\/li><li>27<\/li><li>28<\/li><li>29<\/li><li>30<\/li><li>31<\/li>\n\t<\/ul>\n<\/div>\n\n<div class=\"BMoneMonth\">\n\t<div class=\"month\">\n\t\t<ul><li>Ao\u00fbt 2020<\/li><\/ul>\n\t<\/div>\n\t<ul class=\"weekdays\"><li>Lu<\/li><li>Ma<\/li><li>Me<\/li><li>Je<\/li><li>Ve<\/li><li>Sa<\/li><li>Di<\/li><\/ul>\n\t<ul class=\"days\">\n\t\t<li>&nbsp;<\/li><li>&nbsp;<\/li><li>&nbsp;<\/li><li>&nbsp;<\/li><li>&nbsp;<\/li>\n\t\t<li>1<\/li><li>2<\/li><li>3<\/li><li>4<\/li><li>5<\/li><li>6<\/li><li>7<\/li><li>8<\/li><li>9<\/li><li>10<\/li><li>11<\/li><li>12<\/li><li>13<\/li><li>14<\/li><li>15<\/li><li>16<\/li><li>17<\/li><li>18<\/li><li>19<\/li><li>20<\/li><li>21<\/li><li>22<\/li><li>23<\/li><li>24<\/li><li>25<\/li><li>26<\/li><li>27<\/li><li>28<\/li><li>29<\/li><li>30<\/li><li>31<\/li>\n\t<\/ul>\n<\/div>\n","protected":false},"excerpt":{"rendered":"<p>Nos ateliers &nbsp; Niveau Date et Horaire Tarif 4 th\u00e9s verts de Chine (Bruxelles) D\u00e9couverteAmateur 29\/09\/2019 (15h-17h) 30\u20ac\/p Le th\u00e9 blanc de Chine (Bruxelles) Amateur 06\/10\/2019 (15h-17h) 30\u20ac\/p Tie Guan Yin d\u2019Anxi \u2013 Apr\u00e8s 20 ans de folie (Bruxelles) Connaisseur 24\/11\/2019 (15h-17h30) 30\u20ac\/p Un jardin qui se prom\u00e8ne en bouche (Bruxelles) \u2013 Feng Huang Dan&#8230;<\/p>\n","protected":false},"author":5,"featured_media":0,"parent":0,"menu_order":0,"comment_status":"closed","ping_status":"closed","template":"templates\/fullwidth.php","meta":{"_acf_changed":false,"_mc_calendar":[],"footnotes":""},"class_list":["post-1787","page","type-page","status-publish","hentry","page-entry","loop-entry clr"],"acf":[],"_links":{"self":[{"href":"https:\/\/www.lesfeuillesvertes.com\/site\/wp-json\/wp\/v2\/pages\/1787","targetHints":{"allow":["GET"]}}],"collection":[{"href":"https:\/\/www.lesfeuillesvertes.com\/site\/wp-json\/wp\/v2\/pages"}],"about":[{"href":"https:\/\/www.lesfeuillesvertes.com\/site\/wp-json\/wp\/v2\/types\/page"}],"author":[{"embeddable":true,"href":"https:\/\/www.lesfeuillesvertes.com\/site\/wp-json\/wp\/v2\/users\/5"}],"replies":[{"embeddable":true,"href":"https:\/\/www.lesfeuillesvertes.com\/site\/wp-json\/wp\/v2\/comments?post=1787"}],"version-history":[{"count":91,"href":"https:\/\/www.lesfeuillesvertes.com\/site\/wp-json\/wp\/v2\/pages\/1787\/revisions"}],"predecessor-version":[{"id":2059,"href":"https:\/\/www.lesfeuillesvertes.com\/site\/wp-json\/wp\/v2\/pages\/1787\/revisions\/2059"}],"wp:attachment":[{"href":"https:\/\/www.lesfeuillesvertes.com\/site\/wp-json\/wp\/v2\/media?parent=1787"}],"curies":[{"name":"wp","href":"https:\/\/api.w.org\/{rel}","templated":true}]}}