{"id":192,"date":"2014-10-24T14:38:17","date_gmt":"2014-10-24T13:38:17","guid":{"rendered":"http:\/\/www.lesfeuillesvertes.com\/site\/?page_id=192"},"modified":"2015-12-14T16:26:31","modified_gmt":"2015-12-14T15:26:31","slug":"zi-sun-cha","status":"publish","type":"page","link":"https:\/\/www.lesfeuillesvertes.com\/site\/zi-sun-cha\/","title":{"rendered":"Zi Sun Cha"},"content":{"rendered":"<p>Un grand th\u00e9 classique, \u00e9tait d\u00e9couvert par Lu Yu (733-804). On retrouve la trace officiel de sa pr\u00e9sence dans la liste du tribut des empereurs pendant la p\u00e9riode de la dynastie Tang (618-907) en Chine. Nous avons enfin trouv\u00e9 le traitement manuel de ce cru ancestral. C\u2019est chez Monsieur Ni, une famille rare qui sauvegarde encore cette tradition, que nous avons eu la chance d\u2019assister \u00e0 tout ce processus&#8230;<br \/>\n<div class=\"cycloneslider cycloneslider-template-thumbnails cycloneslider-width-responsive\" id=\"cycloneslider-zi-sun-cha-1\" style=\"max-width:960px\" ><div class=\"cycloneslider-slides cycle-slideshow\"\tdata-cycle-allow-wrap=\"true\" data-cycle-dynamic-height=\"off\" data-cycle-auto-height=\"960:600\" data-cycle-auto-height-easing=\"null\" data-cycle-auto-height-speed=\"250\" data-cycle-delay=\"0\" data-cycle-easing=\"\" data-cycle-fx=\"fade\" data-cycle-hide-non-active=\"true\" data-cycle-log=\"false\" data-cycle-next=\"#cycloneslider-zi-sun-cha-1 .cycloneslider-next\" data-cycle-pager=\"#cycloneslider-zi-sun-cha-1 .cycloneslider-pager\" data-cycle-pause-on-hover=\"true\" data-cycle-prev=\"#cycloneslider-zi-sun-cha-1 .cycloneslider-prev\" data-cycle-slides=\"&gt; div\" data-cycle-speed=\"1000\" data-cycle-swipe=\"1\" data-cycle-tile-count=\"7\" data-cycle-tile-delay=\"100\" data-cycle-tile-vertical=\"true\" data-cycle-timeout=\"4000\"\t> <div class=\"cycloneslider-slide cycloneslider-slide-image\" > <img decoding=\"async\" src=\"https:\/\/www.lesfeuillesvertes.com\/site\/wp-content\/uploads\/2015\/12\/chang_01-960x600.jpg\" alt=\"\" title=\"\" \/> <\/div> <div class=\"cycloneslider-slide cycloneslider-slide-image\" > <img decoding=\"async\" src=\"https:\/\/www.lesfeuillesvertes.com\/site\/wp-content\/uploads\/2015\/12\/chang_02-960x600.jpg\" alt=\"\" title=\"\" \/> <\/div> <div class=\"cycloneslider-slide cycloneslider-slide-image\" > <img decoding=\"async\" src=\"https:\/\/www.lesfeuillesvertes.com\/site\/wp-content\/uploads\/2015\/12\/chang_03-960x600.jpg\" alt=\"\" title=\"\" \/> <\/div> <div class=\"cycloneslider-slide cycloneslider-slide-image\" > <img decoding=\"async\" src=\"https:\/\/www.lesfeuillesvertes.com\/site\/wp-content\/uploads\/2015\/12\/chang_04-960x600.jpg\" alt=\"\" title=\"\" \/> <\/div> <div class=\"cycloneslider-slide cycloneslider-slide-image\" > <img decoding=\"async\" src=\"https:\/\/www.lesfeuillesvertes.com\/site\/wp-content\/uploads\/2015\/12\/chang_05-960x600.jpg\" alt=\"\" title=\"\" \/> <\/div> <div class=\"cycloneslider-slide cycloneslider-slide-image\" > <img decoding=\"async\" src=\"https:\/\/www.lesfeuillesvertes.com\/site\/wp-content\/uploads\/2015\/12\/chang_06-960x600.jpg\" alt=\"\" title=\"\" \/> <\/div> <div class=\"cycloneslider-slide cycloneslider-slide-image\" > <img decoding=\"async\" src=\"https:\/\/www.lesfeuillesvertes.com\/site\/wp-content\/uploads\/2015\/12\/chang_07-960x600.jpg\" alt=\"\" title=\"\" \/> <\/div> <div class=\"cycloneslider-slide cycloneslider-slide-image\" > <img decoding=\"async\" src=\"https:\/\/www.lesfeuillesvertes.com\/site\/wp-content\/uploads\/2015\/12\/chang_08-960x600.jpg\" alt=\"\" title=\"\" \/> <\/div> <div class=\"cycloneslider-slide cycloneslider-slide-image\" > <img decoding=\"async\" src=\"https:\/\/www.lesfeuillesvertes.com\/site\/wp-content\/uploads\/2015\/12\/chang_09-960x600.jpg\" alt=\"\" title=\"\" \/> <\/div> <div class=\"cycloneslider-slide cycloneslider-slide-image\" > <img decoding=\"async\" src=\"https:\/\/www.lesfeuillesvertes.com\/site\/wp-content\/uploads\/2015\/12\/chang_10-960x600.jpg\" alt=\"\" title=\"\" \/> <\/div> <div class=\"cycloneslider-slide cycloneslider-slide-image\" > <img decoding=\"async\" src=\"https:\/\/www.lesfeuillesvertes.com\/site\/wp-content\/uploads\/2015\/12\/chang_11-960x600.jpg\" alt=\"\" title=\"\" \/> <\/div> <div class=\"cycloneslider-slide cycloneslider-slide-image\" > <img decoding=\"async\" src=\"https:\/\/www.lesfeuillesvertes.com\/site\/wp-content\/uploads\/2015\/12\/chang_12-960x600.jpg\" alt=\"\" title=\"\" \/> <\/div> <div class=\"cycloneslider-slide cycloneslider-slide-image\" > <img decoding=\"async\" src=\"https:\/\/www.lesfeuillesvertes.com\/site\/wp-content\/uploads\/2015\/12\/chang_13-960x600.jpg\" alt=\"\" title=\"\" \/> <\/div> <div class=\"cycloneslider-slide cycloneslider-slide-image\" > <img decoding=\"async\" src=\"https:\/\/www.lesfeuillesvertes.com\/site\/wp-content\/uploads\/2015\/12\/chang_14-960x600.jpg\" alt=\"\" title=\"\" \/> <\/div> <div class=\"cycloneslider-slide cycloneslider-slide-image\" > <img decoding=\"async\" src=\"https:\/\/www.lesfeuillesvertes.com\/site\/wp-content\/uploads\/2015\/12\/chang_15-960x600.jpg\" alt=\"\" title=\"\" \/> <\/div> <div class=\"cycloneslider-slide cycloneslider-slide-image\" > <img decoding=\"async\" src=\"https:\/\/www.lesfeuillesvertes.com\/site\/wp-content\/uploads\/2015\/12\/chang_16-960x600.jpg\" alt=\"\" title=\"\" \/> <\/div> <div class=\"cycloneslider-slide cycloneslider-slide-image\" > <img decoding=\"async\" src=\"https:\/\/www.lesfeuillesvertes.com\/site\/wp-content\/uploads\/2015\/12\/chang_17-960x600.jpg\" alt=\"\" title=\"\" \/> <\/div> <div class=\"cycloneslider-slide cycloneslider-slide-image\" > <img decoding=\"async\" src=\"https:\/\/www.lesfeuillesvertes.com\/site\/wp-content\/uploads\/2015\/12\/chang_18-960x600.jpg\" alt=\"\" title=\"\" \/> <\/div> <\/div><div class=\"cycloneslider-prev\"><\/div><div class=\"cycloneslider-next\"><\/div><\/div><div id=\"cycloneslider-zi-sun-cha-1-pager\" class=\"cycloneslider-template-thumbnails cycloneslider-thumbnails\"\tstyle=\"max-width:960px\" ><ul class=\"clearfix\"> <li><img loading=\"lazy\" decoding=\"async\" src=\"https:\/\/www.lesfeuillesvertes.com\/site\/wp-content\/uploads\/2015\/12\/chang_01-40x40.jpg\" width=\"40\" height=\"40\" alt=\"\" title=\"\" \/><\/li> <li><img loading=\"lazy\" decoding=\"async\" src=\"https:\/\/www.lesfeuillesvertes.com\/site\/wp-content\/uploads\/2015\/12\/chang_02-40x40.jpg\" width=\"40\" height=\"40\" alt=\"\" title=\"\" \/><\/li> <li><img loading=\"lazy\" decoding=\"async\" src=\"https:\/\/www.lesfeuillesvertes.com\/site\/wp-content\/uploads\/2015\/12\/chang_03-40x40.jpg\" width=\"40\" height=\"40\" alt=\"\" title=\"\" \/><\/li> <li><img loading=\"lazy\" decoding=\"async\" src=\"https:\/\/www.lesfeuillesvertes.com\/site\/wp-content\/uploads\/2015\/12\/chang_04-40x40.jpg\" width=\"40\" height=\"40\" alt=\"\" title=\"\" \/><\/li> <li><img loading=\"lazy\" decoding=\"async\" src=\"https:\/\/www.lesfeuillesvertes.com\/site\/wp-content\/uploads\/2015\/12\/chang_05-40x40.jpg\" width=\"40\" height=\"40\" alt=\"\" title=\"\" \/><\/li> <li><img loading=\"lazy\" decoding=\"async\" src=\"https:\/\/www.lesfeuillesvertes.com\/site\/wp-content\/uploads\/2015\/12\/chang_06-40x40.jpg\" width=\"40\" height=\"40\" alt=\"\" title=\"\" \/><\/li> <li><img loading=\"lazy\" decoding=\"async\" src=\"https:\/\/www.lesfeuillesvertes.com\/site\/wp-content\/uploads\/2015\/12\/chang_07-40x40.jpg\" width=\"40\" height=\"40\" alt=\"\" title=\"\" \/><\/li> <li><img loading=\"lazy\" decoding=\"async\" src=\"https:\/\/www.lesfeuillesvertes.com\/site\/wp-content\/uploads\/2015\/12\/chang_08-40x40.jpg\" width=\"40\" height=\"40\" alt=\"\" title=\"\" \/><\/li> <li><img loading=\"lazy\" decoding=\"async\" src=\"https:\/\/www.lesfeuillesvertes.com\/site\/wp-content\/uploads\/2015\/12\/chang_09-40x40.jpg\" width=\"40\" height=\"40\" alt=\"\" title=\"\" \/><\/li> <li><img loading=\"lazy\" decoding=\"async\" src=\"https:\/\/www.lesfeuillesvertes.com\/site\/wp-content\/uploads\/2015\/12\/chang_10-40x40.jpg\" width=\"40\" height=\"40\" alt=\"\" title=\"\" \/><\/li> <li><img loading=\"lazy\" decoding=\"async\" src=\"https:\/\/www.lesfeuillesvertes.com\/site\/wp-content\/uploads\/2015\/12\/chang_11-40x40.jpg\" width=\"40\" height=\"40\" alt=\"\" title=\"\" \/><\/li> <li><img loading=\"lazy\" decoding=\"async\" src=\"https:\/\/www.lesfeuillesvertes.com\/site\/wp-content\/uploads\/2015\/12\/chang_12-40x40.jpg\" width=\"40\" height=\"40\" alt=\"\" title=\"\" \/><\/li> <li><img loading=\"lazy\" decoding=\"async\" src=\"https:\/\/www.lesfeuillesvertes.com\/site\/wp-content\/uploads\/2015\/12\/chang_13-40x40.jpg\" width=\"40\" height=\"40\" alt=\"\" title=\"\" \/><\/li> <li><img loading=\"lazy\" decoding=\"async\" src=\"https:\/\/www.lesfeuillesvertes.com\/site\/wp-content\/uploads\/2015\/12\/chang_14-40x40.jpg\" width=\"40\" height=\"40\" alt=\"\" title=\"\" \/><\/li> <li><img loading=\"lazy\" decoding=\"async\" src=\"https:\/\/www.lesfeuillesvertes.com\/site\/wp-content\/uploads\/2015\/12\/chang_15-40x40.jpg\" width=\"40\" height=\"40\" alt=\"\" title=\"\" \/><\/li> <li><img loading=\"lazy\" decoding=\"async\" src=\"https:\/\/www.lesfeuillesvertes.com\/site\/wp-content\/uploads\/2015\/12\/chang_16-40x40.jpg\" width=\"40\" height=\"40\" alt=\"\" title=\"\" \/><\/li> <li><img loading=\"lazy\" decoding=\"async\" src=\"https:\/\/www.lesfeuillesvertes.com\/site\/wp-content\/uploads\/2015\/12\/chang_17-40x40.jpg\" width=\"40\" height=\"40\" alt=\"\" title=\"\" \/><\/li> <li><img loading=\"lazy\" decoding=\"async\" src=\"https:\/\/www.lesfeuillesvertes.com\/site\/wp-content\/uploads\/2015\/12\/chang_18-40x40.jpg\" width=\"40\" height=\"40\" alt=\"\" title=\"\" \/><\/li> <\/ul><\/div>\n<p>Copyright \u00a9 lesfeuillesvertes.com<\/p>\n","protected":false},"excerpt":{"rendered":"<p>Un grand th\u00e9 classique, \u00e9tait d\u00e9couvert par Lu Yu (733-804). On retrouve la trace officiel de sa pr\u00e9sence dans la liste du tribut des empereurs pendant la p\u00e9riode de la dynastie Tang (618-907) en Chine. Nous avons enfin trouv\u00e9 le traitement manuel de ce cru ancestral. C\u2019est chez Monsieur Ni, une famille rare qui sauvegarde&#8230;<\/p>\n","protected":false},"author":1,"featured_media":0,"parent":0,"menu_order":0,"comment_status":"open","ping_status":"open","template":"templates\/fullwidth.php","meta":{"_acf_changed":false,"_mc_calendar":[],"footnotes":""},"class_list":["post-192","page","type-page","status-publish","hentry","page-entry","loop-entry clr"],"acf":[],"_links":{"self":[{"href":"https:\/\/www.lesfeuillesvertes.com\/site\/wp-json\/wp\/v2\/pages\/192","targetHints":{"allow":["GET"]}}],"collection":[{"href":"https:\/\/www.lesfeuillesvertes.com\/site\/wp-json\/wp\/v2\/pages"}],"about":[{"href":"https:\/\/www.lesfeuillesvertes.com\/site\/wp-json\/wp\/v2\/types\/page"}],"author":[{"embeddable":true,"href":"https:\/\/www.lesfeuillesvertes.com\/site\/wp-json\/wp\/v2\/users\/1"}],"replies":[{"embeddable":true,"href":"https:\/\/www.lesfeuillesvertes.com\/site\/wp-json\/wp\/v2\/comments?post=192"}],"version-history":[{"count":3,"href":"https:\/\/www.lesfeuillesvertes.com\/site\/wp-json\/wp\/v2\/pages\/192\/revisions"}],"predecessor-version":[{"id":441,"href":"https:\/\/www.lesfeuillesvertes.com\/site\/wp-json\/wp\/v2\/pages\/192\/revisions\/441"}],"wp:attachment":[{"href":"https:\/\/www.lesfeuillesvertes.com\/site\/wp-json\/wp\/v2\/media?parent=192"}],"curies":[{"name":"wp","href":"https:\/\/api.w.org\/{rel}","templated":true}]}}