{"id":198,"date":"2014-10-24T14:39:32","date_gmt":"2014-10-24T13:39:32","guid":{"rendered":"http:\/\/www.lesfeuillesvertes.com\/site\/?page_id=198"},"modified":"2015-12-14T17:32:15","modified_gmt":"2015-12-14T16:32:15","slug":"feng-huang-dan-cong","status":"publish","type":"page","link":"https:\/\/www.lesfeuillesvertes.com\/site\/feng-huang-dan-cong\/","title":{"rendered":"Feng Huang Dan Cong"},"content":{"rendered":"<p>Dans le monde du Wulong nous avons : le Tieguanyin de Anxi, le Dahongpao de Wuyi, le Dongding de Taiwan et le Feng Huang Dan Cong de Chaozhou.<br \/>\nCe Wulong de haute qualit\u00e9 exige un savoir-faire totalement manuel, depuis la cueillette, le fl\u00e9trissage, la fermentation jusqu&rsquo;au s\u00e9chage final. La diversit\u00e9 d&rsquo;ar\u00f4mes de ce th\u00e9 nous a \u00e9t\u00e9 offert par des rencontres, nombreuses, profondes en compagnie desquelles nous nous sommes laiss\u00e9s submerger dans le monde si riche du Dan Cong, ivres par le Chao Zhou Gong Fu Cha (= l&rsquo;art de la pr\u00e9paration du th\u00e9 de Chao Zhou).<br \/>\n<div class=\"cycloneslider cycloneslider-template-thumbnails cycloneslider-width-responsive\" id=\"cycloneslider-feng-huang-dan-cong-1\" style=\"max-width:960px\" ><div class=\"cycloneslider-slides cycle-slideshow\"\tdata-cycle-allow-wrap=\"true\" data-cycle-dynamic-height=\"off\" data-cycle-auto-height=\"960:600\" data-cycle-auto-height-easing=\"null\" data-cycle-auto-height-speed=\"250\" data-cycle-delay=\"0\" data-cycle-easing=\"\" data-cycle-fx=\"fade\" data-cycle-hide-non-active=\"true\" data-cycle-log=\"false\" data-cycle-next=\"#cycloneslider-feng-huang-dan-cong-1 .cycloneslider-next\" data-cycle-pager=\"#cycloneslider-feng-huang-dan-cong-1 .cycloneslider-pager\" data-cycle-pause-on-hover=\"true\" data-cycle-prev=\"#cycloneslider-feng-huang-dan-cong-1 .cycloneslider-prev\" data-cycle-slides=\"&gt; div\" data-cycle-speed=\"1000\" data-cycle-swipe=\"1\" data-cycle-tile-count=\"7\" data-cycle-tile-delay=\"100\" data-cycle-tile-vertical=\"true\" data-cycle-timeout=\"4000\"\t> <div class=\"cycloneslider-slide cycloneslider-slide-image\" > <img decoding=\"async\" src=\"https:\/\/www.lesfeuillesvertes.com\/site\/wp-content\/uploads\/2015\/12\/dan_01-960x600.jpg\" alt=\"\" title=\"\" \/> <\/div> <div class=\"cycloneslider-slide cycloneslider-slide-image\" > <img decoding=\"async\" src=\"https:\/\/www.lesfeuillesvertes.com\/site\/wp-content\/uploads\/2015\/12\/dan_02-960x600.jpg\" alt=\"\" title=\"\" \/> <\/div> <div class=\"cycloneslider-slide cycloneslider-slide-image\" > <img decoding=\"async\" src=\"https:\/\/www.lesfeuillesvertes.com\/site\/wp-content\/uploads\/2015\/12\/dan_03-960x600.jpg\" alt=\"\" title=\"\" \/> <\/div> <div class=\"cycloneslider-slide cycloneslider-slide-image\" > <img decoding=\"async\" src=\"https:\/\/www.lesfeuillesvertes.com\/site\/wp-content\/uploads\/2015\/12\/dan_04-960x600.jpg\" alt=\"\" title=\"\" \/> <\/div> <div class=\"cycloneslider-slide cycloneslider-slide-image\" > <img decoding=\"async\" src=\"https:\/\/www.lesfeuillesvertes.com\/site\/wp-content\/uploads\/2015\/12\/dan_05-960x600.jpg\" alt=\"\" title=\"\" \/> <\/div> <div class=\"cycloneslider-slide cycloneslider-slide-image\" > <img decoding=\"async\" src=\"https:\/\/www.lesfeuillesvertes.com\/site\/wp-content\/uploads\/2015\/12\/dan_06-960x600.jpg\" alt=\"\" title=\"\" \/> <\/div> <div class=\"cycloneslider-slide cycloneslider-slide-image\" > <img decoding=\"async\" src=\"https:\/\/www.lesfeuillesvertes.com\/site\/wp-content\/uploads\/2015\/12\/dan_07-960x600.jpg\" alt=\"\" title=\"\" \/> <\/div> <div class=\"cycloneslider-slide cycloneslider-slide-image\" > <img decoding=\"async\" src=\"https:\/\/www.lesfeuillesvertes.com\/site\/wp-content\/uploads\/2015\/12\/dan_08-960x600.jpg\" alt=\"\" title=\"\" \/> <\/div> <div class=\"cycloneslider-slide cycloneslider-slide-image\" > <img decoding=\"async\" src=\"https:\/\/www.lesfeuillesvertes.com\/site\/wp-content\/uploads\/2015\/12\/dan_09-960x600.jpg\" alt=\"\" title=\"\" \/> <\/div> <div class=\"cycloneslider-slide cycloneslider-slide-image\" > <img decoding=\"async\" src=\"https:\/\/www.lesfeuillesvertes.com\/site\/wp-content\/uploads\/2015\/12\/dan_10-960x600.jpg\" alt=\"\" title=\"\" \/> <\/div> <div class=\"cycloneslider-slide cycloneslider-slide-image\" > <img decoding=\"async\" src=\"https:\/\/www.lesfeuillesvertes.com\/site\/wp-content\/uploads\/2015\/12\/dan_11-960x600.jpg\" alt=\"\" title=\"\" \/> <\/div> <div class=\"cycloneslider-slide cycloneslider-slide-image\" > <img decoding=\"async\" src=\"https:\/\/www.lesfeuillesvertes.com\/site\/wp-content\/uploads\/2015\/12\/dan_12-960x600.jpg\" alt=\"\" title=\"\" \/> <\/div> <div class=\"cycloneslider-slide cycloneslider-slide-image\" > <img decoding=\"async\" src=\"https:\/\/www.lesfeuillesvertes.com\/site\/wp-content\/uploads\/2015\/12\/dan_13-960x600.jpg\" alt=\"\" title=\"\" \/> <\/div> <div class=\"cycloneslider-slide cycloneslider-slide-image\" > <img decoding=\"async\" src=\"https:\/\/www.lesfeuillesvertes.com\/site\/wp-content\/uploads\/2015\/12\/dan_14-960x600.jpg\" alt=\"\" title=\"\" \/> <\/div> <div class=\"cycloneslider-slide cycloneslider-slide-image\" > <img decoding=\"async\" src=\"https:\/\/www.lesfeuillesvertes.com\/site\/wp-content\/uploads\/2015\/12\/dan_15-960x600.jpg\" alt=\"\" title=\"\" \/> <\/div> <div class=\"cycloneslider-slide cycloneslider-slide-image\" > <img decoding=\"async\" src=\"https:\/\/www.lesfeuillesvertes.com\/site\/wp-content\/uploads\/2015\/12\/dan_16-960x600.jpg\" alt=\"\" title=\"\" \/> <\/div> <div class=\"cycloneslider-slide cycloneslider-slide-image\" > <img decoding=\"async\" src=\"https:\/\/www.lesfeuillesvertes.com\/site\/wp-content\/uploads\/2015\/12\/dan_17-960x600.jpg\" alt=\"\" title=\"\" \/> <\/div> <div class=\"cycloneslider-slide cycloneslider-slide-image\" > <img decoding=\"async\" src=\"https:\/\/www.lesfeuillesvertes.com\/site\/wp-content\/uploads\/2015\/12\/dan_18-960x600.jpg\" alt=\"\" title=\"\" \/> <\/div> <div class=\"cycloneslider-slide cycloneslider-slide-image\" > <img decoding=\"async\" src=\"https:\/\/www.lesfeuillesvertes.com\/site\/wp-content\/uploads\/2015\/12\/dan_19-960x600.jpg\" alt=\"\" title=\"\" \/> <\/div> <div class=\"cycloneslider-slide cycloneslider-slide-image\" > <img decoding=\"async\" src=\"https:\/\/www.lesfeuillesvertes.com\/site\/wp-content\/uploads\/2015\/12\/dan_20-960x600.jpg\" alt=\"\" title=\"\" \/> <\/div> <div class=\"cycloneslider-slide cycloneslider-slide-image\" > <img decoding=\"async\" src=\"https:\/\/www.lesfeuillesvertes.com\/site\/wp-content\/uploads\/2015\/12\/dan_21-960x600.jpg\" alt=\"\" title=\"\" \/> <\/div> <div class=\"cycloneslider-slide cycloneslider-slide-image\" > <img decoding=\"async\" src=\"https:\/\/www.lesfeuillesvertes.com\/site\/wp-content\/uploads\/2015\/12\/dan_22-960x600.jpg\" alt=\"\" title=\"\" \/> <\/div> <div class=\"cycloneslider-slide cycloneslider-slide-image\" > <img decoding=\"async\" src=\"https:\/\/www.lesfeuillesvertes.com\/site\/wp-content\/uploads\/2015\/12\/dan_23-960x600.jpg\" alt=\"\" title=\"\" \/> <\/div> <div class=\"cycloneslider-slide cycloneslider-slide-image\" > <img decoding=\"async\" src=\"https:\/\/www.lesfeuillesvertes.com\/site\/wp-content\/uploads\/2015\/12\/dan_24-960x600.jpg\" alt=\"\" title=\"\" \/> <\/div> <\/div><div class=\"cycloneslider-prev\"><\/div><div class=\"cycloneslider-next\"><\/div><\/div><div id=\"cycloneslider-feng-huang-dan-cong-1-pager\" class=\"cycloneslider-template-thumbnails cycloneslider-thumbnails\"\tstyle=\"max-width:960px\" ><ul class=\"clearfix\"> <li><img loading=\"lazy\" decoding=\"async\" src=\"https:\/\/www.lesfeuillesvertes.com\/site\/wp-content\/uploads\/2015\/12\/dan_01-40x40.jpg\" width=\"40\" height=\"40\" alt=\"\" title=\"\" \/><\/li> <li><img loading=\"lazy\" decoding=\"async\" src=\"https:\/\/www.lesfeuillesvertes.com\/site\/wp-content\/uploads\/2015\/12\/dan_02-40x40.jpg\" width=\"40\" height=\"40\" alt=\"\" title=\"\" \/><\/li> <li><img loading=\"lazy\" decoding=\"async\" src=\"https:\/\/www.lesfeuillesvertes.com\/site\/wp-content\/uploads\/2015\/12\/dan_03-40x40.jpg\" width=\"40\" height=\"40\" alt=\"\" title=\"\" \/><\/li> <li><img loading=\"lazy\" decoding=\"async\" src=\"https:\/\/www.lesfeuillesvertes.com\/site\/wp-content\/uploads\/2015\/12\/dan_04-40x40.jpg\" width=\"40\" height=\"40\" alt=\"\" title=\"\" \/><\/li> <li><img loading=\"lazy\" decoding=\"async\" src=\"https:\/\/www.lesfeuillesvertes.com\/site\/wp-content\/uploads\/2015\/12\/dan_05-40x40.jpg\" width=\"40\" height=\"40\" alt=\"\" title=\"\" \/><\/li> <li><img loading=\"lazy\" decoding=\"async\" src=\"https:\/\/www.lesfeuillesvertes.com\/site\/wp-content\/uploads\/2015\/12\/dan_06-40x40.jpg\" width=\"40\" height=\"40\" alt=\"\" title=\"\" \/><\/li> <li><img loading=\"lazy\" decoding=\"async\" src=\"https:\/\/www.lesfeuillesvertes.com\/site\/wp-content\/uploads\/2015\/12\/dan_07-40x40.jpg\" width=\"40\" height=\"40\" alt=\"\" title=\"\" \/><\/li> <li><img loading=\"lazy\" decoding=\"async\" src=\"https:\/\/www.lesfeuillesvertes.com\/site\/wp-content\/uploads\/2015\/12\/dan_08-40x40.jpg\" width=\"40\" height=\"40\" alt=\"\" title=\"\" \/><\/li> <li><img loading=\"lazy\" decoding=\"async\" src=\"https:\/\/www.lesfeuillesvertes.com\/site\/wp-content\/uploads\/2015\/12\/dan_09-40x40.jpg\" width=\"40\" height=\"40\" alt=\"\" title=\"\" \/><\/li> <li><img loading=\"lazy\" decoding=\"async\" src=\"https:\/\/www.lesfeuillesvertes.com\/site\/wp-content\/uploads\/2015\/12\/dan_10-40x40.jpg\" width=\"40\" height=\"40\" alt=\"\" title=\"\" \/><\/li> <li><img loading=\"lazy\" decoding=\"async\" src=\"https:\/\/www.lesfeuillesvertes.com\/site\/wp-content\/uploads\/2015\/12\/dan_11-40x40.jpg\" width=\"40\" height=\"40\" alt=\"\" title=\"\" \/><\/li> <li><img loading=\"lazy\" decoding=\"async\" src=\"https:\/\/www.lesfeuillesvertes.com\/site\/wp-content\/uploads\/2015\/12\/dan_12-40x40.jpg\" width=\"40\" height=\"40\" alt=\"\" title=\"\" \/><\/li> <li><img loading=\"lazy\" decoding=\"async\" src=\"https:\/\/www.lesfeuillesvertes.com\/site\/wp-content\/uploads\/2015\/12\/dan_13-40x40.jpg\" width=\"40\" height=\"40\" alt=\"\" title=\"\" \/><\/li> <li><img loading=\"lazy\" decoding=\"async\" src=\"https:\/\/www.lesfeuillesvertes.com\/site\/wp-content\/uploads\/2015\/12\/dan_14-40x40.jpg\" width=\"40\" height=\"40\" alt=\"\" title=\"\" \/><\/li> <li><img loading=\"lazy\" decoding=\"async\" src=\"https:\/\/www.lesfeuillesvertes.com\/site\/wp-content\/uploads\/2015\/12\/dan_15-40x40.jpg\" width=\"40\" height=\"40\" alt=\"\" title=\"\" \/><\/li> <li><img loading=\"lazy\" decoding=\"async\" src=\"https:\/\/www.lesfeuillesvertes.com\/site\/wp-content\/uploads\/2015\/12\/dan_16-40x40.jpg\" width=\"40\" height=\"40\" alt=\"\" title=\"\" \/><\/li> <li><img loading=\"lazy\" decoding=\"async\" src=\"https:\/\/www.lesfeuillesvertes.com\/site\/wp-content\/uploads\/2015\/12\/dan_17-40x40.jpg\" width=\"40\" height=\"40\" alt=\"\" title=\"\" \/><\/li> <li><img loading=\"lazy\" decoding=\"async\" src=\"https:\/\/www.lesfeuillesvertes.com\/site\/wp-content\/uploads\/2015\/12\/dan_18-40x40.jpg\" width=\"40\" height=\"40\" alt=\"\" title=\"\" \/><\/li> <li><img loading=\"lazy\" decoding=\"async\" src=\"https:\/\/www.lesfeuillesvertes.com\/site\/wp-content\/uploads\/2015\/12\/dan_19-40x40.jpg\" width=\"40\" height=\"40\" alt=\"\" title=\"\" \/><\/li> <li><img loading=\"lazy\" decoding=\"async\" src=\"https:\/\/www.lesfeuillesvertes.com\/site\/wp-content\/uploads\/2015\/12\/dan_20-40x40.jpg\" width=\"40\" height=\"40\" alt=\"\" title=\"\" \/><\/li> <li><img loading=\"lazy\" decoding=\"async\" src=\"https:\/\/www.lesfeuillesvertes.com\/site\/wp-content\/uploads\/2015\/12\/dan_21-40x40.jpg\" width=\"40\" height=\"40\" alt=\"\" title=\"\" \/><\/li> <li><img loading=\"lazy\" decoding=\"async\" src=\"https:\/\/www.lesfeuillesvertes.com\/site\/wp-content\/uploads\/2015\/12\/dan_22-40x40.jpg\" width=\"40\" height=\"40\" alt=\"\" title=\"\" \/><\/li> <li><img loading=\"lazy\" decoding=\"async\" src=\"https:\/\/www.lesfeuillesvertes.com\/site\/wp-content\/uploads\/2015\/12\/dan_23-40x40.jpg\" width=\"40\" height=\"40\" alt=\"\" title=\"\" \/><\/li> <li><img loading=\"lazy\" decoding=\"async\" src=\"https:\/\/www.lesfeuillesvertes.com\/site\/wp-content\/uploads\/2015\/12\/dan_24-40x40.jpg\" width=\"40\" height=\"40\" alt=\"\" title=\"\" \/><\/li> <\/ul><\/div>\n<p>Copyright \u00a9 lesfeuillesvertes.com<\/p>\n","protected":false},"excerpt":{"rendered":"<p>Dans le monde du Wulong nous avons : le Tieguanyin de Anxi, le Dahongpao de Wuyi, le Dongding de Taiwan et le Feng Huang Dan Cong de Chaozhou. Ce Wulong de haute qualit\u00e9 exige un savoir-faire totalement manuel, depuis la cueillette, le fl\u00e9trissage, la fermentation jusqu&rsquo;au s\u00e9chage final. La diversit\u00e9 d&rsquo;ar\u00f4mes de ce th\u00e9 nous&#8230;<\/p>\n","protected":false},"author":1,"featured_media":0,"parent":0,"menu_order":0,"comment_status":"open","ping_status":"open","template":"templates\/fullwidth.php","meta":{"_acf_changed":false,"_mc_calendar":[],"footnotes":""},"class_list":["post-198","page","type-page","status-publish","hentry","page-entry","loop-entry clr"],"acf":[],"_links":{"self":[{"href":"https:\/\/www.lesfeuillesvertes.com\/site\/wp-json\/wp\/v2\/pages\/198","targetHints":{"allow":["GET"]}}],"collection":[{"href":"https:\/\/www.lesfeuillesvertes.com\/site\/wp-json\/wp\/v2\/pages"}],"about":[{"href":"https:\/\/www.lesfeuillesvertes.com\/site\/wp-json\/wp\/v2\/types\/page"}],"author":[{"embeddable":true,"href":"https:\/\/www.lesfeuillesvertes.com\/site\/wp-json\/wp\/v2\/users\/1"}],"replies":[{"embeddable":true,"href":"https:\/\/www.lesfeuillesvertes.com\/site\/wp-json\/wp\/v2\/comments?post=198"}],"version-history":[{"count":3,"href":"https:\/\/www.lesfeuillesvertes.com\/site\/wp-json\/wp\/v2\/pages\/198\/revisions"}],"predecessor-version":[{"id":614,"href":"https:\/\/www.lesfeuillesvertes.com\/site\/wp-json\/wp\/v2\/pages\/198\/revisions\/614"}],"wp:attachment":[{"href":"https:\/\/www.lesfeuillesvertes.com\/site\/wp-json\/wp\/v2\/media?parent=198"}],"curies":[{"name":"wp","href":"https:\/\/api.w.org\/{rel}","templated":true}]}}