{"id":2065,"date":"2020-09-27T21:36:31","date_gmt":"2020-09-27T20:36:31","guid":{"rendered":"http:\/\/www.lesfeuillesvertes.com\/site\/?page_id=2065"},"modified":"2020-10-04T13:44:25","modified_gmt":"2020-10-04T12:44:25","slug":"calendrier-des-ateliers-et-evenements-2020-2021","status":"publish","type":"page","link":"https:\/\/www.lesfeuillesvertes.com\/site\/calendrier-des-ateliers-et-evenements-2020-2021\/","title":{"rendered":"Calendrier des ateliers et \u00e9v\u00e9nements 2020-2021"},"content":{"rendered":"\n<h2 class=\"wp-block-heading\">Nos ateliers<\/h2>\n\n\n\n<table class=\"wp-block-table BMTableInfo\">\n  \t\t<thead>\n  \t\t\t<tr>\n  \t\t\t\t<td width=\"38%\">&nbsp;<\/td>\n  \t\t\t\t<td width=\"14%\">Niveau<\/td>\n  \t\t\t\t<td width=\"30%\">Date et Horaire<\/td>\n  \t\t\t\t<td width=\"18%\">Tarif<\/td>\n  \t\t\t<\/tr>\n  \t\t<\/thead>\n  \t\t<tbody>\n  \t\t\t<tr valign=\"top\" style=\"\">\n  \t\t\t\t<th><a href=\"\/site\/portfolio-item\/octobre-the-vert-lu-cha-\u7eff\u8336\/\" title=\"Th\u00e9 vert - L\u00fb Cha \u7eff\u8336 \">Th\u00e9 vert &#8211; L\u00fb Cha \u7eff\u8336<\/a> (Bruxelles)<\/th>\n  \t\t\t\t<td>Amateur<\/td>\n  \t\t\t\t<td>25\/10\/2020 (14h-15h30 ou 16h30-18h)<\/td>\n  \t\t\t\t<td>20\u20ac\/p<\/td>\n  \t\t\t<\/tr>\n<tr valign=\"top\">\n  \t\t\t\t<th><a href=\"\/site\/portfolio-item\/six-familles-de-the-chinois-bruxelles-\u516d\u5927\u7c7b\u4e2d\u56fd\u8336\/\" title=\"Six familles de th\u00e9 chinois \u516d\u5927\u7c7b\u4e2d\u56fd\u8336\">Six familles de th\u00e9 chinois \u516d\u5927\u7c7b\u4e2d\u56fd\u8336<\/a> (Bruxelles)<\/th>\n  \t\t\t\t<td>D\u00e9couverte<\/td>\n  \t\t\t\t<td>08\/11\/2020 (14h-15h30 ou 16h30-18h)<\/td>\n  \t\t\t\t<td>20\u20ac\/p<\/td>\n  \t\t\t<\/tr>\n  \t\t\t<tr valign=\"top\" style=\"\">\n  \t\t\t\t<th><a href=\"\/site\/portfolio-item\/novembre-the-blanc-bai-cha-\u767d\u8336\/\" title=\"Th\u00e9 blanc - Bai Cha \u767d\u8336\">Th\u00e9 blanc &#8211; Bai Cha \u767d\u8336<\/a> (Bruxelles) <\/th>\n  \t\t\t\t<td>Amateur<\/td>\n  \t\t\t\t<td>22\/11\/2020 (14h-15h30 ou 16h30-18h)<\/td>\n  \t\t\t\t<td>20\u20ac\/p<\/td>\n  \t\t\t<\/tr>\n  \t\t\t<tr valign=\"top\" style=\"\">\n  \t\t\t\t<th><a href=\"\/site\/portfolio-item\/decembre-the-rouge-noir-hong-cha-\u7ea2\u8336\/\" title=\"Th\u00e9 rouge \/ noir - Hong Cha \u7ea2\u8336\">Th\u00e9 rouge \/ noir &#8211; Hong Cha \u7ea2\u8336<\/a> (Bruxelles)<\/th>\n  \t\t\t\t<td>Amateur<\/td>\n  \t\t\t\t<td>13\/12\/2020 (14h-15h30 ou 16h30-18h)<\/td>\n  \t\t\t\t<td>20\u20ac\/p<\/td>\n  \t\t\t<\/tr>\n  \t\t\t<tr valign=\"top\" style=\"\">\n  \t\t\t\t<th><a href=\"\/site\/portfolio-item\/janvier-the-bleu-vert-wulong-cha-\u4e4c\u9f99\u8336\/\" title=\"Th\u00e9 Bleu-vert - Wulong Cha \u4e4c\u9f99\u8336\">Th\u00e9 Bleu-vert &#8211; Wulong Cha \u4e4c\u9f99\u8336<\/a> (Bruxelles)<\/th>\n  \t\t\t\t<td>Amateur<\/td>\n  \t\t\t\t<td>24\/01\/2021 (14h-15h30 ou 16h30-18h)<\/td>\n  \t\t\t\t<td>20\u20ac\/p<\/td>\n  \t\t\t<\/tr>\n  \t\t\t<tr valign=\"top\" style=\"\">\n  \t\t\t\t<th><a href=\"\/site\/portfolio-item\/fevrier-the-sombre-puerh-hei-cha-\u9ed1\u8336\/\" title=\"Th\u00e9 sombre \/ Puerh - Hei Cha \u9ed1\u8336\">Th\u00e9 sombre \/ Puerh &#8211; Hei Cha \u9ed1\u8336<\/a> (Bruxelles)<\/th>\n  \t\t\t\t<td>Connaisseur<\/td>\n  \t\t\t\t<td>21\/02\/2021 (14h-15h30 ou 16h30-18h)<\/td>\n  \t\t\t\t<td>20\u20ac\/p<\/td>\n  \t\t\t<\/tr>\n  \t\t\t\n  \t\t\t<tr valign=\"top\">\n  \t\t\t\t<th><a href=\"\/site\/portfolio-item\/mars-the-jaune-huang-cha-\u9ec4\u8336\/\" title=\"Th\u00e9 jaune - Huang Cha \u9ec4\u8336\">Th\u00e9 jaune &#8211; Huang Cha \u9ec4\u8336<\/a> (Bruxelles)<\/th>\n  \t\t\t\t<td>Amateur<\/td>\n  \t\t\t\t<td>07\/03\/2021 (14h-15h30 ou 16h30-18h)<\/td>\n  \t\t\t\t<td>20\u20ac\/p<\/td>\n  \t\t\t<\/tr>\n  \t\t\t\n  \t\t<\/tbody>\n  \t<\/table>\n\n\n\n<ul>\n\t<li><strong>Niveau D\u00e9couverte<\/strong><br>Atelier ouvert \u00e0 toute personne d\u00e9sireuse de mieux conna\u00eetre le th\u00e9 de Chine. Aucune connaissance pr\u00e9alable du th\u00e9 n\u2019est requise.<\/li><li><strong>Niveau Amateur<\/strong><br>Atelier ouvert \u00e0 toute personne ayant d\u00e9j\u00e0 particip\u00e9 au minimum \u00e0 l\u2019atelier d\u00e9couverte des 6 familles de th\u00e9 et leur pr\u00e9paration, ou exp\u00e9rience \u00e9quivalente.<\/li><li><strong>Niveau Connaisseur<\/strong><br>Atelier d\u2019approfondissement ouvert \u00e0 toute personne ayant suivi au minimum 5 ateliers de niveau Amateur durant les ann\u00e9es qui pr\u00e9c\u00e8dent, ou exp\u00e9rience \u00e9quivalente.<\/li><\/ul>\n\n\n\n<h2 class=\"wp-block-heading\">Nos \u00e9v\u00e9nements<\/h2>\n\n\n\n<table class=\"wp-block-table BMTableInfo\">\n\t\t<thead>\n\t\t\t<tr>\n\t\t\t\t<td width=\"18%\">&nbsp;<\/td>\n\t\t\t\t<td width=\"43%\">&nbsp;<\/td>\n\t\t\t\t<td width=\"14%\">Date<\/td>\n\t\t\t\t<td width=\"14%\">Horaire<\/td>\n\t\t\t\t<td width=\"11%\">Tarif<\/td>\n\t\t\t<\/tr>\n\t\t<\/thead>\n\t\t<tbody>\n<tr valign=\"top\">\n\t\t\t\t<th class=\"section\">Sur rendez-vous<\/th>\n\t\t\t\t<th style=\"\"><a href=\"\/site\/portfolio-item\/degustation-sur-rendez-vous-les-jeudis\/\" title=\"D\u00e9gustation sur rendez-vous\">D\u00e9gustation sur rendez-vous<\/a> (Bruxelles)<\/th>\n\t\t\t\t<td style=\"\">Les jeudis<\/td>\n\t\t\t\t<td style=\"\">14h00 \u2013 18h00<\/td>\n\t\t\t\t<td style=\"\">15\u20ac\/p<br\/>20\u20ac\/2p<\/td>\n\t\t\t<\/tr>\t\t\t\n<tr valign=\"top\">\n\t\t\t\t<th rowspan=\"2\" class=\"section\">Journ\u00e9es<br>portes ouvertes<\/th>\n\t\t\t\t<th style=\"\"><a href=\"\/site\/portfolio-item\/journees-portes-ouvertes-les-feuilles-vertes-2020-2021\/\" title=\"Magasin de th\u00e9 \u00e9ph\u00e9m\u00e8re\">Magasin de th\u00e9 \u00e9ph\u00e9m\u00e8re<\/a> (Bruxelles)<\/th>\n\t\t\t\t<td style=\"\">Di. 20\/12\/2020<\/td>\n\t\t\t\t<td style=\"\">14h00 \u2013 18h00<\/td>\n\t\t\t\t<td style=\"\">Entr\u00e9e libre<\/td>\n\t\t\t<\/tr>\n\t\t\t<tr valign=\"top\">\n\t\t\t\t<th><a href=\"\/site\/portfolio-item\/journees-portes-ouvertes-les-feuilles-vertes-2020-2021\/\" title=\"D\u00e9gustation libre\">D\u00e9gustation libre<\/a> (Bruxelles)<\/th>\n\t\t\t\t<td>Di. 14\/03\/2021<\/td>\n\t\t\t\t<td>14h00 \u2013 18h00<\/td>\n\t\t\t\t<td>Entr\u00e9e libre<\/td>\n\t\t\t<\/tr>\n\t\t\t\n\t\t\t\n\t\t\t\n\t\t<\/tbody>\n\t<\/table>\n\n\n\n<h2 class=\"wp-block-heading\">Calendrier<\/h2>\n\n\n\n<div class=\"BMoneMonth\" style=\"opacity:1;\">\n\t\t<div class=\"month\">\n\t\t\t<ul><li>Octobre 2020<\/li><\/ul>\n\t\t<\/div>\n\t\t<ul class=\"weekdays\"><li>Lu<\/li><li>Ma<\/li><li>Me<\/li><li>Je<\/li><li>Ve<\/li><li>Sa<\/li><li>Di<\/li><\/ul><ul class=\"days\"><li>&nbsp;<\/li><li>&nbsp;<\/li><li>&nbsp;<\/li><li>1<\/li><li>2<\/li><li>3<\/li><li>4<\/li><li>5<\/li><li>6<\/li><li>7<\/li><li>8<\/li><li>9<\/li><li>10<\/li><li>11<\/li><li>12<\/li><li>13<\/li><li>14<\/li><li>15<\/li><li>16<\/li><li>17<\/li><li>18<\/li><li>19<\/li><li>20<\/li><li>21<\/li><li>22<\/li><li>23<\/li><li>24<\/li><li class=\"active\">25<br><a href=\"\/site\/portfolio-item\/octobre-the-vert-lu-cha-\u7eff\u8336\/\" title=\"Th\u00e9 vert - L\u00fb Cha \u7eff\u8336 \">Th\u00e9 vert<\/a><\/li><li>26<\/li><li>27<\/li><li>28<\/li><li>29<\/li><li>30<\/li><li>31<\/li><li>&nbsp;<\/li><\/ul>\n\t<\/div>\n\t\n\t<div class=\"BMoneMonth\" style=\"opacity:1;\">\n\t\t<div class=\"month\">\n\t\t\t<ul><li>Novembre 2020<\/li><\/ul>\n\t\t<\/div>\n\t<ul class=\"weekdays\"><li>Lu<\/li><li>Ma<\/li><li>Me<\/li><li>Je<\/li><li>Ve<\/li><li>Sa<\/li><li>Di<\/li><\/ul><ul class=\"days\"><li>&nbsp;<\/li><li>&nbsp;<\/li><li>&nbsp;<\/li><li>&nbsp;<\/li><li>&nbsp;<\/li><li>&nbsp;<\/li><li>1<\/li><li>2<\/li><li>3<\/li><li>4<\/li><li>5<\/li><li>6<\/li><li>7<\/li><li class=\"active\">8<br><a href=\"\/site\/portfolio-item\/six-familles-de-the-chinois-bruxelles-\u516d\u5927\u7c7b\u4e2d\u56fd\u8336\/\" title=\"Six familles de th\u00e9 chinois \u516d\u5927\u7c7b\u4e2d\u56fd\u8336\">Six familles de th\u00e9 chinois \u516d\u5927\u7c7b\u4e2d\u56fd\u8336<\/a><\/li><li>9<\/li><li>10<\/li><li>11<\/li><li>12<\/li><li>13<\/li><li>14<\/li><li>15<\/li><li>16<\/li><li>17<\/li><li>18<\/li><li>19<\/li><li>20<\/li><li>21<\/li><li class=\"active\">22<br><a href=\"\/site\/portfolio-item\/novembre-the-blanc-bai-cha-\u767d\u8336\/\" title=\"Th\u00e9 blanc - Bai Cha \u767d\u8336\">Th\u00e9 blanc<\/a><\/li><li>23<\/li><li>24<\/li><li>25<\/li><li>26<\/li><li>27<\/li><li>28<\/li><li>29<\/li><li>30<\/li><li>&nbsp;<\/li><li>&nbsp;<\/li><li>&nbsp;<\/li><li>&nbsp;<\/li><li>&nbsp;<\/li><li>&nbsp;<\/li><\/ul>\n\t<\/div>\n\t\n\t<div class=\"BMoneMonth\" style=\"opacity:1;\">\n\t\t<div class=\"month\">\n\t\t\t<ul><li>D\u00e9cembre 2020<\/li><\/ul>\n\t\t<\/div>\n\t\t<ul class=\"weekdays\"><li>Lu<\/li><li>Ma<\/li><li>Me<\/li><li>Je<\/li><li>Ve<\/li><li>Sa<\/li><li>Di<\/li><\/ul><ul class=\"days\"><li>&nbsp;<\/li><li>1<\/li><li>2<\/li><li>3<\/li><li>4<\/li><li>5<\/li><li>6<\/li><li>7<\/li><li>8<\/li><li>9<\/li><li>10<\/li><li>11<\/li><li>12<\/li><li class=\"active\">13<br><a href=\"\/site\/portfolio-item\/decembre-the-rouge-noir-hong-cha-\u7ea2\u8336\/\" title=\"Th\u00e9 rouge \/ noir - Hong Cha \u7ea2\u8336\">Th\u00e9 rouge \/ noir<\/a><\/li><li>14<\/li><li>15<\/li><li>16<\/li><li>17<\/li><li>18<\/li><li>19<\/li><li class=\"active\">20<br><a href=\"\/site\/portfolio-item\/journees-portes-ouvertes-les-feuilles-vertes-2020-2021\/\" title=\"Magasin de th\u00e9 \u00e9ph\u00e9m\u00e8re\">Magasin de th\u00e9 \u00e9ph\u00e9m\u00e8re<\/a><\/li><li>21<\/li><li>22<\/li><li>23<\/li><li>24<\/li><li>25<\/li><li>26<\/li><li>27<\/li><li>28<\/li><li>29<\/li><li>30<\/li><li>31<\/li><li>&nbsp;<\/li><li>&nbsp;<\/li><li>&nbsp;<\/li><\/ul>\n\t<\/div>\n\t\n\t<div class=\"BMoneMonth\" style=\"opacity:1;\">\n\t\t<div class=\"month\">\n\t\t\t<ul><li>Janvier 2021<\/li><\/ul>\n\t\t<\/div>\n\t\t<ul class=\"weekdays\"><li>Lu<\/li><li>Ma<\/li><li>Me<\/li><li>Je<\/li><li>Ve<\/li><li>Sa<\/li><li>Di<\/li><\/ul><ul class=\"days\"><li>&nbsp;<\/li><li>&nbsp;<\/li><li>&nbsp;<\/li><li>&nbsp;<\/li><li>1<\/li><li>2<\/li><li>3<\/li><li>4<\/li><li>5<\/li><li>6<\/li><li>7<\/li><li>8<\/li><li>9<\/li><li>10<\/li><li>11<\/li><li>12<\/li><li>13<\/li><li>14<\/li><li>15<\/li><li>16<\/li><li>17<\/li><li>18<\/li><li>19<\/li><li>20<\/li><li>21<\/li><li>22<\/li><li>23<\/li><li class=\"active\">24<br><a href=\"\/site\/portfolio-item\/janvier-the-bleu-vert-wulong-cha-\u4e4c\u9f99\u8336\/\" title=\"Th\u00e9 Bleu-vert - Wulong Cha \u4e4c\u9f99\u8336\">Th\u00e9 Bleu-vert<\/a><\/li><li>25<\/li><li>26<\/li><li>27<\/li><li>28<\/li><li>29<\/li><li>30<\/li><li>31<\/li><\/ul>\n\t<\/div>\n\t\n\t<div class=\"BMoneMonth\" style=\"opacity:1;\">\n\t\t<div class=\"month\">\n\t\t\t<ul><li>F\u00e9vrier 2021<\/li><\/ul>\n\t\t<\/div>\n\t\t<ul class=\"weekdays\"><li>Lu<\/li><li>Ma<\/li><li>Me<\/li><li>Je<\/li><li>Ve<\/li><li>Sa<\/li><li>Di<\/li><\/ul><ul class=\"days\"><li>1<\/li><li>2<\/li><li>3<\/li><li>4<\/li><li>5<\/li><li>6<\/li><li>7<\/li><li>8<\/li><li>9<\/li><li>10<\/li><li>11<\/li><li>12<\/li><li>13<\/li><li>14<\/li><li>15<\/li><li>16<\/li><li>17<\/li><li>18<\/li><li>19<\/li><li>20<\/li><li class=\"active\">21<br><a href=\"\/site\/portfolio-item\/fevrier-the-sombre-puerh-hei-cha-\u9ed1\u8336\/\" title=\"Th\u00e9 sombre \/ Puerh - Hei Cha \u9ed1\u8336\">Th\u00e9 sombre<\/a><\/li><li>22<\/li><li>23<\/li><li>24<\/li><li>25<\/li><li>26<\/li><li>27<\/li><li>28<\/li> <\/ul>\n\t<\/div>\n\t\n\t<div class=\"BMoneMonth\" style=\"opacity:1;\">\n\t\t<div class=\"month\">\n\t\t\t<ul><li>Mars 2021<\/li><\/ul>\n\t\t<\/div>\n\t\t<ul class=\"weekdays\"><li>Lu<\/li><li>Ma<\/li><li>Me<\/li><li>Je<\/li><li>Ve<\/li><li>Sa<\/li><li>Di<\/li><\/ul><ul class=\"days\"><li>1<\/li><li>2<\/li><li>3<\/li><li>4<\/li><li>5<\/li><li>6<\/li><li class=\"active\">7<br><a href=\"\/site\/portfolio-item\/mars-the-jaune-huang-cha-\u9ec4\u8336\/\" title=\"Th\u00e9 jaune - Huang Cha \u9ec4\u8336\">Th\u00e9 jaune<\/a><\/li><li>8<\/li><li>9<\/li><li>10<\/li><li>11<\/li><li>12<\/li><li>13<\/li><li>14<\/li><li>15<\/li><li>16<\/li><li>17<\/li><li>18<\/li><li>19<\/li><li>20<\/li><li>21<\/li><li>22<\/li><li>23<\/li><li>24<\/li><li>25<\/li><li>26<\/li><li>27<\/li><li>28<\/li><li>29<\/li><li>30<\/li><li>31<\/li><li>&nbsp;<\/li><li>&nbsp;<\/li><li>&nbsp;<\/li><li>&nbsp;<\/li><\/ul>\n\t<\/div>\n\t\n\t<div class=\"BMoneMonth\" style=\"opacity:1;\">\n\t\t<div class=\"month\">\n\t\t\t<ul><li>Avril 2021<\/li><\/ul>\n\t\t<\/div>\n\t\t<ul class=\"weekdays\"><li>Lu<\/li><li>Ma<\/li><li>Me<\/li><li>Je<\/li><li>Ve<\/li><li>Sa<\/li><li>Di<\/li><\/ul><ul class=\"days\"><li>&nbsp;<\/li><li>&nbsp;<\/li><li>&nbsp;<\/li><li>1<\/li><li>2<\/li><li>3<\/li><li>4<\/li><li>5<\/li><li>6<\/li><li>7<\/li><li>8<\/li><li>9<\/li><li>10<\/li><li>11<\/li><li>12<\/li><li>13<\/li><li>14<\/li><li>15<\/li><li>16<\/li><li>17<\/li><li>18<\/li><li>19<\/li><li>20<\/li><li>21<\/li><li>22<\/li><li>23<\/li><li>24<\/li><li>25<\/li><li>26<\/li><li>27<\/li><li>28<\/li><li>29<\/li><li>30<\/li><li>&nbsp;<\/li><li>&nbsp;<\/li><\/ul>\n\t<\/div>\n\t\n\t<div class=\"BMoneMonth\" style=\"opacity:1;\">\n\t\t<div class=\"month\">\n\t\t\t<ul><li>Mai 2021<\/li><\/ul>\n\t\t<\/div>\n\t\t<ul class=\"weekdays\"><li>Lu<\/li><li>Ma<\/li><li>Me<\/li><li>Je<\/li><li>Ve<\/li><li>Sa<\/li><li>Di<\/li><\/ul><ul class=\"days\"><li>&nbsp;<\/li><li>&nbsp;<\/li><li>&nbsp;<\/li><li>&nbsp;<\/li><li>&nbsp;<\/li><li>1<\/li><li>2<\/li><li>3<\/li><li>4<\/li><li>5<\/li><li>6<\/li><li>7<\/li><li>8<\/li><li>9<\/li><li>10<\/li><li>11<\/li><li>12<\/li><li>13<\/li><li>14<\/li><li>15<\/li><li>16<\/li><li>17<\/li><li>18<\/li><li>19<\/li><li>20<\/li><li>21<\/li><li>22<\/li><li>23<\/li><li>24<\/li><li>25<\/li><li>26<\/li><li>27<\/li><li>28<\/li><li>29<\/li><li>30<\/li><li>31<\/li><li>&nbsp;<\/li><li>&nbsp;<\/li><li>&nbsp;<\/li><li>&nbsp;<\/li><li>&nbsp;<\/li><li>&nbsp;<\/li><\/ul>\n\t<\/div>\n\t\n\t<div class=\"BMoneMonth\" style=\"opacity:1;\">\n\t\t<div class=\"month\">\n\t\t\t<ul><li>Juin 2021<\/li><\/ul>\n\t\t<\/div>\n\t\t<ul class=\"weekdays\"><li>Lu<\/li><li>Ma<\/li><li>Me<\/li><li>Je<\/li><li>Ve<\/li><li>Sa<\/li><li>Di<\/li><\/ul><ul class=\"days\"><li>&nbsp;<\/li><li>1<\/li><li>2<\/li><li>3<\/li><li>4<\/li><li>5<\/li><li>6<\/li><li>7<\/li><li>8<\/li><li>9<\/li><li>10<\/li><li>11<\/li><li>12<\/li><li>13<\/li><li>14<\/li><li>15<\/li><li>16<\/li><li>17<\/li><li>18<\/li><li>19<\/li><li>20<\/li><li>21<\/li><li>22<\/li><li>23<\/li><li>24<\/li><li>25<\/li><li>26<\/li><li>27<\/li><li>28<\/li><li>29<\/li><li>30<\/li><li>&nbsp;<\/li><li>&nbsp;<\/li><li>&nbsp;<\/li><li>&nbsp;<\/li><\/ul>\n\t<\/div>\n","protected":false},"excerpt":{"rendered":"<p>Nos ateliers &nbsp; Niveau Date et Horaire Tarif Th\u00e9 vert &#8211; L\u00fb Cha \u7eff\u8336 (Bruxelles) Amateur 25\/10\/2020 (14h-15h30 ou 16h30-18h) 20\u20ac\/p Six familles de th\u00e9 chinois \u516d\u5927\u7c7b\u4e2d\u56fd\u8336 (Bruxelles) D\u00e9couverte 08\/11\/2020 (14h-15h30 ou 16h30-18h) 20\u20ac\/p Th\u00e9 blanc &#8211; Bai Cha \u767d\u8336 (Bruxelles) Amateur 22\/11\/2020 (14h-15h30 ou 16h30-18h) 20\u20ac\/p Th\u00e9 rouge \/ noir &#8211; Hong Cha \u7ea2\u8336&#8230;<\/p>\n","protected":false},"author":5,"featured_media":0,"parent":0,"menu_order":0,"comment_status":"closed","ping_status":"closed","template":"templates\/fullwidth.php","meta":{"_acf_changed":false,"_mc_calendar":[],"footnotes":""},"class_list":["post-2065","page","type-page","status-publish","hentry","page-entry","loop-entry clr"],"acf":[],"_links":{"self":[{"href":"https:\/\/www.lesfeuillesvertes.com\/site\/wp-json\/wp\/v2\/pages\/2065","targetHints":{"allow":["GET"]}}],"collection":[{"href":"https:\/\/www.lesfeuillesvertes.com\/site\/wp-json\/wp\/v2\/pages"}],"about":[{"href":"https:\/\/www.lesfeuillesvertes.com\/site\/wp-json\/wp\/v2\/types\/page"}],"author":[{"embeddable":true,"href":"https:\/\/www.lesfeuillesvertes.com\/site\/wp-json\/wp\/v2\/users\/5"}],"replies":[{"embeddable":true,"href":"https:\/\/www.lesfeuillesvertes.com\/site\/wp-json\/wp\/v2\/comments?post=2065"}],"version-history":[{"count":29,"href":"https:\/\/www.lesfeuillesvertes.com\/site\/wp-json\/wp\/v2\/pages\/2065\/revisions"}],"predecessor-version":[{"id":2196,"href":"https:\/\/www.lesfeuillesvertes.com\/site\/wp-json\/wp\/v2\/pages\/2065\/revisions\/2196"}],"wp:attachment":[{"href":"https:\/\/www.lesfeuillesvertes.com\/site\/wp-json\/wp\/v2\/media?parent=2065"}],"curies":[{"name":"wp","href":"https:\/\/api.w.org\/{rel}","templated":true}]}}