{"id":2353,"date":"2023-09-25T16:39:37","date_gmt":"2023-09-25T15:39:37","guid":{"rendered":"http:\/\/www.lesfeuillesvertes.com\/site\/?page_id=2353"},"modified":"2024-01-22T12:49:36","modified_gmt":"2024-01-22T11:49:36","slug":"calendrier-des-ateliers-et-evenements-2023-2024","status":"publish","type":"page","link":"https:\/\/www.lesfeuillesvertes.com\/site\/calendrier-des-ateliers-et-evenements-2023-2024\/","title":{"rendered":"Calendrier des ateliers et \u00e9v\u00e9nements 2023-2024"},"content":{"rendered":"\n<h2 class=\"wp-block-heading\">Nos ateliers<\/h2>\n\n\n\n<table class=\"wp-block-table BMTableInfo\">\n\t    <thead>\n\t        <tr>\n\t            <td width=\"38%\">&nbsp;<\/td>\n\t            <td width=\"30%\">Date et Horaire<\/td>\n\t            <td width=\"18%\">Tarif<\/td>\n\t        <\/tr>\n\t    <\/thead>\n\t    <tbody>\n\t        <tr valign=\"top\" style=\"opacity:0.5;\">\n\t            <th><a href=\"\/site\/portfolio-item\/decouvrir-les-6-familles-de-thes-chinois-wodecq\/\" title=\"D\u00e9couvrir les 6 familles de th\u00e9s chinois\">D\u00e9couvrir les 6 familles de th\u00e9s chinois<\/a> (Wodecq)<\/th>\n\t            <td>01\/10\/2023<br>14h30-17h30<\/td>\n\t            <td>40\u20ac\/p<\/td>\n\t        <\/tr>\n\t\t\t<tr valign=\"top\" style=\"opacity:0.5;\">\n\t            <th><a href=\"\/site\/portfolio-item\/bien-preparer-vos-thes-chinois-wodecq\/\" title=\"Bien pr\u00e9parer vos th\u00e9s chinois\">Bien pr\u00e9parer vos th\u00e9s chinois<\/a> (Wodecq)<\/th>\n\t            <td>15\/10\/2023<br>14h30-17h30<\/td>\n\t            <td>40\u20ac\/p<\/td>\n\t        <\/tr>\n\t\t\t<tr valign=\"top\" style=\"opacity:0.5;\">\n\t            <th><a href=\"\/site\/portfolio-item\/oxydation-et-ou-fermentation-du-the\/\" title=\"Oxydation et\/ou fermentation du th\u00e9\">Oxydation et\/ou fermentation du th\u00e9<\/a> (Bruxelles)<\/th>\n\t            <td>29\/10\/2023<br>14h00-17h30<\/td>\n\t            <td>30\u20ac\/p<\/td>\n\t        <\/tr>\n\t\t\t<tr valign=\"top\" style=\"opacity:0.5;\">\n\t            <th><a href=\"\/site\/portfolio-item\/vieillissement-et-stockage-du-the\/\" title=\"Vieillissement et Stockage du th\u00e9\">Vieillissement et Stockage du th\u00e9<\/a> (Bruxelles)<\/th>\n\t            <td>19\/11\/2022<br>14h00-17h30<\/td>\n\t            <td>30\u20ac\/p<\/td>\n\t        <\/tr>\n <tr valign=\"top\" style=\"\">\n\t            <th><a href=\"\/site\/portfolio-item\/decouvrir-les-6-familles-de-thes-chinois-wodecq\/\" title=\"D\u00e9couvrir les 6 familles de th\u00e9s chinois\">D\u00e9couvrir les 6 familles de th\u00e9s chinois<\/a> (Wodecq)<\/th>\n\t            <td>18\/02\/2024<br>14h30-17h30<\/td>\n\t            <td>40\u20ac\/p<\/td>\n\t        <\/tr>\n\t\t\t<tr valign=\"top\">\n\t            <th><a href=\"\/site\/portfolio-item\/portfolio-item\/les-thes-verts\/\" title=\"Les th\u00e9s verts\">Les th\u00e9s verts<\/a> (Bruxelles)<\/th>\n\t            <td>18\/02\/2024<br>14h30-17h30<\/td>\n\t            <td>30\u20ac\/p<\/td>\n\t        <\/tr>\n<tr valign=\"top\">\n\t            <th><a href=\"\/site\/portfolio-item\/bien-preparer-vos-thes-chinois-wodecq\/\" title=\"Bien pr\u00e9parer vos th\u00e9s chinois\">Bien pr\u00e9parer vos th\u00e9s chinois<\/a> (Wodecq)<\/th>\n\t            <td>25\/02\/2024<br>14h30-17h30<\/td>\n\t            <td>40\u20ac\/p<\/td>\n\t        <\/tr>\n\t\t\t<tr valign=\"top\">\n\t            <th><a href=\"\/site\/portfolio-item\/les-thes-rouges-black-tea\/\" title=\"Les Th\u00e9s Rouges (Black tea)\">Les Th\u00e9s Rouges (Black tea)<\/a> (Bruxelles)<\/th>\n\t            <td>17\/03\/2024<br>14h00-17h30<\/td>\n\t            <td>30\u20ac\/p<\/td>\n\t        <\/tr>\n        \n\t    <\/tbody>\n\t<\/table>\n\n\n\n<!--<ul>\n\t<li><strong>Niveau D\u00e9couverte<\/strong><br>Atelier ouvert \u00e0 toute personne d\u00e9sireuse de mieux conna\u00eetre le th\u00e9 de Chine. Aucune connaissance pr\u00e9alable du th\u00e9 n\u2019est requise.<\/li><li><strong>Niveau Amateur<\/strong><br>Atelier ouvert \u00e0 toute personne ayant d\u00e9j\u00e0 particip\u00e9 au minimum \u00e0 l\u2019atelier d\u00e9couverte des 6 familles de th\u00e9 et leur pr\u00e9paration, ou exp\u00e9rience \u00e9quivalente.<\/li><li><strong>Niveau Connaisseur<\/strong><br>Atelier d\u2019approfondissement ouvert \u00e0 toute personne ayant suivi au minimum 5 ateliers de niveau Amateur durant les ann\u00e9es qui pr\u00e9c\u00e8dent, ou exp\u00e9rience \u00e9quivalente.<\/li><\/ul>-->\n\n\n\n<h2 class=\"wp-block-heading\">Nos \u00e9v\u00e9nements<\/h2>\n\n\n\n<table class=\"wp-block-table BMTableInfo\">\n\t    <thead>\n\t        <tr>\n\t            <td width=\"18%\">&nbsp;<\/td>\n\t            <td width=\"43%\">&nbsp;<\/td>\n\t            <td width=\"14%\">Date<\/td>\n\t            <td width=\"14%\">Horaire<\/td>\n\t            <td width=\"11%\">Tarif<\/td>\n\t        <\/tr>\n\t    <\/thead>\n\t\t<tbody>\n\t\t\t<tr valign=\"top\">\n\t\t\t\t<th class=\"section\">Sur rendez-vous<\/th>\n\t\t\t\t<th style=\"\"><a href=\"\/site\/portfolio-item\/degustation-sur-rendez-vous\/\" title=\"D\u00e9gustation sur rendez-vous\">D\u00e9gustation sur rendez-vous<\/a> (Bruxelles)<\/th>\n\t\t\t\t<td style=\"\">Certaines apr\u00e8s-midis de la semaine<\/td>\n\t\t\t\t<td style=\"\">14h00 \u2013 18h00<\/td>\n\t\t\t\t<td style=\"\">10\u20ac\/p\/1h30<\/td>\n\t\t\t<\/tr>\n\t\t\t<tr valign=\"top\" style=\"opacity:0.5;\">\n\t\t\t\t<th class=\"section\">Journ\u00e9es<br>portes ouvertes<\/th>\n\t\t\t\t<th style=\"\"><a href=\"\/site\/portfolio-item\/journees-portes-ouvertes-les-feuilles-vertes\/\" title=\"Journ\u00e9es portes ouvertes Les Feuilles Vertes\">Journ\u00e9es portes ouvertes Les Feuilles Vertes<\/a> (Bruxelles)<\/th>\n\t\t\t\t<td style=\"\">Dim 03\/12\/2023<\/td>\n\t\t\t\t<td style=\"\">14h00 \u2013 18h00<\/td>\n\t\t\t\t<td style=\"\">Entr\u00e9e libre<\/td>\n\t\t\t<\/tr>\t\t\t\n\t\t\t\n\t\t<\/tbody>\n\t<\/table>\n\n\n\n<h2 class=\"wp-block-heading\">Nos salons th\u00e9matiques<\/h2>\n\n\n\n<table class=\"wp-block-table BMTableInfo\">\n\t    <thead>\n\t        <tr>\n\t            <td width=\"55%\">&nbsp;<\/td>\n\t            <td width=\"15%\">Date<\/td>\n\t            <td width=\"15%\">Horaire<\/td>\n\t            <td width=\"15%\">Tarif<\/td>\n\t        <\/tr>\n\t    <\/thead>\n\t\t<tbody>\n\t\t\t\t\t\n\t\t\t<tr valign=\"top\">\n\t\t\t\t<th style=\"\"><a href=\"\/site\/portfolio-item\/salons-thematiques\/#VERTROUGE\" title=\"Les th\u00e9s plus consomm\u00e9s au monde : Th\u00e9 Vert et Th\u00e9 Rouge(Noir)\">Les th\u00e9s plus consomm\u00e9s au monde : Th\u00e9 Vert et Th\u00e9 Rouge(Noir)<\/a><\/th>\n\t\t\t\t<td style=\"\">Dim 21\/01\/2024<\/td>\n\t\t\t\t<td style=\"\">14h00 \u2013 18h00<\/td>\n\t\t\t\t<td style=\"\">\u00c0 partir de 10\u20ac\/p<\/td>\n\t\t\t<\/tr>\t\t\n\t\t\t<tr valign=\"top\">\n            \n\t\t\t\t<th style=\"\"><a href=\"\/site\/portfolio-item\/salons-thematiques\/#6FAMILLES\" title=\"Six familles de th\u00e9s\">Six familles de th\u00e9s<\/a> (Bruxelles)<\/th>\n\t\t\t\t<td style=\"\">Dim 21\/01\/2024<\/td>\n\t\t\t\t<td style=\"\">14h00 \u2013 18h00<\/td>\n\t\t\t\t<td style=\"\">\u00c0 partir de 10\u20ac\/p<\/td>\n\t\t\t<\/tr>\n        \n        \n        \n\t\t<\/tbody>\n\t<\/table>\n\n\n\n<h2 class=\"wp-block-heading\">Calendrier<\/h2>\n\n\n\n<!--  <li class=\"active\">##<br><a href=\"##\" title=\"***\">***<\/a> -->\n\t<div class=\"BMoneMonth\" style=\"opacity:0.5;\">\n\t\t<div class=\"month\">\n\t\t\t<ul><li>Octobre 2023<\/li><\/ul>\n\t\t<\/div>\n\t\t<ul class=\"weekdays\"><li>Lu<\/li><li>Ma<\/li><li>Me<\/li><li>Je<\/li><li>Ve<\/li><li>Sa<\/li><li>Di<\/li><\/ul><ul class=\"days\"><li>&nbsp;<\/li><li>&nbsp;<\/li><li>&nbsp;<\/li><li>&nbsp;<\/li><li>&nbsp;<\/li><li>&nbsp;<\/li><li class=\"active\">1<br><a href=\"https:\/\/www.lesfeuillesvertes.com\/site\/portfolio-item\/decouvrir-les-6-familles-de-thes-chinois-wodecq\/\" title=\"D\u00e9couvrir les 6 familles de th\u00e9s chinois \u2013 Wodecq\">Atelier : D\u00e9couvrir les 6 familles de th\u00e9s chinois<\/a> <\/li><li>2<\/li><li>3<\/li><li>4<\/li><li>5<\/li><li>6<\/li><li>7<\/li><li>8<\/li><li>9<\/li><li>10<\/li><li>11<\/li><li>12<\/li><li>13<\/li><li>14<\/li><li class=\"active\">15<br><a href=\"https:\/\/www.lesfeuillesvertes.com\/site\/portfolio-item\/bien-preparer-vos-thes-chinois-wodecq\/\" title=\"Bien pr\u00e9parer vos th\u00e9s chinois\">Atelier : Bien pr\u00e9parer vos th\u00e9s chinois<\/a><\/li><li>16<\/li><li>17<\/li><li>18<\/li><li>19<\/li><li>20<\/li><li>21<\/li><li>22<\/li><li>23<\/li><li>24<\/li><li>25<\/li><li>26<\/li><li>27<\/li><li>28<\/li><li class=\"active\">29<br><a href=\"https:\/\/www.lesfeuillesvertes.com\/site\/portfolio-item\/oxydation-et-ou-fermentation-du-the\/\" title=\"Oxydation et\/ou fermentation du th\u00e9\">Atelier : Oxydation et\/ou fermentation du th\u00e9<\/a><\/li><li>30<\/li><li>31<\/li><\/ul>\n\t<\/div>\n\n\t<div class=\"BMoneMonth\" style=\"opacity:0.5;\">\n\t\t<div class=\"month\">\n\t\t\t<ul><li>Novembre 2023<\/li><\/ul>\n\t\t<\/div>\n\t\t<ul class=\"weekdays\"><li>Lu<\/li><li>Ma<\/li><li>Me<\/li><li>Je<\/li><li>Ve<\/li><li>Sa<\/li><li>Di<\/li><\/ul><ul class=\"days\"><li>&nbsp;<\/li><li>&nbsp;<\/li><li>1<\/li><li>2<\/li><li>3<\/li><li>4<\/li><li>5<\/li><li>6<\/li><li>7<\/li><li>8<\/li><li>9<\/li><li>10<\/li><li>11<\/li><li>12<\/li><li>13<\/li><li>14<\/li><li>15<\/li><li>16<\/li><li>17<\/li><li>18<\/li><li class=\"active\">19<br><a href=\"https:\/\/www.lesfeuillesvertes.com\/site\/portfolio-item\/vieillissement-et-stockage-du-the\/\" title=\"Vieillissement et Stockage du th\u00e9\">Atelier : Vieillissement et Stockage du th\u00e9<\/a> <\/li><li>20<\/li><li>21<\/li><li>22<\/li><li>23<\/li><li>24<\/li><li>25<\/li><li>26<\/li><li>27<\/li><li>28<\/li><li>29<\/li><li>30<\/li><\/ul>\n\t<\/div>\n  \n\t<div class=\"BMoneMonth\" style=\"opacity:0.5;\">\n\t\t<div class=\"month\">\n\t\t\t<ul><li>D\u00e9cembre 2023<\/li><\/ul>\n\t\t<\/div>\n\t\t<ul class=\"weekdays\"><li>Lu<\/li><li>Ma<\/li><li>Me<\/li><li>Je<\/li><li>Ve<\/li><li>Sa<\/li><li>Di<\/li><\/ul><ul class=\"days\"><li>&nbsp;<\/li><li>&nbsp;<\/li><li>&nbsp;<\/li><li>&nbsp;<\/li><li>1<\/li><li>2<\/li><li class=\"active\">3<br><a href=\"##\" title=\"Salon et magasin \u00e9ph\u00e9m\u00e8res\">\u00c9v\u00e9nement : Salon et magasin \u00e9ph\u00e9m\u00e8res<\/a><\/li><li>4<\/li><li>5<\/li><li>6<\/li><li>7<\/li><li>8<\/li><li>9<\/li><li>10<\/li><li>11<\/li><li>12<\/li><li>13<\/li><li>14<\/li><li>15<\/li><li>16<\/li><li>17<\/li><li>18<\/li><li>19<\/li><li>20<\/li><li>21<\/li><li>22<\/li><li>23<\/li><li>24<\/li><li>25<\/li><li>26<\/li><li>27<\/li><li>28<\/li><li>29<\/li><li>30<\/li><li>31<\/li><\/ul>\n\t<\/div>\n  \n\t<div class=\"BMoneMonth\" style=\"opacity:1;\">\n\t\t<div class=\"month\">\n\t\t\t<ul><li>Janvier 2024<\/li><\/ul>\n\t\t<\/div>\n\t\t<ul class=\"weekdays\"><li>Lu<\/li><li>Ma<\/li><li>Me<\/li><li>Je<\/li><li>Ve<\/li><li>Sa<\/li><li>Di<\/li><\/ul><ul class=\"days\"><li>1<\/li><li>2<\/li><li>3<\/li><li>4<\/li><li>5<\/li><li>6<\/li><li>7<\/li><li>8<\/li><li>9<\/li><li>10<\/li><li>11<\/li><li>12<\/li><li>13<\/li><li>14<\/li><li>15<\/li><li>16<\/li><li>17<\/li><li>18<\/li><li>19<\/li><li>20<\/li><li class=\"active\">21<br><a href=\"https:\/\/www.lesfeuillesvertes.com\/site\/portfolio-item\/salons-thematiques\/#VERTROUGE\" title=\"Les th\u00e9s plus consomm\u00e9s au monde : Th\u00e9 Vert et Th\u00e9 Rouge(Noir)\">Salon th\u00e9matique : Les th\u00e9s plus consomm\u00e9s au monde : Th\u00e9 Vert et Th\u00e9 Rouge(Noir)<\/a><\/li><li>22<\/li><li>23<\/li><li>24<\/li><li>25<\/li><li>26<\/li><li>27<\/li><li>28<\/li><li>29<\/li><li>30<\/li><li>31<\/li><\/ul>\n\t<\/div>\n\n\t<div class=\"BMoneMonth\" style=\"opacity:1;\">\n\t\t<div class=\"month\">\n\t\t\t<ul><li>F\u00e9vrier 2024<\/li><\/ul>\n\t\t<\/div>\n\t\t<ul class=\"weekdays\"><li>Lu<\/li><li>Ma<\/li><li>Me<\/li><li>Je<\/li><li>Ve<\/li><li>Sa<\/li><li>Di<\/li><\/ul><ul class=\"days\"><li>&nbsp;<\/li><li>&nbsp;<\/li><li>&nbsp;<\/li><li>1<\/li><li>2<\/li><li>3<\/li><li>4<\/li><li>5<\/li><li>6<\/li><li>7<\/li><li>8<\/li><li>9<\/li><li>10<\/li><li>11<\/li><li>12<\/li><li>13<\/li><li>14<\/li><li>15<\/li><li>16<\/li><li>17<\/li><li class=\"active\">18<br><a href=\"https:\/\/www.lesfeuillesvertes.com\/site\/portfolio-item\/les-thes-verts\/\" title=\"Les Th\u00e9s Verts\">2 Ateliers : Les Th\u00e9s Verts,<\/a><a href=\"https:\/\/www.lesfeuillesvertes.com\/site\/portfolio-item\/decouvrir-les-6-familles-de-thes-chinois-wodecq\/\" title=\"D\u00e9couvrir les 6 familles de th\u00e9 chinois\">6 fam. de th\u00e9 chinois<\/a><\/li><li>19<\/li><li>20<\/li><li>21<\/li><li>22<\/li><li>23<\/li><li>24<\/li><li class=\"active\">25<br><a href=\"https:\/\/www.lesfeuillesvertes.com\/site\/portfolio-item\/bien-preparer-vos-thes-chinois-wodecq\/\" title=\"Bien pr\u00e9parer vos th\u00e9s chinois\">Atelier : Bien pr\u00e9parer vos th\u00e9s chinois<\/a><\/li><li>26<\/li><li>27<\/li><li>28<\/li><li>29<\/li><\/ul>\n\t<\/div>\n  \n\t<div class=\"BMoneMonth\" style=\"opacity:1;\">\n\t\t<div class=\"month\">\n\t\t\t<ul><li>Mars 2024<\/li><\/ul>\n\t\t<\/div>\n\t\t<ul class=\"weekdays\"><li>Lu<\/li><li>Ma<\/li><li>Me<\/li><li>Je<\/li><li>Ve<\/li><li>Sa<\/li><li>Di<\/li><\/ul><ul class=\"days\"><li>&nbsp;<\/li><li>&nbsp;<\/li><li>&nbsp;<\/li><li>&nbsp;<\/li><li>1<\/li><li>2<\/li><li>3<\/li><li>4<\/li><li>5<\/li><li>6<\/li><li>7<\/li><li>8<\/li><li>9<\/li><li>10<\/li><li>11<\/li><li>12<\/li><li>13<\/li><li>14<\/li><li>15<\/li><li>16<\/li><li class=\"active\">17<br><a href=\"https:\/\/www.lesfeuillesvertes.com\/site\/portfolio-item\/les-thes-rouges-black-tea\/\" title=\"Les Th\u00e9s Rouges (Black tea)\">Atelier : Les Th\u00e9s Rouges (Black tea)<\/a><\/li><li>18<\/li><li>19<\/li><li>20<\/li><li>21<\/li><li>22<\/li><li>23<\/li><li>24<\/li><li>25<\/li><li>26<\/li><li>27<\/li><li>28<\/li><li>29<\/li><li>30<\/li><li>31<\/li><\/ul>\n\t<\/div>\n\n\t<div class=\"BMoneMonth\" style=\"opacity:1;\">\n\t\t<div class=\"month\">\n\t\t\t<ul><li>Avril 2024<\/li><\/ul>\n\t\t<\/div>\n\t\t<ul class=\"weekdays\"><li>Lu<\/li><li>Ma<\/li><li>Me<\/li><li>Je<\/li><li>Ve<\/li><li>Sa<\/li><li>Di<\/li><\/ul><ul class=\"days\"><li>1<\/li><li>2<\/li><li>3<\/li><li>4<\/li><li>5<\/li><li>6<\/li><li>7<\/li><li>8<\/li><li>9<\/li><li>10<\/li><li>11<\/li><li>12<\/li><li>13<\/li><li>14<\/li><li>15<\/li><li>16<\/li><li>17<\/li><li>18<\/li><li>19<\/li><li>20<\/li><li class=\"active\">21<br><a href=\"https:\/\/www.lesfeuillesvertes.com\/site\/portfolio-item\/salons-thematiques\/#6FAMILLES\" title=\"Six familles de th\u00e9s\">Salon th\u00e9matique : Six familles de th\u00e9s<\/a><\/li><li>22<\/li><li>23<\/li><li>24<\/li><li>25<\/li><li>26<\/li><li>27<\/li><li>28<\/li><li>29<\/li><li>30<\/li><\/ul>\n\t<\/div>\n  <!--\n\t<div class=\"BMoneMonth\" style=\"opacity:1;\">\n\t\t<div class=\"month\">\n\t\t\t<ul><li>Mai 2024<\/li><\/ul>\n\t\t<\/div>\n\t\t<ul class=\"weekdays\"><li>Lu<\/li><li>Ma<\/li><li>Me<\/li><li>Je<\/li><li>Ve<\/li><li>Sa<\/li><li>Di<\/li><\/ul><ul class=\"days\"><li>&nbsp;<\/li><li>&nbsp;<\/li><li>1<\/li><li>2<\/li><li>3<\/li><li>4<\/li><li>5<\/li><li>6<\/li><li>7<\/li><li>8<\/li><li>9<\/li><li>10<\/li><li>11<\/li><li>12<\/li><li>13<\/li><li>14<\/li><li>15<\/li><li>16<\/li><li>17<\/li><li>18<\/li><li>19<\/li><li>20<\/li><li>21<\/li><li>22<\/li><li>23<\/li><li>24<\/li><li>25<\/li><li>26<\/li><li>27<\/li><li>28<\/li><li>29<\/li><li>30<\/li><li>31<\/li><\/ul>\n\t<\/div>\n\n\t<div class=\"BMoneMonth\" style=\"opacity:1;\">\n\t\t<div class=\"month\">\n\t\t\t<ul><li>Juin 2024<\/li><\/ul>\n\t\t<\/div>\n\t\t<ul class=\"weekdays\"><li>Lu<\/li><li>Ma<\/li><li>Me<\/li><li>Je<\/li><li>Ve<\/li><li>Sa<\/li><li>Di<\/li><\/ul><ul class=\"days\"><li>&nbsp;<\/li><li>&nbsp;<\/li><li>&nbsp;<\/li><li>&nbsp;<\/li><li>&nbsp;<\/li><li>1<\/li><li>2<\/li><li>3<\/li><li>4<\/li><li>5<\/li><li>6<\/li><li>7<\/li><li>8<\/li><li>9<\/li><li>10<\/li><li>11<\/li><li>12<\/li><li>13<\/li><li>14<\/li><li>15<\/li><li>16<\/li><li>17<\/li><li>18<\/li><li>19<\/li><li>20<\/li><li>21<\/li><li>22<\/li><li>23<\/li><li>24<\/li><li>25<\/li><li>26<\/li><li>27<\/li><li>28<\/li><li>29<\/li><li>30<\/li><\/ul>\n\t<\/div>\n  \n\t<div class=\"BMoneMonth\" style=\"opacity:1;\">\n\t\t<div class=\"month\">\n\t\t\t<ul><li>Juillet 2024<\/li><\/ul>\n\t\t<\/div>\n\t\t<ul class=\"weekdays\"><li>Lu<\/li><li>Ma<\/li><li>Me<\/li><li>Je<\/li><li>Ve<\/li><li>Sa<\/li><li>Di<\/li><\/ul><ul class=\"days\"><li>1<\/li><li>2<\/li><li>3<\/li><li>4<\/li><li>5<\/li><li>6<\/li><li>7<\/li><li>8<\/li><li>9<\/li><li>10<\/li><li>11<\/li><li>12<\/li><li>13<\/li><li>14<\/li><li>15<\/li><li>16<\/li><li>17<\/li><li>18<\/li><li>19<\/li><li>20<\/li><li>21<\/li><li>22<\/li><li>23<\/li><li>24<\/li><li>25<\/li><li>26<\/li><li>27<\/li><li>28<\/li><li>29<\/li><li>30<\/li><li>31<\/li><\/ul>\n\t<\/div>\n\n\t<div class=\"BMoneMonth\" style=\"opacity:1;\">\n\t\t<div class=\"month\">\n\t\t\t<ul><li>Ao\u00fbt 2024<\/li><\/ul>\n\t\t<\/div>\n\t\t<ul class=\"weekdays\"><li>Lu<\/li><li>Ma<\/li><li>Me<\/li><li>Je<\/li><li>Ve<\/li><li>Sa<\/li><li>Di<\/li><\/ul><ul class=\"days\"><li>&nbsp;<\/li><li>&nbsp;<\/li><li>&nbsp;<\/li><li>1<\/li><li>2<\/li><li>3<\/li><li>4<\/li><li>5<\/li><li>6<\/li><li>7<\/li><li>8<\/li><li>9<\/li><li>10<\/li><li>11<\/li><li>12<\/li><li>13<\/li><li>14<\/li><li>15<\/li><li>16<\/li><li>17<\/li><li>18<\/li><li>19<\/li><li>20<\/li><li>21<\/li><li>22<\/li><li>23<\/li><li>24<\/li><li>25<\/li><li>26<\/li><li>27<\/li><li>28<\/li><li>29<\/li><li>30<\/li><li>31<\/li><\/ul>\n\t<\/div>\n  \n\t<div class=\"BMoneMonth\" style=\"opacity:1;\">\n\t\t<div class=\"month\">\n\t\t\t<ul><li>Septembre 2024<\/li><\/ul>\n\t\t<\/div>\n\t\t<ul class=\"weekdays\"><li>Lu<\/li><li>Ma<\/li><li>Me<\/li><li>Je<\/li><li>Ve<\/li><li>Sa<\/li><li>Di<\/li><\/ul><ul class=\"days\"><li>&nbsp;<\/li><li>&nbsp;<\/li><li>&nbsp;<\/li><li>&nbsp;<\/li><li>&nbsp;<\/li><li>&nbsp;<\/li><li>1<\/li><li>2<\/li><li>3<\/li><li>4<\/li><li>5<\/li><li>6<\/li><li>7<\/li><li>8<\/li><li>9<\/li><li>10<\/li><li>11<\/li><li>12<\/li><li>13<\/li><li>14<\/li><li>15<\/li><li>16<\/li><li>17<\/li><li>18<\/li><li>19<\/li><li>20<\/li><li>21<\/li><li>22<\/li><li>23<\/li><li>24<\/li><li>25<\/li><li>26<\/li><li>27<\/li><li>28<\/li><li>29<\/li><li>30<\/li><\/ul>\n\t<\/div>\n  -->\n","protected":false},"excerpt":{"rendered":"<p>Nos ateliers &nbsp; Date et Horaire Tarif D\u00e9couvrir les 6 familles de th\u00e9s chinois (Wodecq) 01\/10\/202314h30-17h30 40\u20ac\/p Bien pr\u00e9parer vos th\u00e9s chinois (Wodecq) 15\/10\/202314h30-17h30 40\u20ac\/p Oxydation et\/ou fermentation du th\u00e9 (Bruxelles) 29\/10\/202314h00-17h30 30\u20ac\/p Vieillissement et Stockage du th\u00e9 (Bruxelles) 19\/11\/202214h00-17h30 30\u20ac\/p D\u00e9couvrir les 6 familles de th\u00e9s chinois (Wodecq) 18\/02\/202414h30-17h30 40\u20ac\/p Les th\u00e9s verts (Bruxelles)&#8230;<\/p>\n","protected":false},"author":5,"featured_media":0,"parent":0,"menu_order":0,"comment_status":"closed","ping_status":"closed","template":"templates\/fullwidth.php","meta":{"_acf_changed":false,"_mc_calendar":[],"footnotes":""},"class_list":["post-2353","page","type-page","status-publish","hentry","page-entry","loop-entry clr"],"acf":[],"_links":{"self":[{"href":"https:\/\/www.lesfeuillesvertes.com\/site\/wp-json\/wp\/v2\/pages\/2353","targetHints":{"allow":["GET"]}}],"collection":[{"href":"https:\/\/www.lesfeuillesvertes.com\/site\/wp-json\/wp\/v2\/pages"}],"about":[{"href":"https:\/\/www.lesfeuillesvertes.com\/site\/wp-json\/wp\/v2\/types\/page"}],"author":[{"embeddable":true,"href":"https:\/\/www.lesfeuillesvertes.com\/site\/wp-json\/wp\/v2\/users\/5"}],"replies":[{"embeddable":true,"href":"https:\/\/www.lesfeuillesvertes.com\/site\/wp-json\/wp\/v2\/comments?post=2353"}],"version-history":[{"count":48,"href":"https:\/\/www.lesfeuillesvertes.com\/site\/wp-json\/wp\/v2\/pages\/2353\/revisions"}],"predecessor-version":[{"id":3439,"href":"https:\/\/www.lesfeuillesvertes.com\/site\/wp-json\/wp\/v2\/pages\/2353\/revisions\/3439"}],"wp:attachment":[{"href":"https:\/\/www.lesfeuillesvertes.com\/site\/wp-json\/wp\/v2\/media?parent=2353"}],"curies":[{"name":"wp","href":"https:\/\/api.w.org\/{rel}","templated":true}]}}