{"id":6,"date":"2014-10-08T13:24:52","date_gmt":"2014-10-08T12:24:52","guid":{"rendered":"http:\/\/www.lesfeuillesvertes.com\/site\/?page_id=6"},"modified":"2018-02-24T11:26:01","modified_gmt":"2018-02-24T10:26:01","slug":"a-propos-de-nous","status":"publish","type":"page","link":"https:\/\/www.lesfeuillesvertes.com\/site\/a-propos-de-nous\/","title":{"rendered":"A propos"},"content":{"rendered":"<p><img decoding=\"async\" class=\"img-article\" src=\"http:\/\/www.lesfeuillesvertes.com\/site\/wp-content\/uploads\/2014\/10\/8-DSC_0361--300x201.jpg\" alt=\"A propos de nous, Les Feuilles Vertes\" width=\"300\" height=\"auto\" \/>Tr\u00e8s ch\u00e8res amies et tr\u00e8s chers amis du th\u00e9,<\/p>\n<p>En Chine, le th\u00e9 s\u2019inscrit dans une tradition mill\u00e9naire.<br \/>\nIl fait partie int\u00e9grante de la culture et du quotidien de\u00a0plus d\u2019un milliard de Chinois.<br \/>\nCar le th\u00e9 devient pour les chinois, d\u00e8s leur plus jeune \u00e2ge, le breuvage de pr\u00e9dilection qui accompagne le rythme de leur journ\u00e9e et les saveurs de leurs repas.<\/p>\n<p>En ce d\u00e9but de XXI\u00e8me si\u00e8cle, l&rsquo;Europe a vu \u00e9merger un nombre impressionnant\u00a0de tables, de maisons, de magasins sp\u00e9cialis\u00e9s dans le th\u00e9.<br \/>\nLa qualit\u00e9 du th\u00e9 y est souvent de tr\u00e8s bonne facture.<br \/>\nEt en m\u00eame temps, dans ce paysage globalis\u00e9, mondialis\u00e9 et industrialis\u00e9, la compr\u00e9hension, la connaissance, la transmission, et le partage y font souvent d\u00e9faut\u00a0!<\/p>\n<p>En 2003-2004, San Mao et Li Ping concr\u00e9tisent leur\u00a0projet d&rsquo;ASBL\u00a0\u00ab\u00a0Les Feuilles Vertes\u00a0\u00bb.<br \/>\nIls souhaitent en effet combler ces manques.<br \/>\nIls souhaitent :<\/p>\n<p>&#8211; offrir les cl\u00e9s des six familles de th\u00e9 chinois plut\u00f4t que d\u2019uniquement les commercialiser\u00a0;<br \/>\n&#8211; privil\u00e9gier la qualit\u00e9 \u00e0 la quantit\u00e9\u00a0;<br \/>\n&#8211; et enfin, pour notre plus grand bonheur \u00e0 nous, Europ\u00e9ens, sillonner les recoins les plus \u00e9loign\u00e9s du Yunnan, du Fujian, du Zhejiang et de bien d\u2019autres r\u00e9gions encore \u00e0 la recherche et \u00e0 la rencontre des petits producteurs locaux, dont le travail et le savoir ancestral est en voie d\u2019extinction.<\/p>\n<p>Car\u00a0\u00ab\u00a0Les Feuilles Vertes\u00a0\u00bb se d\u00e9placent personnellement chaque ann\u00e9e pendant pr\u00e8s de 4 mois en Chine pour choisir et\u00a0s\u00e9lectionner les th\u00e9s les plus vivants, les plus arrondis, les plus s\u00e9duisants dans le seul but de partager avec vous le savoir-faire unique des artisans chinois et de nous permettre de tirer la quintessence de ces th\u00e9s originels \u00e0 force de\u00a0d\u00e9gustations, d&rsquo;explications\u00a0et\u00a0de partage.<\/p>\n<p>Leur investissement a connu un tournant important en 2014 avec la cr\u00e9ation de leur propre th\u00e9 :\u00a0un th\u00e9 sombre, un Pu Er, issu d\u2019un arbre centenaire.<br \/>\nCe produit, qui\u00a0a \u00e9t\u00e9 s\u00e9lectionn\u00e9 parmi les 100 meilleurs th\u00e9s de la famille Pu Er pour la p\u00e9riode 2007-2014, les a confort\u00e9s dans leur d\u00e9marche gr\u00e2ce \u00e0 cette reconnaissance aussi inattendue que gratifiante.<\/p>\n<p>Le th\u00e9 traditionnel chinois s&rsquo;appr\u00e9cie comme le bon vin.<br \/>\nIl se go\u00fbte, et en m\u00eame temps se regarde, s\u2019observe, s\u2019analyse, s\u2019explique, se comprend,\u00a0&#8230;<br \/>\nil en devient ainsi autrement plus d\u00e9licieux.<br \/>\nKampa\u00ef!<\/p>\n<p>Au plaisir de vous accueillir avec le sourire.<\/p>\n<p>&nbsp;<\/p>\n","protected":false},"excerpt":{"rendered":"<p>Tr\u00e8s ch\u00e8res amies et tr\u00e8s chers amis du th\u00e9, En Chine, le th\u00e9 s\u2019inscrit dans une tradition mill\u00e9naire. Il fait partie int\u00e9grante de la culture et du quotidien de\u00a0plus d\u2019un milliard de Chinois. Car le th\u00e9 devient pour les chinois, d\u00e8s leur plus jeune \u00e2ge, le breuvage de pr\u00e9dilection qui accompagne le rythme de leur&#8230;<\/p>\n","protected":false},"author":1,"featured_media":0,"parent":0,"menu_order":0,"comment_status":"open","ping_status":"open","template":"templates\/fullwidth.php","meta":{"_acf_changed":false,"_mc_calendar":[],"footnotes":""},"class_list":["post-6","page","type-page","status-publish","hentry","page-entry","loop-entry clr"],"acf":[],"_links":{"self":[{"href":"https:\/\/www.lesfeuillesvertes.com\/site\/wp-json\/wp\/v2\/pages\/6","targetHints":{"allow":["GET"]}}],"collection":[{"href":"https:\/\/www.lesfeuillesvertes.com\/site\/wp-json\/wp\/v2\/pages"}],"about":[{"href":"https:\/\/www.lesfeuillesvertes.com\/site\/wp-json\/wp\/v2\/types\/page"}],"author":[{"embeddable":true,"href":"https:\/\/www.lesfeuillesvertes.com\/site\/wp-json\/wp\/v2\/users\/1"}],"replies":[{"embeddable":true,"href":"https:\/\/www.lesfeuillesvertes.com\/site\/wp-json\/wp\/v2\/comments?post=6"}],"version-history":[{"count":18,"href":"https:\/\/www.lesfeuillesvertes.com\/site\/wp-json\/wp\/v2\/pages\/6\/revisions"}],"predecessor-version":[{"id":1488,"href":"https:\/\/www.lesfeuillesvertes.com\/site\/wp-json\/wp\/v2\/pages\/6\/revisions\/1488"}],"wp:attachment":[{"href":"https:\/\/www.lesfeuillesvertes.com\/site\/wp-json\/wp\/v2\/media?parent=6"}],"curies":[{"name":"wp","href":"https:\/\/api.w.org\/{rel}","templated":true}]}}