{"id":937,"date":"2016-02-11T12:26:14","date_gmt":"2016-02-11T11:26:14","guid":{"rendered":"http:\/\/www.lesfeuillesvertes.com\/site\/?page_id=937"},"modified":"2016-05-19T12:08:32","modified_gmt":"2016-05-19T11:08:32","slug":"coloque-du-the-2013","status":"publish","type":"page","link":"https:\/\/www.lesfeuillesvertes.com\/site\/coloque-du-the-2013\/","title":{"rendered":"Coloque de th\u00e9 2013"},"content":{"rendered":"<p>Dimanche 23 juin, la m\u00e9t\u00e9o s&rsquo;annonce tr\u00e8s peu propice \u00e0 un colloque, qui plus est en plein air. Pour la 2e ann\u00e9e cons\u00e9cutive, une pluie de gouttes, plut\u00f4t qu&rsquo;une pluie de go\u00fbteurs, est annonc\u00e9e. On sort les impers, on pr\u00e9pare les tentes, bref on prend notre courage \u00e0 deux mains. Mauvais calcul: il n&rsquo;en faudra pas&#8230; du courage. Le Rouge clo\u00eetre se transforme en temple du soleil, ou presque, m\u00eame pas un crachin.Par contre une foule de curieux, de sp\u00e9cialistes, de passionn\u00e9s, d&rsquo;habitu\u00e9s. Des amoureux de th\u00e9 comme des novices de la feuille verte venus partager la tasse de la nouvelle r\u00e9colte 2013. Ces d\u00e9gustateurs c&rsquo;est vous.<br \/>\n<div class=\"cycloneslider cycloneslider-template-thumbnails cycloneslider-width-responsive\" id=\"cycloneslider-colloque-2013-1\" style=\"max-width:960px\" ><div class=\"cycloneslider-slides cycle-slideshow\"\tdata-cycle-allow-wrap=\"true\" data-cycle-dynamic-height=\"off\" data-cycle-auto-height=\"960:600\" data-cycle-auto-height-easing=\"null\" data-cycle-auto-height-speed=\"250\" data-cycle-delay=\"0\" data-cycle-easing=\"\" data-cycle-fx=\"fade\" data-cycle-hide-non-active=\"true\" data-cycle-log=\"false\" data-cycle-next=\"#cycloneslider-colloque-2013-1 .cycloneslider-next\" data-cycle-pager=\"#cycloneslider-colloque-2013-1 .cycloneslider-pager\" data-cycle-pause-on-hover=\"true\" data-cycle-prev=\"#cycloneslider-colloque-2013-1 .cycloneslider-prev\" data-cycle-slides=\"&gt; div\" data-cycle-speed=\"1000\" data-cycle-swipe=\"1\" data-cycle-tile-count=\"7\" data-cycle-tile-delay=\"100\" data-cycle-tile-vertical=\"true\" data-cycle-timeout=\"4000\"\t> <div class=\"cycloneslider-slide cycloneslider-slide-image\" > <img decoding=\"async\" src=\"https:\/\/www.lesfeuillesvertes.com\/site\/wp-content\/uploads\/2016\/02\/2013-01-960x600.jpg\" alt=\"\" title=\"\" \/> <\/div> <div class=\"cycloneslider-slide cycloneslider-slide-image\" > <img decoding=\"async\" src=\"https:\/\/www.lesfeuillesvertes.com\/site\/wp-content\/uploads\/2016\/02\/2013-03-960x600.jpg\" alt=\"\" title=\"\" \/> <\/div> <div class=\"cycloneslider-slide cycloneslider-slide-image\" > <img decoding=\"async\" src=\"https:\/\/www.lesfeuillesvertes.com\/site\/wp-content\/uploads\/2016\/02\/2013-04-960x600.jpg\" alt=\"\" title=\"\" \/> <\/div> <div class=\"cycloneslider-slide cycloneslider-slide-image\" > <img decoding=\"async\" src=\"https:\/\/www.lesfeuillesvertes.com\/site\/wp-content\/uploads\/2016\/02\/2013-05-960x600.jpg\" alt=\"\" title=\"\" \/> <\/div> <div class=\"cycloneslider-slide cycloneslider-slide-image\" > <img decoding=\"async\" src=\"https:\/\/www.lesfeuillesvertes.com\/site\/wp-content\/uploads\/2016\/02\/2013-06-960x600.jpg\" alt=\"\" title=\"\" \/> <\/div> <div class=\"cycloneslider-slide cycloneslider-slide-image\" > <img decoding=\"async\" src=\"https:\/\/www.lesfeuillesvertes.com\/site\/wp-content\/uploads\/2016\/02\/2013-07-960x600.jpg\" alt=\"\" title=\"\" \/> <\/div> <div class=\"cycloneslider-slide cycloneslider-slide-image\" > <img decoding=\"async\" src=\"https:\/\/www.lesfeuillesvertes.com\/site\/wp-content\/uploads\/2016\/02\/2013-08-960x600.jpg\" alt=\"\" title=\"\" \/> <\/div> <div class=\"cycloneslider-slide cycloneslider-slide-image\" > <img decoding=\"async\" src=\"https:\/\/www.lesfeuillesvertes.com\/site\/wp-content\/uploads\/2016\/02\/2013-09-960x600.jpg\" alt=\"\" title=\"\" \/> <\/div> <div class=\"cycloneslider-slide cycloneslider-slide-image\" > <img decoding=\"async\" src=\"https:\/\/www.lesfeuillesvertes.com\/site\/wp-content\/uploads\/2016\/02\/2013-10-960x600.jpg\" alt=\"\" title=\"\" \/> <\/div> <div class=\"cycloneslider-slide cycloneslider-slide-image\" > <img decoding=\"async\" src=\"https:\/\/www.lesfeuillesvertes.com\/site\/wp-content\/uploads\/2016\/02\/2013-11-960x600.jpg\" alt=\"\" title=\"\" \/> <\/div> <div class=\"cycloneslider-slide cycloneslider-slide-image\" > <img decoding=\"async\" src=\"https:\/\/www.lesfeuillesvertes.com\/site\/wp-content\/uploads\/2016\/02\/2013-12-960x600.jpg\" alt=\"\" title=\"\" \/> <\/div> <div class=\"cycloneslider-slide cycloneslider-slide-image\" > <img decoding=\"async\" src=\"https:\/\/www.lesfeuillesvertes.com\/site\/wp-content\/uploads\/2016\/02\/2013-13-960x600.jpg\" alt=\"\" title=\"\" \/> <\/div> <div class=\"cycloneslider-slide cycloneslider-slide-image\" > <img decoding=\"async\" src=\"https:\/\/www.lesfeuillesvertes.com\/site\/wp-content\/uploads\/2016\/02\/2013-14-960x600.jpg\" alt=\"\" title=\"\" \/> <\/div> <div class=\"cycloneslider-slide cycloneslider-slide-image\" > <img decoding=\"async\" src=\"https:\/\/www.lesfeuillesvertes.com\/site\/wp-content\/uploads\/2016\/02\/2013-15-960x600.jpg\" alt=\"\" title=\"\" \/> <\/div> <div class=\"cycloneslider-slide cycloneslider-slide-image\" > <img decoding=\"async\" src=\"https:\/\/www.lesfeuillesvertes.com\/site\/wp-content\/uploads\/2016\/02\/2013-16-960x600.jpg\" alt=\"\" title=\"\" \/> <\/div> <div class=\"cycloneslider-slide cycloneslider-slide-image\" > <img decoding=\"async\" src=\"https:\/\/www.lesfeuillesvertes.com\/site\/wp-content\/uploads\/2016\/02\/2013-17-960x600.jpg\" alt=\"\" title=\"\" \/> <\/div> <div class=\"cycloneslider-slide cycloneslider-slide-image\" > <img decoding=\"async\" src=\"https:\/\/www.lesfeuillesvertes.com\/site\/wp-content\/uploads\/2016\/02\/2013-18-960x600.jpg\" alt=\"\" title=\"\" \/> <\/div> <div class=\"cycloneslider-slide cycloneslider-slide-image\" > <img decoding=\"async\" src=\"https:\/\/www.lesfeuillesvertes.com\/site\/wp-content\/uploads\/2016\/02\/2013-19-960x600.jpg\" alt=\"\" title=\"\" \/> <\/div> <div class=\"cycloneslider-slide cycloneslider-slide-image\" > <img decoding=\"async\" src=\"https:\/\/www.lesfeuillesvertes.com\/site\/wp-content\/uploads\/2016\/02\/2013-20-960x600.jpg\" alt=\"\" title=\"\" \/> <\/div> <div class=\"cycloneslider-slide cycloneslider-slide-image\" > <img decoding=\"async\" src=\"https:\/\/www.lesfeuillesvertes.com\/site\/wp-content\/uploads\/2016\/02\/2013-21-960x600.jpg\" alt=\"\" title=\"\" \/> <\/div> <div class=\"cycloneslider-slide cycloneslider-slide-image\" > <img decoding=\"async\" src=\"https:\/\/www.lesfeuillesvertes.com\/site\/wp-content\/uploads\/2016\/02\/2013-22-960x600.jpg\" alt=\"\" title=\"\" \/> <\/div> <div class=\"cycloneslider-slide cycloneslider-slide-image\" > <img decoding=\"async\" src=\"https:\/\/www.lesfeuillesvertes.com\/site\/wp-content\/uploads\/2016\/02\/2013-23-960x600.jpg\" alt=\"\" title=\"\" \/> <\/div> <div class=\"cycloneslider-slide cycloneslider-slide-image\" > <img decoding=\"async\" src=\"https:\/\/www.lesfeuillesvertes.com\/site\/wp-content\/uploads\/2016\/02\/2013-24-960x600.jpg\" alt=\"\" title=\"\" \/> <\/div> <div class=\"cycloneslider-slide cycloneslider-slide-image\" > <img decoding=\"async\" src=\"https:\/\/www.lesfeuillesvertes.com\/site\/wp-content\/uploads\/2016\/02\/2013-25-960x600.jpg\" alt=\"\" title=\"\" \/> <\/div> <div class=\"cycloneslider-slide cycloneslider-slide-image\" > <img decoding=\"async\" src=\"https:\/\/www.lesfeuillesvertes.com\/site\/wp-content\/uploads\/2016\/02\/2013-26-960x600.jpg\" alt=\"\" title=\"\" \/> <\/div> <\/div><div class=\"cycloneslider-prev\"><\/div><div class=\"cycloneslider-next\"><\/div><\/div><div id=\"cycloneslider-colloque-2013-1-pager\" class=\"cycloneslider-template-thumbnails cycloneslider-thumbnails\"\tstyle=\"max-width:960px\" ><ul class=\"clearfix\"> <li><img loading=\"lazy\" decoding=\"async\" src=\"https:\/\/www.lesfeuillesvertes.com\/site\/wp-content\/uploads\/2016\/02\/2013-01-40x40.jpg\" width=\"40\" height=\"40\" alt=\"\" title=\"\" \/><\/li> <li><img loading=\"lazy\" decoding=\"async\" src=\"https:\/\/www.lesfeuillesvertes.com\/site\/wp-content\/uploads\/2016\/02\/2013-03-40x40.jpg\" width=\"40\" height=\"40\" alt=\"\" title=\"\" \/><\/li> <li><img loading=\"lazy\" decoding=\"async\" src=\"https:\/\/www.lesfeuillesvertes.com\/site\/wp-content\/uploads\/2016\/02\/2013-04-40x40.jpg\" width=\"40\" height=\"40\" alt=\"\" title=\"\" \/><\/li> <li><img loading=\"lazy\" decoding=\"async\" src=\"https:\/\/www.lesfeuillesvertes.com\/site\/wp-content\/uploads\/2016\/02\/2013-05-40x40.jpg\" width=\"40\" height=\"40\" alt=\"\" title=\"\" \/><\/li> <li><img loading=\"lazy\" decoding=\"async\" src=\"https:\/\/www.lesfeuillesvertes.com\/site\/wp-content\/uploads\/2016\/02\/2013-06-40x40.jpg\" width=\"40\" height=\"40\" alt=\"\" title=\"\" \/><\/li> <li><img loading=\"lazy\" decoding=\"async\" src=\"https:\/\/www.lesfeuillesvertes.com\/site\/wp-content\/uploads\/2016\/02\/2013-07-40x40.jpg\" width=\"40\" height=\"40\" alt=\"\" title=\"\" \/><\/li> <li><img loading=\"lazy\" decoding=\"async\" src=\"https:\/\/www.lesfeuillesvertes.com\/site\/wp-content\/uploads\/2016\/02\/2013-08-40x40.jpg\" width=\"40\" height=\"40\" alt=\"\" title=\"\" \/><\/li> <li><img loading=\"lazy\" decoding=\"async\" src=\"https:\/\/www.lesfeuillesvertes.com\/site\/wp-content\/uploads\/2016\/02\/2013-09-40x40.jpg\" width=\"40\" height=\"40\" alt=\"\" title=\"\" \/><\/li> <li><img loading=\"lazy\" decoding=\"async\" src=\"https:\/\/www.lesfeuillesvertes.com\/site\/wp-content\/uploads\/2016\/02\/2013-10-40x40.jpg\" width=\"40\" height=\"40\" alt=\"\" title=\"\" \/><\/li> <li><img loading=\"lazy\" decoding=\"async\" src=\"https:\/\/www.lesfeuillesvertes.com\/site\/wp-content\/uploads\/2016\/02\/2013-11-40x40.jpg\" width=\"40\" height=\"40\" alt=\"\" title=\"\" \/><\/li> <li><img loading=\"lazy\" decoding=\"async\" src=\"https:\/\/www.lesfeuillesvertes.com\/site\/wp-content\/uploads\/2016\/02\/2013-12-40x40.jpg\" width=\"40\" height=\"40\" alt=\"\" title=\"\" \/><\/li> <li><img loading=\"lazy\" decoding=\"async\" src=\"https:\/\/www.lesfeuillesvertes.com\/site\/wp-content\/uploads\/2016\/02\/2013-13-40x40.jpg\" width=\"40\" height=\"40\" alt=\"\" title=\"\" \/><\/li> <li><img loading=\"lazy\" decoding=\"async\" src=\"https:\/\/www.lesfeuillesvertes.com\/site\/wp-content\/uploads\/2016\/02\/2013-14-40x40.jpg\" width=\"40\" height=\"40\" alt=\"\" title=\"\" \/><\/li> <li><img loading=\"lazy\" decoding=\"async\" src=\"https:\/\/www.lesfeuillesvertes.com\/site\/wp-content\/uploads\/2016\/02\/2013-15-40x40.jpg\" width=\"40\" height=\"40\" alt=\"\" title=\"\" \/><\/li> <li><img loading=\"lazy\" decoding=\"async\" src=\"https:\/\/www.lesfeuillesvertes.com\/site\/wp-content\/uploads\/2016\/02\/2013-16-40x40.jpg\" width=\"40\" height=\"40\" alt=\"\" title=\"\" \/><\/li> <li><img loading=\"lazy\" decoding=\"async\" src=\"https:\/\/www.lesfeuillesvertes.com\/site\/wp-content\/uploads\/2016\/02\/2013-17-40x40.jpg\" width=\"40\" height=\"40\" alt=\"\" title=\"\" \/><\/li> <li><img loading=\"lazy\" decoding=\"async\" src=\"https:\/\/www.lesfeuillesvertes.com\/site\/wp-content\/uploads\/2016\/02\/2013-18-40x40.jpg\" width=\"40\" height=\"40\" alt=\"\" title=\"\" \/><\/li> <li><img loading=\"lazy\" decoding=\"async\" src=\"https:\/\/www.lesfeuillesvertes.com\/site\/wp-content\/uploads\/2016\/02\/2013-19-40x40.jpg\" width=\"40\" height=\"40\" alt=\"\" title=\"\" \/><\/li> <li><img loading=\"lazy\" decoding=\"async\" src=\"https:\/\/www.lesfeuillesvertes.com\/site\/wp-content\/uploads\/2016\/02\/2013-20-40x40.jpg\" width=\"40\" height=\"40\" alt=\"\" title=\"\" \/><\/li> <li><img loading=\"lazy\" decoding=\"async\" src=\"https:\/\/www.lesfeuillesvertes.com\/site\/wp-content\/uploads\/2016\/02\/2013-21-40x40.jpg\" width=\"40\" height=\"40\" alt=\"\" title=\"\" \/><\/li> <li><img loading=\"lazy\" decoding=\"async\" src=\"https:\/\/www.lesfeuillesvertes.com\/site\/wp-content\/uploads\/2016\/02\/2013-22-40x40.jpg\" width=\"40\" height=\"40\" alt=\"\" title=\"\" \/><\/li> <li><img loading=\"lazy\" decoding=\"async\" src=\"https:\/\/www.lesfeuillesvertes.com\/site\/wp-content\/uploads\/2016\/02\/2013-23-40x40.jpg\" width=\"40\" height=\"40\" alt=\"\" title=\"\" \/><\/li> <li><img loading=\"lazy\" decoding=\"async\" src=\"https:\/\/www.lesfeuillesvertes.com\/site\/wp-content\/uploads\/2016\/02\/2013-24-40x40.jpg\" width=\"40\" height=\"40\" alt=\"\" title=\"\" \/><\/li> <li><img loading=\"lazy\" decoding=\"async\" src=\"https:\/\/www.lesfeuillesvertes.com\/site\/wp-content\/uploads\/2016\/02\/2013-25-40x40.jpg\" width=\"40\" height=\"40\" alt=\"\" title=\"\" \/><\/li> <li><img loading=\"lazy\" decoding=\"async\" src=\"https:\/\/www.lesfeuillesvertes.com\/site\/wp-content\/uploads\/2016\/02\/2013-26-40x40.jpg\" width=\"40\" height=\"40\" alt=\"\" title=\"\" \/><\/li> <\/ul><\/div>\n","protected":false},"excerpt":{"rendered":"<p>Dimanche 23 juin, la m\u00e9t\u00e9o s&rsquo;annonce tr\u00e8s peu propice \u00e0 un colloque, qui plus est en plein air. Pour la 2e ann\u00e9e cons\u00e9cutive, une pluie de gouttes, plut\u00f4t qu&rsquo;une pluie de go\u00fbteurs, est annonc\u00e9e. On sort les impers, on pr\u00e9pare les tentes, bref on prend notre courage \u00e0 deux mains. Mauvais calcul: il n&rsquo;en faudra&#8230;<\/p>\n","protected":false},"author":1,"featured_media":0,"parent":0,"menu_order":0,"comment_status":"open","ping_status":"closed","template":"templates\/fullwidth.php","meta":{"_acf_changed":false,"_mc_calendar":[],"footnotes":""},"class_list":["post-937","page","type-page","status-publish","hentry","page-entry","loop-entry clr"],"acf":[],"_links":{"self":[{"href":"https:\/\/www.lesfeuillesvertes.com\/site\/wp-json\/wp\/v2\/pages\/937","targetHints":{"allow":["GET"]}}],"collection":[{"href":"https:\/\/www.lesfeuillesvertes.com\/site\/wp-json\/wp\/v2\/pages"}],"about":[{"href":"https:\/\/www.lesfeuillesvertes.com\/site\/wp-json\/wp\/v2\/types\/page"}],"author":[{"embeddable":true,"href":"https:\/\/www.lesfeuillesvertes.com\/site\/wp-json\/wp\/v2\/users\/1"}],"replies":[{"embeddable":true,"href":"https:\/\/www.lesfeuillesvertes.com\/site\/wp-json\/wp\/v2\/comments?post=937"}],"version-history":[{"count":3,"href":"https:\/\/www.lesfeuillesvertes.com\/site\/wp-json\/wp\/v2\/pages\/937\/revisions"}],"predecessor-version":[{"id":1028,"href":"https:\/\/www.lesfeuillesvertes.com\/site\/wp-json\/wp\/v2\/pages\/937\/revisions\/1028"}],"wp:attachment":[{"href":"https:\/\/www.lesfeuillesvertes.com\/site\/wp-json\/wp\/v2\/media?parent=937"}],"curies":[{"name":"wp","href":"https:\/\/api.w.org\/{rel}","templated":true}]}}