{"id":2215,"date":"2020-11-17T12:09:11","date_gmt":"2020-11-17T11:09:11","guid":{"rendered":"http:\/\/www.lesfeuillesvertes.com\/site\/?post_type=product&#038;p=2215"},"modified":"2025-08-21T15:26:15","modified_gmt":"2025-08-21T14:26:15","slug":"yun-wu-the-vert","status":"publish","type":"product","link":"https:\/\/www.lesfeuillesvertes.com\/site\/produit\/yun-wu-the-vert\/","title":{"rendered":"Yun Wu"},"content":{"rendered":"","protected":false},"excerpt":{"rendered":"<p>Sur un sommet de la r\u00e9gion de Xinchang, ce jardin sans pesticides est entour\u00e9 de bois, de nuages et de brumes qui ont donn\u00e9s son nom \u00e0 ce th\u00e9 vert. Les feuilles sont roul\u00e9es en forme de petites perles qui offrent une infusion ronde, cr\u00e9meuse, fruit\u00e9e, pr\u00e9sentant des notes aromatiques v\u00e9g\u00e9tales.<\/p>\n<p><strong>Date de production :<\/strong> printemps 2025.<br \/>\n<strong>Producteur :<\/strong> Monsieur Pan.<br \/>\n<strong>Situation des jardins :<\/strong> Ferme foresti\u00e8re Xiaojiang, Xinchang, Zhejiang, Chine.<br \/>\n<strong>Altitude des jardins :<\/strong> 800m.<br \/>\n<strong>Cultivar\u00a0:<\/strong>\u00a0 Vieille vari\u00e9t\u00e9 de Qunti.<br \/>\n<strong>Infusions multiples :<\/strong> 80\u00b0C\/2-5g\/10-50cl.<br \/>\n<strong>Conditionnement :<\/strong> 50g<\/p>\n","protected":false},"featured_media":4274,"template":"","meta":{"_acf_changed":false},"product_brand":[],"product_cat":[52],"product_tag":[],"class_list":{"0":"post-2215","1":"product","2":"type-product","3":"status-publish","4":"has-post-thumbnail","6":"product_cat-the-de-chine","7":"product-entry","8":"loop-entry clr","10":"first","11":"instock","12":"shipping-taxable","13":"purchasable","14":"product-type-simple"},"acf":[],"_links":{"self":[{"href":"https:\/\/www.lesfeuillesvertes.com\/site\/wp-json\/wp\/v2\/product\/2215","targetHints":{"allow":["GET"]}}],"collection":[{"href":"https:\/\/www.lesfeuillesvertes.com\/site\/wp-json\/wp\/v2\/product"}],"about":[{"href":"https:\/\/www.lesfeuillesvertes.com\/site\/wp-json\/wp\/v2\/types\/product"}],"wp:featuredmedia":[{"embeddable":true,"href":"https:\/\/www.lesfeuillesvertes.com\/site\/wp-json\/wp\/v2\/media\/4274"}],"wp:attachment":[{"href":"https:\/\/www.lesfeuillesvertes.com\/site\/wp-json\/wp\/v2\/media?parent=2215"}],"wp:term":[{"taxonomy":"product_brand","embeddable":true,"href":"https:\/\/www.lesfeuillesvertes.com\/site\/wp-json\/wp\/v2\/product_brand?post=2215"},{"taxonomy":"product_cat","embeddable":true,"href":"https:\/\/www.lesfeuillesvertes.com\/site\/wp-json\/wp\/v2\/product_cat?post=2215"},{"taxonomy":"product_tag","embeddable":true,"href":"https:\/\/www.lesfeuillesvertes.com\/site\/wp-json\/wp\/v2\/product_tag?post=2215"}],"curies":[{"name":"wp","href":"https:\/\/api.w.org\/{rel}","templated":true}]}}