{"id":2225,"date":"2020-11-17T13:33:37","date_gmt":"2020-11-17T12:33:37","guid":{"rendered":"http:\/\/www.lesfeuillesvertes.com\/site\/?post_type=product&#038;p=2225"},"modified":"2025-08-21T15:25:51","modified_gmt":"2025-08-21T14:25:51","slug":"huang-xiao-cha-the-jaune","status":"publish","type":"product","link":"https:\/\/www.lesfeuillesvertes.com\/site\/produit\/huang-xiao-cha-the-jaune\/","title":{"rendered":"Huang Xiao Cha"},"content":{"rendered":"","protected":false},"excerpt":{"rendered":"<p>Huang Xiao Cha signifie \u00ab\u00a0le petit th\u00e9 jaune\u00a0\u00bb et d\u00e9signe une qualit\u00e9 de r\u00e9colte sup\u00e9rieure, contrairement au Huang Da Cha (\u00ab\u00a0grand th\u00e9 jaune\u00a0\u00bb). Il est produit de fa\u00e7on classique et subit le processus traditionnel de fermentation \u00e9touff\u00e9e dans un papier de bambou, appel\u00e9 Menhaung. Gr\u00e2ce \u00e0 cette \u00e9tape importante de la production, et \u00e0 un jardin sans pesticides, la liqueur est l\u00e9g\u00e8rement sucr\u00e9e, accompagn\u00e9e de parfums de c\u00e9r\u00e9ales et de miel, tirant vers le v\u00e9g\u00e9tal.<\/p>\n<p><strong>Date de production :<\/strong> printemps 2023\/2024.<br \/>\n<strong>Producteur :<\/strong> Ma\u00eetre Bai.<br \/>\n<strong>Situation des jardins :<\/strong>\u00a0 Dengjiashan, Ya\u2019an, Sichuan, Chine.<br \/>\n<strong>Altitude des jardins :<\/strong> 1000m .<br \/>\n<strong>Cultivar\u00a0:<\/strong> Lao Chuan cha.<br \/>\n<strong>Infusions multiples :<\/strong> 75\u00b0C\/3-6g\/10-50cl.<br \/>\n<strong>Conditionnement :<\/strong> 40g<\/p>\n","protected":false},"featured_media":4273,"template":"","meta":{"_acf_changed":false},"product_brand":[],"product_cat":[52],"product_tag":[],"class_list":{"0":"post-2225","1":"product","2":"type-product","3":"status-publish","4":"has-post-thumbnail","6":"product_cat-the-de-chine","7":"product-entry","8":"loop-entry clr","10":"first","11":"instock","12":"shipping-taxable","13":"purchasable","14":"product-type-simple"},"acf":[],"_links":{"self":[{"href":"https:\/\/www.lesfeuillesvertes.com\/site\/wp-json\/wp\/v2\/product\/2225","targetHints":{"allow":["GET"]}}],"collection":[{"href":"https:\/\/www.lesfeuillesvertes.com\/site\/wp-json\/wp\/v2\/product"}],"about":[{"href":"https:\/\/www.lesfeuillesvertes.com\/site\/wp-json\/wp\/v2\/types\/product"}],"wp:featuredmedia":[{"embeddable":true,"href":"https:\/\/www.lesfeuillesvertes.com\/site\/wp-json\/wp\/v2\/media\/4273"}],"wp:attachment":[{"href":"https:\/\/www.lesfeuillesvertes.com\/site\/wp-json\/wp\/v2\/media?parent=2225"}],"wp:term":[{"taxonomy":"product_brand","embeddable":true,"href":"https:\/\/www.lesfeuillesvertes.com\/site\/wp-json\/wp\/v2\/product_brand?post=2225"},{"taxonomy":"product_cat","embeddable":true,"href":"https:\/\/www.lesfeuillesvertes.com\/site\/wp-json\/wp\/v2\/product_cat?post=2225"},{"taxonomy":"product_tag","embeddable":true,"href":"https:\/\/www.lesfeuillesvertes.com\/site\/wp-json\/wp\/v2\/product_tag?post=2225"}],"curies":[{"name":"wp","href":"https:\/\/api.w.org\/{rel}","templated":true}]}}