{"id":2263,"date":"2020-11-17T14:31:01","date_gmt":"2020-11-17T13:31:01","guid":{"rendered":"http:\/\/www.lesfeuillesvertes.com\/site\/?post_type=product&#038;p=2263"},"modified":"2025-08-21T15:25:25","modified_gmt":"2025-08-21T14:25:25","slug":"bai-mu-dan-the-blanc","status":"publish","type":"product","link":"https:\/\/www.lesfeuillesvertes.com\/site\/produit\/bai-mu-dan-the-blanc\/","title":{"rendered":"Bai Mu Dan"},"content":{"rendered":"","protected":false},"excerpt":{"rendered":"<p>Tr\u00e8s belles feuilles contenant plusieurs tons de couleurs s\u00e9duisantes, avec le bourgeon et les deux premi\u00e8res feuilles. Un long fl\u00e9trissage donne une infusion douce, sucr\u00e9e et soyeuse. Son parfum printanier et frais accompagne des ar\u00f4mes nettement fruit\u00e9s et mielleux. Le jardin se situe dans la haute montagne de Menghai, au Yunnan, o\u00f9 l\u2019on produit un des meilleur Pu\u2019er. Ce terroir est connu pour la qualit\u00e9 de ses th\u00e9iers laiss\u00e9s en l\u2019\u00e9tat naturel et pour son environnement b\u00e9n\u00e9ficiant d\u2019une biodiversit\u00e9 tr\u00e8s riche.<\/p>\n<p><strong>Date de production :<\/strong> printemps 2021.<br \/>\n<strong>Producteur :<\/strong> Hou Yue.<br \/>\n<strong>Situation des jardins :<\/strong> Menghai, Yunnan, Chine.<br \/>\n<strong>Altitude des jardins :<\/strong> 1800m<br \/>\n<strong>Cultivar\u00a0:<\/strong> Yunnan Daye.<br \/>\n<strong>Fa\u00e7on de cultiver :<\/strong> en \u00e9tat naturel.<br \/>\n<strong>Infusions multiples :<\/strong> 90\u00b0C\/3-6g\/10-50cl.<br \/>\n<strong>Conditionnement :<\/strong> 30g<\/p>\n","protected":false},"featured_media":4272,"template":"","meta":{"_acf_changed":false},"product_brand":[],"product_cat":[52],"product_tag":[],"class_list":{"0":"post-2263","1":"product","2":"type-product","3":"status-publish","4":"has-post-thumbnail","6":"product_cat-the-de-chine","7":"product-entry","8":"loop-entry clr","10":"first","11":"instock","12":"shipping-taxable","13":"purchasable","14":"product-type-simple"},"acf":[],"_links":{"self":[{"href":"https:\/\/www.lesfeuillesvertes.com\/site\/wp-json\/wp\/v2\/product\/2263","targetHints":{"allow":["GET"]}}],"collection":[{"href":"https:\/\/www.lesfeuillesvertes.com\/site\/wp-json\/wp\/v2\/product"}],"about":[{"href":"https:\/\/www.lesfeuillesvertes.com\/site\/wp-json\/wp\/v2\/types\/product"}],"wp:featuredmedia":[{"embeddable":true,"href":"https:\/\/www.lesfeuillesvertes.com\/site\/wp-json\/wp\/v2\/media\/4272"}],"wp:attachment":[{"href":"https:\/\/www.lesfeuillesvertes.com\/site\/wp-json\/wp\/v2\/media?parent=2263"}],"wp:term":[{"taxonomy":"product_brand","embeddable":true,"href":"https:\/\/www.lesfeuillesvertes.com\/site\/wp-json\/wp\/v2\/product_brand?post=2263"},{"taxonomy":"product_cat","embeddable":true,"href":"https:\/\/www.lesfeuillesvertes.com\/site\/wp-json\/wp\/v2\/product_cat?post=2263"},{"taxonomy":"product_tag","embeddable":true,"href":"https:\/\/www.lesfeuillesvertes.com\/site\/wp-json\/wp\/v2\/product_tag?post=2263"}],"curies":[{"name":"wp","href":"https:\/\/api.w.org\/{rel}","templated":true}]}}