{"id":2279,"date":"2020-11-17T14:37:41","date_gmt":"2020-11-17T13:37:41","guid":{"rendered":"http:\/\/www.lesfeuillesvertes.com\/site\/?post_type=product&#038;p=2279"},"modified":"2025-08-21T15:25:02","modified_gmt":"2025-08-21T14:25:02","slug":"lao-guan-yin-the-bleu-vert","status":"publish","type":"product","link":"https:\/\/www.lesfeuillesvertes.com\/site\/produit\/lao-guan-yin-the-bleu-vert\/","title":{"rendered":"Lao Guan Yin"},"content":{"rendered":"","protected":false},"excerpt":{"rendered":"<p>Un Tie Guan Yin classique revisit\u00e9\u00a0! Le jardin est un vrai paradis pour les th\u00e9iers, avec une biodiversit\u00e9 intacte et sans utilisation de pesticides. Ce th\u00e9 vous fera voyager entre les diff\u00e9rents go\u00fbts du th\u00e9 Wulong, de Minnan (sud du Fujian) \u00e0\u00a0Minbei (nord du Fujian). Sa liqueur ambr\u00e9e r\u00e9v\u00e8le des ar\u00f4mes intenses de caramel, de fruits secs, avec une belle longueur en bouche et un arri\u00e8re-go\u00fbt bien fleuri et l\u00e9g\u00e8rement min\u00e9ral.<\/p>\n<p><strong>Date de production :<\/strong> printemps 2023\/2025.<br \/>\n<strong>Producteur :<\/strong> Ma\u00eetre Yang.<br \/>\n<strong>Situation des jardins :<\/strong>\u00a0 Bijiashan, Anxi, Fujian, Chine.<br \/>\n<strong>Altitude des jardins :<\/strong> 700m.<br \/>\n<strong>Cultivar\u00a0:<\/strong> Hongxin Tie Guan Yin.<br \/>\n<strong>Infusions multiples :<\/strong> 95\u00b0C\/5-10g\/10-50cl.<br \/>\n<strong>Conditionnement :<\/strong> 40g<\/p>\n","protected":false},"featured_media":4271,"template":"","meta":{"_acf_changed":false},"product_brand":[],"product_cat":[52],"product_tag":[],"class_list":{"0":"post-2279","1":"product","2":"type-product","3":"status-publish","4":"has-post-thumbnail","6":"product_cat-the-de-chine","7":"product-entry","8":"loop-entry clr","10":"first","11":"instock","12":"shipping-taxable","13":"purchasable","14":"product-type-simple"},"acf":[],"_links":{"self":[{"href":"https:\/\/www.lesfeuillesvertes.com\/site\/wp-json\/wp\/v2\/product\/2279","targetHints":{"allow":["GET"]}}],"collection":[{"href":"https:\/\/www.lesfeuillesvertes.com\/site\/wp-json\/wp\/v2\/product"}],"about":[{"href":"https:\/\/www.lesfeuillesvertes.com\/site\/wp-json\/wp\/v2\/types\/product"}],"wp:featuredmedia":[{"embeddable":true,"href":"https:\/\/www.lesfeuillesvertes.com\/site\/wp-json\/wp\/v2\/media\/4271"}],"wp:attachment":[{"href":"https:\/\/www.lesfeuillesvertes.com\/site\/wp-json\/wp\/v2\/media?parent=2279"}],"wp:term":[{"taxonomy":"product_brand","embeddable":true,"href":"https:\/\/www.lesfeuillesvertes.com\/site\/wp-json\/wp\/v2\/product_brand?post=2279"},{"taxonomy":"product_cat","embeddable":true,"href":"https:\/\/www.lesfeuillesvertes.com\/site\/wp-json\/wp\/v2\/product_cat?post=2279"},{"taxonomy":"product_tag","embeddable":true,"href":"https:\/\/www.lesfeuillesvertes.com\/site\/wp-json\/wp\/v2\/product_tag?post=2279"}],"curies":[{"name":"wp","href":"https:\/\/api.w.org\/{rel}","templated":true}]}}