{"id":2280,"date":"2020-11-17T15:09:04","date_gmt":"2020-11-17T14:09:04","guid":{"rendered":"http:\/\/www.lesfeuillesvertes.com\/site\/?post_type=product&#038;p=2280"},"modified":"2025-08-21T15:24:32","modified_gmt":"2025-08-21T14:24:32","slug":"hong-gong-fu-the-rouge","status":"publish","type":"product","link":"https:\/\/www.lesfeuillesvertes.com\/site\/produit\/hong-gong-fu-the-rouge\/","title":{"rendered":"Hong Gong Fu"},"content":{"rendered":"","protected":false},"excerpt":{"rendered":"<h3><\/h3>\n<p>Ce th\u00e9 vous s\u00e9duira par ses ar\u00f4mes fleuris de rose ancienne. Excellente qualit\u00e9 de th\u00e9 rouge du Sichuan, qui contient des feuilles\u00a0torsad\u00e9es de taille moyenne. \u00c0 l\u2019infusion, elles lib\u00e8rent des ar\u00f4mes de chocolat raffin\u00e9, un peu \u00e9pic\u00e9s et longs en bouche.<br \/>\nC&rsquo;est un d\u00e9lice pour accompagner de bonnes p\u00e2tisseries.<\/p>\n<p><strong>Date de production :<\/strong> fin printemps 2021.<br \/>\n<strong>Producteur :<\/strong> professeur He.<br \/>\n<strong>Situation des jardins :<\/strong>\u00a0 Tianquan, Ya\u2019an, Sichuan, Chine.<br \/>\n<strong>Altitude des jardins :<\/strong> 800m.<br \/>\n<strong>Cultivar\u00a0:<\/strong> Fuxuan N\u00b0 9.<br \/>\n<strong>Infusions multiples :<\/strong> 90\u00b0C\/5-10g\/10-50cl.<br \/>\n<strong>Conditionnement :<\/strong> 50g<\/p>\n","protected":false},"featured_media":4270,"template":"","meta":{"_acf_changed":false},"product_brand":[],"product_cat":[52],"product_tag":[],"class_list":{"0":"post-2280","1":"product","2":"type-product","3":"status-publish","4":"has-post-thumbnail","6":"product_cat-the-de-chine","7":"product-entry","8":"loop-entry clr","10":"first","11":"instock","12":"shipping-taxable","13":"purchasable","14":"product-type-simple"},"acf":[],"_links":{"self":[{"href":"https:\/\/www.lesfeuillesvertes.com\/site\/wp-json\/wp\/v2\/product\/2280","targetHints":{"allow":["GET"]}}],"collection":[{"href":"https:\/\/www.lesfeuillesvertes.com\/site\/wp-json\/wp\/v2\/product"}],"about":[{"href":"https:\/\/www.lesfeuillesvertes.com\/site\/wp-json\/wp\/v2\/types\/product"}],"wp:featuredmedia":[{"embeddable":true,"href":"https:\/\/www.lesfeuillesvertes.com\/site\/wp-json\/wp\/v2\/media\/4270"}],"wp:attachment":[{"href":"https:\/\/www.lesfeuillesvertes.com\/site\/wp-json\/wp\/v2\/media?parent=2280"}],"wp:term":[{"taxonomy":"product_brand","embeddable":true,"href":"https:\/\/www.lesfeuillesvertes.com\/site\/wp-json\/wp\/v2\/product_brand?post=2280"},{"taxonomy":"product_cat","embeddable":true,"href":"https:\/\/www.lesfeuillesvertes.com\/site\/wp-json\/wp\/v2\/product_cat?post=2280"},{"taxonomy":"product_tag","embeddable":true,"href":"https:\/\/www.lesfeuillesvertes.com\/site\/wp-json\/wp\/v2\/product_tag?post=2280"}],"curies":[{"name":"wp","href":"https:\/\/api.w.org\/{rel}","templated":true}]}}