{"id":2282,"date":"2020-11-17T15:14:59","date_gmt":"2020-11-17T14:14:59","guid":{"rendered":"http:\/\/www.lesfeuillesvertes.com\/site\/?post_type=product&#038;p=2282"},"modified":"2025-08-21T15:21:26","modified_gmt":"2025-08-21T14:21:26","slug":"xi-ding-sheng-pu-the-sombre","status":"publish","type":"product","link":"https:\/\/www.lesfeuillesvertes.com\/site\/produit\/xi-ding-sheng-pu-the-sombre\/","title":{"rendered":"Xi Ding Sheng Pu"},"content":{"rendered":"","protected":false},"excerpt":{"rendered":"<p>Un Pu\u2019er cru (Sheng) provenant d\u2019un jardin Sheng Tai, ce qui signifie que les th\u00e9iers poussent dans un environnement naturel avec une belle diversit\u00e9 biologique.<br \/>\nFrais, mielleux, tirant vers le sucre de canne et facile \u00e0 boire, ces belles feuilles se bonifieront en vieillissant, alors qu\u2019elles perdront en fra\u00eecheur pour gagner de la profondeur et \u00e9voluer vers plus de bois\u00e9.<\/p>\n<p><strong>Date de production<\/strong> : printemps 2019<br \/>\n<strong>Producteur :<\/strong> Ke San.<br \/>\n<strong>Situation des jardins :<\/strong> Xiding, Menghai, Yunnan, Chine.<br \/>\n<strong>Altitude des jardins :<\/strong> 1500 m.<br \/>\n<strong>Cultivar\u00a0:<\/strong> Yunnan Daye.<br \/>\n<strong>Fa\u00e7on de cultiver :<\/strong> en \u00e9tat naturel.<br \/>\n<strong>\u00c2ge des th\u00e9iers :<\/strong> 50 ans.<br \/>\n<strong>Infusions multiples :<\/strong> 100\u00b0C\/5-10g\/10-50cl.<\/p>\n","protected":false},"featured_media":4269,"template":"","meta":{"_acf_changed":false},"product_brand":[],"product_cat":[52],"product_tag":[],"class_list":{"0":"post-2282","1":"product","2":"type-product","3":"status-publish","4":"has-post-thumbnail","6":"product_cat-the-de-chine","7":"product-entry","8":"loop-entry clr","10":"first","11":"instock","12":"shipping-taxable","13":"purchasable","14":"product-type-simple"},"acf":[],"_links":{"self":[{"href":"https:\/\/www.lesfeuillesvertes.com\/site\/wp-json\/wp\/v2\/product\/2282","targetHints":{"allow":["GET"]}}],"collection":[{"href":"https:\/\/www.lesfeuillesvertes.com\/site\/wp-json\/wp\/v2\/product"}],"about":[{"href":"https:\/\/www.lesfeuillesvertes.com\/site\/wp-json\/wp\/v2\/types\/product"}],"wp:featuredmedia":[{"embeddable":true,"href":"https:\/\/www.lesfeuillesvertes.com\/site\/wp-json\/wp\/v2\/media\/4269"}],"wp:attachment":[{"href":"https:\/\/www.lesfeuillesvertes.com\/site\/wp-json\/wp\/v2\/media?parent=2282"}],"wp:term":[{"taxonomy":"product_brand","embeddable":true,"href":"https:\/\/www.lesfeuillesvertes.com\/site\/wp-json\/wp\/v2\/product_brand?post=2282"},{"taxonomy":"product_cat","embeddable":true,"href":"https:\/\/www.lesfeuillesvertes.com\/site\/wp-json\/wp\/v2\/product_cat?post=2282"},{"taxonomy":"product_tag","embeddable":true,"href":"https:\/\/www.lesfeuillesvertes.com\/site\/wp-json\/wp\/v2\/product_tag?post=2282"}],"curies":[{"name":"wp","href":"https:\/\/api.w.org\/{rel}","templated":true}]}}