{"id":4277,"date":"2025-08-20T10:58:13","date_gmt":"2025-08-20T09:58:13","guid":{"rendered":"https:\/\/www.lesfeuillesvertes.com\/site\/?post_type=product&#038;p=4277"},"modified":"2025-08-21T15:20:02","modified_gmt":"2025-08-21T14:20:02","slug":"zheng-shan-xiao-zhong","status":"publish","type":"product","link":"https:\/\/www.lesfeuillesvertes.com\/site\/produit\/zheng-shan-xiao-zhong\/","title":{"rendered":"Zheng Shan Xiao Zhong"},"content":{"rendered":"","protected":false},"excerpt":{"rendered":"<p style=\"font-weight: 400;\">Ce th\u00e9 est produit dans l\u2019atelier du Ma\u00eetre Liang\u00a0, sa carri\u00e8re plus de 50 ans avec ses savoirs-faires il deviens le plus grand Ma\u00eetre de th\u00e9 rouge (black tea) en Chine. Ses jardins de th\u00e9 se trouvent autour du village de Tongmu \u00e0 la cha\u00eene de montagnes Wuyi, dont ce terroir est\u00a0class\u00e9 au patrimoine mondial de l\u2019UNESCO.<\/p>\n<p style=\"font-weight: 400;\">Compos\u00e9 uniquement des jeunes pousse du printemps, sont fl\u00e9tries, roul\u00e9es, oxyd\u00e9es\u2026 finies par un fumage traditionnel avec des rameaux du pin de ce terroir.<\/p>\n<p style=\"font-weight: 400;\"><strong>Date de production :<\/strong> printemps \u2013\u00a0automne 2022\/2024<br \/>\n<strong>Producteur :<\/strong> Ma\u00eetre Liang.<br \/>\n<strong>Situation des jardins :<\/strong>\u00a0\u00a0Tongmuguan, Wuyishan, Fujian, Chine.<br \/>\n<strong>Altitude des jardins :<\/strong> 1500\u00a0m \u2013 1800m.<br \/>\n<strong>Cultivar\u00a0:<\/strong> Vieillie vari\u00e9t\u00e9 de Qunti Zhong..<br \/>\n<strong>Infusions multiples :<\/strong> 95\u00b0C\/5-10g\/10-50cl.<\/p>\n","protected":false},"featured_media":4278,"template":"","meta":{"_acf_changed":false},"product_brand":[],"product_cat":[52],"product_tag":[],"class_list":{"0":"post-4277","1":"product","2":"type-product","3":"status-publish","4":"has-post-thumbnail","6":"product_cat-the-de-chine","7":"product-entry","8":"loop-entry clr","10":"first","11":"instock","12":"shipping-taxable","13":"purchasable","14":"product-type-simple"},"acf":[],"_links":{"self":[{"href":"https:\/\/www.lesfeuillesvertes.com\/site\/wp-json\/wp\/v2\/product\/4277","targetHints":{"allow":["GET"]}}],"collection":[{"href":"https:\/\/www.lesfeuillesvertes.com\/site\/wp-json\/wp\/v2\/product"}],"about":[{"href":"https:\/\/www.lesfeuillesvertes.com\/site\/wp-json\/wp\/v2\/types\/product"}],"wp:featuredmedia":[{"embeddable":true,"href":"https:\/\/www.lesfeuillesvertes.com\/site\/wp-json\/wp\/v2\/media\/4278"}],"wp:attachment":[{"href":"https:\/\/www.lesfeuillesvertes.com\/site\/wp-json\/wp\/v2\/media?parent=4277"}],"wp:term":[{"taxonomy":"product_brand","embeddable":true,"href":"https:\/\/www.lesfeuillesvertes.com\/site\/wp-json\/wp\/v2\/product_brand?post=4277"},{"taxonomy":"product_cat","embeddable":true,"href":"https:\/\/www.lesfeuillesvertes.com\/site\/wp-json\/wp\/v2\/product_cat?post=4277"},{"taxonomy":"product_tag","embeddable":true,"href":"https:\/\/www.lesfeuillesvertes.com\/site\/wp-json\/wp\/v2\/product_tag?post=4277"}],"curies":[{"name":"wp","href":"https:\/\/api.w.org\/{rel}","templated":true}]}}